{"id":3,"date":"2025-04-10T11:49:56","date_gmt":"2025-04-10T11:49:56","guid":{"rendered":"https:\/\/b417hp-c.myrdbx.io\/?page_id=3"},"modified":"2026-03-26T18:40:53","modified_gmt":"2026-03-26T17:40:53","slug":"datenschutzbestimmungen","status":"publish","type":"page","link":"https:\/\/dani020.supserv.cozmoslabs.com\/de\/privacy-policy\/","title":{"rendered":"Datenschutzbestimmungen"},"content":{"rendered":"<div data-elementor-type=\"wp-page\" data-elementor-id=\"3\" class=\"elementor elementor-3\">\n\t\t\t\t<div class=\"elementor-element elementor-element-57ca7f3a e-flex e-con-boxed e-con e-parent\" data-id=\"57ca7f3a\" data-element_type=\"container\" data-e-type=\"container\">\n\t\t\t\t\t<div class=\"e-con-inner\">\n\t\t\t\t<div class=\"elementor-element elementor-element-2e318cba elementor-widget elementor-widget-text-editor\" data-id=\"2e318cba\" data-element_type=\"widget\" data-e-type=\"widget\" data-widget_type=\"text-editor.default\">\n\t\t\t\t<div class=\"elementor-widget-container\">\n\t\t\t\t\t\t\t\t\t<p>Zweck dieser Informationen zur Datenverarbeitung ist es, die Besucher von tricise.com sowie die Mitarbeiter, die die von Tricise angebotenen Dienstleistungen nutzen, die Bewerber f\u00fcr Stellenausschreibungen, Expertenaufgaben und Marketingveranstaltungen (betroffene Personen) \u00fcber die Praxis der Kontrolle personenbezogener Daten, die damit verbundenen organisatorischen und technischen Ma\u00dfnahmen sowie die damit verbundenen Rechte der Besucher und die M\u00f6glichkeiten zur Durchsetzung dieser Rechte zu informieren.<\/p>\n\n<p>In Anbetracht der Tatsache, dass der Zweck der spezifischen Datenverarbeitungst\u00e4tigkeiten, die in diesem Informationsdokument definiert sind, und die Methode der Datenverarbeitung gemeinsam von den Verantwortlichen f\u00fcr die Datenverarbeitung (Tricise S.L) gem\u00e4\u00df der VERORDNUNG 2016\/679 DES EUROP\u00c4ISCHEN PARLAMENTS UND DES RATES (EU) festgelegt werden.<\/p>\n\n<h4>1. Unsere Unternehmen verwalten personenbezogene Daten unter Beachtung der folgenden Grunds\u00e4tze:<\/h4>\n<p>Die Verwaltung der betroffenen Personen ist ausschlie\u00dflich rechtm\u00e4\u00dfig, wenn mindestens eine der folgenden Bedingungen erf\u00fcllt ist<\/p>\n<ul>\n  <li>die betroffene Person hat ihre Zustimmung zur Verwaltung ihrer Daten f\u00fcr einen oder mehrere bestimmte Zwecke gegeben;<\/li>\n  <li>die Kontrolle der Daten f\u00fcr die Erf\u00fcllung eines Vertrags, bei dem die betroffene Person eine der Parteien ist, oder f\u00fcr die Durchf\u00fchrung bestimmter Schritte auf Antrag der betroffenen Person vor der Unterzeichnung des Vertrags erforderlich ist;<\/li>\n  <li>die Verwaltung der Daten f\u00fcr die Erf\u00fcllung einer rechtlichen Verpflichtung erforderlich ist, die sich auf den f\u00fcr die Datenverarbeitung Verantwortlichen bezieht;<\/li>\n  <li>die Verwaltung der Daten f\u00fcr die Wahrung lebenswichtiger Interessen der betroffenen Person oder einer anderen nat\u00fcrlichen Person erforderlich ist;<\/li>\n  <li>die Verarbeitung der Daten zur Wahrung der berechtigten Interessen des f\u00fcr die Verarbeitung Verantwortlichen oder eines Dritten erforderlich ist, es sei denn, diese Interessen oder wesentliche Rechte und Freiheiten der betroffenen Person haben Vorrang vor diesen Interessen, die den Schutz der personenbezogenen Daten erforderlich machen;<\/li>\n<\/ul>\n<p>Die Datenverarbeitung muss in jeder ihrer Phasen dem Zweck der Datenverarbeitung entsprechen. Die Erfassung, Speicherung und weitere Kontrolle der personenbezogenen Daten muss nach Treu und Glauben und auf rechtm\u00e4\u00dfige Weise erfolgen.<\/p>\n<p>Die Erfassung personenbezogener Daten darf nur f\u00fcr einen klar definierten Zweck erfolgen. Es d\u00fcrfen nur solche personenbezogenen Daten erfasst werden, die f\u00fcr die Erreichung des Zwecks der Datenverarbeitung unabdingbar und wesentlich sind. Diese personenbezogenen Daten d\u00fcrfen von den f\u00fcr die Datenverarbeitung Verantwortlichen nicht f\u00fcr andere unvereinbare Zwecke verarbeitet werden.<\/p>\n<p>Die personenbezogenen Daten k\u00f6nnen mit angemessener Sicherheit in dem Umfang und f\u00fcr den Zeitraum kontrolliert werden, die f\u00fcr die Erreichung des Zwecks erforderlich sind, und zwar so, dass Unbefugte keinen Zugang zu ihnen haben.<\/p>\n<p>Die Richtigkeit, die Vollst\u00e4ndigkeit und die Aktualit\u00e4t der personenbezogenen Daten m\u00fcssen bei der Datenverarbeitung gew\u00e4hrleistet sein, und die Identifizierung der betroffenen Person darf nur f\u00fcr den Zeitraum m\u00f6glich sein, der f\u00fcr den Zweck der Daten erforderlich ist.<\/p>\n\n<h4>2. Daten der f\u00fcr die Datenverarbeitung Verantwortlichen<\/h4>\n<p>Tricise S.L<\/p>\n<ul>\n  <li>Firmenname: TRICISE, S.L.<\/li>\n  <li>CIF: ESB40656654<\/li>\n  <li>Eingetragener Sitz: Musician Alb\u00e9niz, 8 - 46010 - Valencia, SPANIEN<\/li>\n  <li>Telefon: +34686486338<\/li>\n  <li>E-Mail: <a href=\"mailto:info@tricise.com\">info@tricise.com<\/a><\/li>\n<\/ul>\n\n<h4>3. Die Rechtsgrundlage der Datenverarbeitung<\/h4>\n<p>Auf der Grundlage von Abschnitt 6 a) der VERORDNUNG 2016\/679 DES EUROP\u00c4ISCHEN PARLAMENTS UND DES RATES (EU) gibt die betroffene Person ihre Einwilligung zur Verwaltung ihrer personenbezogenen Daten f\u00fcr einen oder mehrere spezifische Zwecke, die im Folgenden definiert sind. Die Verarbeitung der Daten kann auf der Grundlage der Abschnitte 6 b), c), d) und f) der VERORDNUNG (EU) 2016\/679 DES EUROP\u00c4ISCHEN PARLAMENTS UND DES RATES (EU) (\u201cGDPR\u201d) durchgef\u00fchrt werden.<\/p>\n\n<h4>4. Die von der Datenverarbeitung betroffenen Personen<\/h4>\n<p>Personen, die zur Begr\u00fcndung eines k\u00fcnftigen Besch\u00e4ftigungsverh\u00e4ltnisses oder eines anderen Vertragsverh\u00e4ltnisses kontaktiert werden und bei den f\u00fcr die Verarbeitung Verantwortlichen erscheinen - Teilnahme an einem Auswahlverfahren oder einer Marketingveranstaltung.<\/p>\n\n<h4>5. Der Zweck der Datenverarbeitung<\/h4>\n<p><strong>Erleichterung der Beauftragung von Experten und Durchf\u00fchrung des Auswahlverfahrens:<\/strong><\/p>\n<ul>\n  <li>Erleichterung des Einsatzes von Experten (k\u00fcnftige oder beauftragte Mitarbeiter oder Unterauftragnehmer, Vertragspartner)<\/li>\n  <li>zur Aufnahme und Aufrechterhaltung des Kontakts mit den beteiligten Parteien<\/li>\n  <li>f\u00fcr die Durchf\u00fchrung des Auswahlverfahrens,<\/li>\n  <li>zum Zweck der Begr\u00fcndung und Aufrechterhaltung eines vertraglichen Rechtsverh\u00e4ltnisses<\/li>\n  <li>f\u00fcr die Bildung und das Angebot von personalisierten Schulungsmodulen<\/li>\n<\/ul>\n<p>auf folgende Art und Weise<\/p>\n<ul>\n  <li>die betroffene Person sich f\u00fcr die Aufgaben, Projekte bewirbt, die auf der Website der Unternehmen oder auf anderen Werbeschnittstellen oder aufgrund einer internen Empfehlung angek\u00fcndigt werden oder<\/li>\n  <li>indem er seine personenbezogenen Daten \u00fcber seine eigene Website oder andere Websites oder \u00fcber Gemeinschaftsnetzwerke (z. B. Linkedin) einer dritten Person zur Verf\u00fcgung stellt.<\/li>\n<\/ul>\n<p>Im Falle einer Bewerbung, die sich auf die von der betroffenen Person angegebenen Daten bezieht, besteht der Zweck der Datenverarbeitung darin, den f\u00fcr die Datenverarbeitung Verantwortlichen zu erm\u00f6glichen, die betroffene Person an den gegebenen Zugangspunkten \u00fcber die Aufgaben- oder Projektm\u00f6glichkeiten zu informieren, die f\u00fcr die betroffene Person interessant sein k\u00f6nnten und die ihrer Ausbildung und beruflichen Laufbahn entsprechen, und die Rechtsgrundlage ist die Einwilligung der betroffenen Person, daher muss die sich bewerbende betroffene Person als Voraussetzung f\u00fcr die Bewerbung auf eine Stellen-, Aufgaben- oder Projektausschreibung ihre vorherige, freiwillige Einwilligung zur Verarbeitung ihrer personenbezogenen Daten geben.<\/p>\n<p><strong>Organisation von Marketingveranstaltungen:<\/strong><br>Organisation von Fach- und anderen Veranstaltungen f\u00fcr Partner, potenzielle Partner und Interessenten, Versendung von Mitteilungen im Zusammenhang mit diesen Veranstaltungen und Aufrechterhaltung des Kontakts mit ihnen.<\/p>\n\n<h4>6. Umfang der kontrollierten personenbezogenen Daten<\/h4>\n<p><strong>Erleichterung der Beauftragung von Experten und Durchf\u00fchrung des folgenden Auswahlverfahrens:<\/strong><\/p>\n<p>Daten, die von den f\u00fcr die Datenverarbeitung Verantwortlichen \u00fcber die betroffene Person angefordert werden, um die Person auszuw\u00e4hlen, die f\u00fcr die gegebene Position\/Aufgabe am besten geeignet ist:<\/p>\n<p>Name (Vor- und Nachname), Anschrift, Telefonnummer, E-Mail-Adresse, Name des derzeitigen Arbeitsplatzes, Zeitraum der Berufserfahrung, Liste der beruflichen F\u00e4higkeiten, falls der \u00fcbermittelte Lebenslauf hochgeladen wird, die im Lebenslauf angegebenen Daten, und im Falle der Registrierung \u00fcber Gemeinschaftsnetzwerke (z. B. Linkedin ID), Einstufung des Besch\u00e4ftigungssektors.<\/p>\n<p>Die Verantwortlichen f\u00fcr die Datenverarbeitung leiten im Interesse der k\u00fcnftigen Besch\u00e4ftigung der betroffenen Person die personenbezogenen Daten (Lebenslauf) als Teil ihrer Bewerbung auf der Grundlage der in der Bewerbung enthaltenen freiwilligen Einwilligung an die Partner, Initiatoren, die mit den Verantwortlichen f\u00fcr die Datenverarbeitung in einem vertraglichen Rechtsverh\u00e4ltnis stehen, als k\u00fcnftige Kunden weiter, nachdem sie die M\u00f6glichkeit gepr\u00fcft haben, die betroffene Person f\u00fcr die vom Kunden angegebenen Positionen\/Aufgaben zu besch\u00e4ftigen, und sofern die betroffene Person nach ihrem Urteil aufgrund der Erwartungen des Kunden f\u00fcr die \u00dcbernahme der Position\/Ausf\u00fchrung der Aufgaben in Frage kommt.<\/p>\n<p><strong>Organisation von Marketingveranstaltungen:<\/strong><br>Von der betroffenen Person angegebene Daten:<\/p>\n<p>Name (Vor- und Nachname), Name des Arbeitgebers, Position, Adresse, Telefonnummer, E-Mail-Adresse, bei Registrierung \u00fcber ein Gemeinschaftsnetzwerk die zugeh\u00f6rigen Identifikatoren (z. B. Linkedin-ID).<\/p>\n\n<h4>6a. Verarbeitung von Standortdaten<\/h4>\n<p>Um regionalspezifische Inhalte, sprachliche Anpassungen und relevante Kursangebote bereitzustellen, verarbeitet Tricise S.L. ungef\u00e4hre Standortdaten auf der Grundlage der IP-Adresse des Website-Besuchers. Diese Verarbeitung beschr\u00e4nkt sich auf die Lokalisierung auf L\u00e4nder- oder Regionsebene und beinhaltet keine genaue Standortverfolgung (z. B. GPS).<\/p>\n<p>F\u00fcr die standortbezogene Datenverarbeitung gilt Folgendes:<\/p>\n<ul>\n  <li><strong>Art der Daten:<\/strong> Ungef\u00e4hrer geografischer Standort, abgeleitet von der IP-Adresse (Land\/Regionsebene)<\/li>\n  <li><strong>Zweck:<\/strong> Anpassung von Sprache, Inhalt und Kursangebot der Website an die Region des Besuchers<\/li>\n  <li><strong>Rechtsgrundlage:<\/strong> Art. 6 (1) lit. f GDPR - berechtigtes Interesse der verantwortlichen Stelle an der Bereitstellung regional relevanter Inhalte<\/li>\n  <li><strong>Beibehaltung:<\/strong> IP-basierte Standortdaten werden nicht \u00fcber die aktive Sitzung hinaus gespeichert, es sei denn, sie werden als Teil eines Analyse-Cookies erfasst (siehe Abschnitt 13).<\/li>\n  <li><strong>Dritte Parteien:<\/strong> Standortdaten k\u00f6nnen von Drittanbietern wie Cloudflare (Infrastruktur) und Google Analytics (Analytik) verarbeitet werden, wie in Abschnitt 13 beschrieben.<\/li>\n<\/ul>\n<p>Besucher k\u00f6nnen die standortbezogene Personalisierung von Inhalten deaktivieren, indem sie ein VPN verwenden oder ihre Browser- oder Cookie-Einstellungen wie in Abschnitt 13 beschrieben anpassen.<\/p>\n\n<h4>7. Weiterleitung von Daten<\/h4>\n<p>Die Verantwortlichen f\u00fcr die Datenverarbeitung geben die verarbeiteten personenbezogenen Daten an die Kunden\/Vertragspartner weiter, die als Verantwortliche f\u00fcr die Datenverarbeitung eingestuft sind, mit denen sie in einem vertraglichen Rechtsverh\u00e4ltnis stehen oder die zusammen mit ihnen als gemeinsame Verantwortliche f\u00fcr die Datenverarbeitung eingestuft sind, sowie an die Mitglieder der Unternehmensgruppe des Verantwortlichen f\u00fcr die Datenverarbeitung (Tricise S.L.).<\/p>\n\n<h4>8. Dauer der Datenverarbeitung<\/h4>\n<p>In Ermangelung anderer gesetzlicher Verpflichtungen bewahren die Datenverarbeiter die personenbezogenen Daten f\u00fcr drei (3) Jahre auf und verarbeiten sie. Dieser Zeitraum kann ausschlie\u00dflich mit Zustimmung der betroffenen Person verl\u00e4ngert werden. Der Zweck der Aufbewahrung der Daten besteht darin, den f\u00fcr die Verarbeitung Verantwortlichen zu erm\u00f6glichen, die betroffene Person auch in Zukunft im Interesse der betroffenen Person \u00fcber Besch\u00e4ftigungsm\u00f6glichkeiten, Expertenaufgaben, Projekte und Marketingveranstaltungen zu informieren, die ihren Erfahrungen und ihrer Ausbildung entsprechen.<\/p>\n<p>Die betroffene Person haftet f\u00fcr die Richtigkeit der angegebenen Daten. Die betroffene Person kann von den f\u00fcr die Verarbeitung Verantwortlichen jederzeit die Berichtigung ihrer personenbezogenen Daten verlangen, wenn diese ge\u00e4ndert wurden. Die f\u00fcr die Datenverarbeitung Verantwortlichen berichtigen die unwahren Daten auf Antrag des Empf\u00e4ngers und l\u00f6schen die falschen Daten. Der Antrag auf Berichtigung muss bei einer der oben genannten Zugangsstellen der f\u00fcr die Verarbeitung Verantwortlichen eingereicht werden.<\/p>\n\n<h4>9. Rechte der betroffenen Personen<\/h4>\n<p>Die betroffene Person kann verlangen, \u00fcber die Verarbeitung ihrer personenbezogenen Daten informiert zu werden, sie kann die Berichtigung, Sperrung oder L\u00f6schung ihrer personenbezogenen Daten bei den nachstehend genannten Zugangsstellen der f\u00fcr die Verarbeitung Verantwortlichen beantragen.<\/p>\n<p>Auf Anfrage der betroffenen Person erteilt der f\u00fcr die Verarbeitung Verantwortliche Auskunft \u00fcber die von ihm verarbeiteten Daten, ihre Herkunft, den Zweck der Datenverarbeitung, ihre Rechtsgrundlage, ihre Dauer und die Umst\u00e4nde etwaiger Datenschutzvorf\u00e4lle sowie deren Auswirkungen und die zur Verhinderung des Vorfalls ergriffenen Ma\u00dfnahmen, ferner - im Falle der Weitergabe personenbezogener Daten der betroffenen Person - die Rechtsgrundlage der Datenweitergabe und deren Empf\u00e4nger.<\/p>\n<p>Die Verantwortlichen f\u00fcr die Datenverarbeitung - falls sie einen Datenschutzbeauftragten haben, durch den Datenschutzbeauftragten - f\u00fchren zum Zweck der \u00dcberpr\u00fcfung der Ma\u00dfnahmen, die mit Datenschutzvorf\u00e4llen verbunden sind, und zur Information der betroffenen Person ein Register, das den Umfang der personenbezogenen Daten der betroffenen Person, den Bereich und die Anzahl derjenigen, die in den Datenschutzvorfall verwickelt sind, den Zeitpunkt des Datenschutzvorfalls, seine Umst\u00e4nde, seine Auswirkungen und die Ma\u00dfnahmen, die zur Verhinderung des Vorfalls eingeleitet wurden, sowie die anderen Daten, die in der Gesetzgebung, die die Verarbeitung der Daten vorschreibt, festgelegt sind, enthalten muss. Die f\u00fcr die Verarbeitung Verantwortlichen m\u00fcssen jeden Datenschutzvorfall, der die von ihnen kontrollierten personenbezogenen Daten betrifft, innerhalb von 72 Stunden nach Bekanntwerden an die zust\u00e4ndige Datenschutzbeh\u00f6rde melden.<\/p>\n<p>Die f\u00fcr die Verarbeitung Verantwortlichen reagieren auf Anfragen zur Erteilung von Ausk\u00fcnften \u00fcber die Daten ohne ungerechtfertigte Verz\u00f6gerung nach deren Erhalt, in jedem Fall aber sp\u00e4testens innerhalb von 25 Tagen.<\/p>\n<p>Wenn die betroffene Person Bedenken hinsichtlich der Kontrolle ihrer Daten hat, sollte sie sich zun\u00e4chst an die f\u00fcr die Verarbeitung Verantwortlichen (<a href=\"mailto:info@tricise.com\">info@tricise.com<\/a>), um sein Anliegen so schnell wie m\u00f6glich zu kl\u00e4ren. Sollte dies nicht erfolgreich sein, kann er die spanische Datenschutzbeh\u00f6rde (AEPD, Agencia Espa\u00f1ola de Protecci\u00f3n de Datos, C\/ Jorge Juan, 6 28001-Madrid, Kontakt) bitten, den Fall zu untersuchen, und er kann sich auch wegen unrechtm\u00e4\u00dfiger Datenverarbeitung an das Gericht wenden. Die detaillierten gesetzlichen Bestimmungen hierzu und die Pflichten des f\u00fcr die Datenverarbeitung Verantwortlichen sind in der VERORDNUNG (EU) 2016\/679 DES EUROP\u00c4ISCHEN PARLAMENTS UND DES RATES (EU) sowie im Gesetz CXII aus dem Jahr 2011 \u00fcber die informationelle Selbstbestimmung und die Informationsfreiheit als erg\u00e4nzende Rechtsvorschriften enthalten.<\/p>\n\n<h4>10. Minderj\u00e4hrige Menschen<\/h4>\n<p>Die f\u00fcr die Verarbeitung Verantwortlichen empfehlen die Nutzung der Dienste f\u00fcr Minderj\u00e4hrige unter achtzehn (18) Jahren nicht und erfassen bewusst keine Informationen \u00fcber Personen dieser Art.<\/p>\n\n<h4>11. Datensicherheit<\/h4>\n<p>Die f\u00fcr die Datenverarbeitung Verantwortlichen wenden geeignete Datenschutz- und technische Ma\u00dfnahmen an, um die personenbezogenen Daten der betroffenen Person vor zuf\u00e4lligem Datenverlust und unbefugtem Zugriff, unbefugter Nutzung, Ver\u00e4nderung und\/oder Ver\u00f6ffentlichung zu sch\u00fctzen und die geltenden Datenschutzvorschriften zu erf\u00fcllen.<\/p>\n\n<h4>12. L\u00f6schung der personenbezogenen Daten<\/h4>\n<p>Die betroffene Person kann jederzeit die L\u00f6schung ihrer von den f\u00fcr die Verarbeitung Verantwortlichen kontrollierten personenbezogenen Daten veranlassen. Der Antrag auf L\u00f6schung muss in einer E-Mail an die folgende Adresse geschickt werden <a href=\"mailto:info@tricise.com\">info@tricise.com<\/a>. Die f\u00fcr die Verarbeitung Verantwortlichen l\u00f6schen die Daten, deren L\u00f6schung beantragt wurde, innerhalb von 5 Arbeitstagen nach Eingang des L\u00f6schungsantrags. (Im Falle der L\u00f6schung k\u00f6nnen die angezeigten Daten nicht wiederhergestellt werden).<\/p>\n\n<h4>13. Cookies<\/h4>\n<p><strong>Was sind Cookies?<\/strong><br>\nDiese Cookie-Richtlinie erkl\u00e4rt, was Cookies sind und wie wir sie verwenden, welche Arten von Cookies wir verwenden, welche Informationen wir mit Hilfe von Cookies sammeln und wie diese Informationen verwendet werden, und wie Sie die Cookie-Einstellungen verwalten k\u00f6nnen. Cookies sind kleine Textdateien, die dazu dienen, kleine Informationen zu speichern. Sie werden auf Ihrem Ger\u00e4t gespeichert, wenn die Website \u00fcber Ihren Browser geladen wird. Diese Cookies helfen uns, die Website ordnungsgem\u00e4\u00df funktionieren zu lassen, sie sicherer zu machen, die Benutzerfreundlichkeit zu verbessern und zu verstehen, wie die Website funktioniert, um zu analysieren, was funktioniert und wo sie verbessert werden muss.<\/p>\n\n<p><strong>Wie verwenden wir Cookies?<\/strong><br>\nWie die meisten Online-Dienste verwendet auch unsere Website Erstanbieter- und Drittanbieter-Cookies f\u00fcr verschiedene Zwecke. Cookies von Erstanbietern sind meist notwendig, damit die Website richtig funktioniert, und sie sammeln keine personenbezogenen Daten. Die Cookies von Drittanbietern, die auf unserer Website verwendet werden, dienen haupts\u00e4chlich dazu, zu verstehen, wie die Website funktioniert, wie Sie mit unserer Website interagieren, unsere Dienste sicher zu halten, Ihnen f\u00fcr Sie relevante Werbung zu liefern und Ihnen insgesamt eine bessere und verbesserte Benutzererfahrung zu bieten und Ihre zuk\u00fcnftigen Interaktionen mit unserer Website zu beschleunigen.<\/p>\n\n<p><strong>Arten von Cookies<\/strong><br>Wir verwenden<\/p>\n<div class=\"cky-audit-table-element\"><\/div>\n\n<p><strong>Cookie-Einstellungen verwalten<\/strong><br>\n<a class=\"cky-banner-element\">Cookie-Einstellungen<\/a><br>\nSie k\u00f6nnen Ihre Cookie-Einstellungen jederzeit \u00e4ndern, indem Sie auf die obige Schaltfl\u00e4che klicken. Dadurch k\u00f6nnen Sie das Cookie-Einwilligungsbanner erneut aufrufen und Ihre Einstellungen \u00e4ndern oder Ihre Einwilligung sofort widerrufen.<\/p>\n<p>Dar\u00fcber hinaus bieten die verschiedenen Browser unterschiedliche Methoden zum Blockieren und L\u00f6schen von Cookies, die von Websites verwendet werden. Sie k\u00f6nnen die Einstellungen Ihres Browsers \u00e4ndern, um die Cookies zu blockieren\/l\u00f6schen. Nachfolgend finden Sie Links zu den Support-Dokumenten der wichtigsten Webbrowser, in denen beschrieben wird, wie Sie Cookies verwalten und l\u00f6schen k\u00f6nnen.<\/p>\n<ul>\n  <li>Chrom: <a href=\"https:\/\/support.google.com\/accounts\/answer\/32050\" target=\"_blank\" rel=\"noopener\">https:\/\/support.google.com\/accounts\/answer\/32050<\/a><\/li>\n  <li>Safari: <a href=\"https:\/\/support.apple.com\/en-in\/guide\/safari\/sfri11471\/mac\" target=\"_blank\" rel=\"noopener\">https:\/\/support.apple.com\/en-in\/guide\/safari\/sfri11471\/mac<\/a><\/li>\n  <li>Firefox: <a href=\"https:\/\/support.mozilla.org\/en-US\/kb\/clear-cookies-and-site-data-firefox?redirectslug=delete-cookies-remove-info-websites-stored&#038;redirectlocale=en-US\" target=\"_blank\" rel=\"noopener\">https:\/\/support.mozilla.org\/en-US\/kb\/clear-cookies-and-site-data-firefox<\/a><\/li>\n  <li>Internet Explorer: <a href=\"https:\/\/support.microsoft.com\/en-us\/topic\/how-to-delete-cookie-files-in-internet-explorer-bca9446f-d873-78de-77ba-d42645fa52fc\" target=\"_blank\" rel=\"noopener\">https:\/\/support.microsoft.com\/en-us\/topic\/how-to-delete-cookie-files-in-internet-explorer<\/a><\/li>\n<\/ul>\n<p>Wenn Sie einen anderen Webbrowser verwenden, lesen Sie bitte die offiziellen Support-Dokumente Ihres Browsers.<\/p>\n<em>Cookie-Richtlinie Erzeugt von <a href=\"https:\/\/www.cookieyes.com\/?utm_source=CP&#038;utm_medium=footer&#038;utm_campaign=UW\" target=\"_blank\" rel=\"noopener\">CookieYes - Cookie-Richtlinien-Generator<\/a>.<\/em>\n\n<h4>14. M\u00f6glichkeiten zur \u00c4nderung dieses Informationsdokuments zur Datenverarbeitung<\/h4>\n<p>Die Verantwortlichen f\u00fcr die Datenverarbeitung behalten sich das Recht vor, dieses Informationsdokument f\u00fcr die Datenverarbeitung zu \u00e4ndern, indem sie die Nutzer der Website im Voraus dar\u00fcber informieren. Der Nutzer der Website akzeptiert durch die Nutzung des Dienstes nach dem Datum des Inkrafttretens der \u00c4nderung die ge\u00e4nderten Datenverarbeitungsregeln.<\/p>\n\n<h4>15. Kontaktangaben<\/h4>\n<p>Wenn die betroffenen Personen oder Nutzer Fragen oder Bedenken bez\u00fcglich dieses Datenschutzinformationsdokuments haben, sollten sie sich an die f\u00fcr die Datenverarbeitung Verantwortlichen unter der Adresse <a href=\"mailto:info@tricise.com\">info@tricise.com<\/a> E-Mail Adresse.<\/p>\t\t\t\t\t\t\t\t<\/div>\n\t\t\t\t<\/div>\n\t\t\t\t\t<\/div>\n\t\t\t\t<\/div>\n\t\t\t\t<\/div>","protected":false},"excerpt":{"rendered":"<p>The purpose of this Data Processing Information is to inform the visitors of tricise.com, as well as the employees that [&hellip;]<\/p>\n","protected":false},"author":1,"featured_media":0,"parent":0,"menu_order":0,"comment_status":"closed","ping_status":"open","template":"","meta":{"_acf_changed":false,"site-sidebar-layout":"default","site-content-layout":"","ast-site-content-layout":"default","site-content-style":"default","site-sidebar-style":"default","ast-global-header-display":"","ast-banner-title-visibility":"","ast-main-header-display":"","ast-hfb-above-header-display":"","ast-hfb-below-header-display":"","ast-hfb-mobile-header-display":"","site-post-title":"","ast-breadcrumbs-content":"","ast-featured-img":"","footer-sml-layout":"","ast-disable-related-posts":"","theme-transparent-header-meta":"","adv-header-id-meta":"","stick-header-meta":"","header-above-stick-meta":"","header-main-stick-meta":"","header-below-stick-meta":"","astra-migrate-meta-layouts":"default","ast-page-background-enabled":"default","ast-page-background-meta":{"desktop":{"background-color":"var(--ast-global-color-4)","background-image":"","background-repeat":"repeat","background-position":"center center","background-size":"auto","background-attachment":"scroll","background-type":"","background-media":"","overlay-type":"","overlay-color":"","overlay-opacity":"","overlay-gradient":""},"tablet":{"background-color":"","background-image":"","background-repeat":"repeat","background-position":"center center","background-size":"auto","background-attachment":"scroll","background-type":"","background-media":"","overlay-type":"","overlay-color":"","overlay-opacity":"","overlay-gradient":""},"mobile":{"background-color":"","background-image":"","background-repeat":"repeat","background-position":"center center","background-size":"auto","background-attachment":"scroll","background-type":"","background-media":"","overlay-type":"","overlay-color":"","overlay-opacity":"","overlay-gradient":""}},"ast-content-background-meta":{"desktop":{"background-color":"var(--ast-global-color-5)","background-image":"","background-repeat":"repeat","background-position":"center center","background-size":"auto","background-attachment":"scroll","background-type":"","background-media":"","overlay-type":"","overlay-color":"","overlay-opacity":"","overlay-gradient":""},"tablet":{"background-color":"var(--ast-global-color-5)","background-image":"","background-repeat":"repeat","background-position":"center center","background-size":"auto","background-attachment":"scroll","background-type":"","background-media":"","overlay-type":"","overlay-color":"","overlay-opacity":"","overlay-gradient":""},"mobile":{"background-color":"var(--ast-global-color-5)","background-image":"","background-repeat":"repeat","background-position":"center center","background-size":"auto","background-attachment":"scroll","background-type":"","background-media":"","overlay-type":"","overlay-color":"","overlay-opacity":"","overlay-gradient":""}},"footnotes":""},"class_list":["post-3","page","type-page","status-publish","hentry"],"acf":[],"_links":{"self":[{"href":"https:\/\/dani020.supserv.cozmoslabs.com\/de\/wp-json\/wp\/v2\/pages\/3","targetHints":{"allow":["GET"]}}],"collection":[{"href":"https:\/\/dani020.supserv.cozmoslabs.com\/de\/wp-json\/wp\/v2\/pages"}],"about":[{"href":"https:\/\/dani020.supserv.cozmoslabs.com\/de\/wp-json\/wp\/v2\/types\/page"}],"author":[{"embeddable":true,"href":"https:\/\/dani020.supserv.cozmoslabs.com\/de\/wp-json\/wp\/v2\/users\/1"}],"replies":[{"embeddable":true,"href":"https:\/\/dani020.supserv.cozmoslabs.com\/de\/wp-json\/wp\/v2\/comments?post=3"}],"version-history":[{"count":13,"href":"https:\/\/dani020.supserv.cozmoslabs.com\/de\/wp-json\/wp\/v2\/pages\/3\/revisions"}],"predecessor-version":[{"id":13855,"href":"https:\/\/dani020.supserv.cozmoslabs.com\/de\/wp-json\/wp\/v2\/pages\/3\/revisions\/13855"}],"wp:attachment":[{"href":"https:\/\/dani020.supserv.cozmoslabs.com\/de\/wp-json\/wp\/v2\/media?parent=3"}],"curies":[{"name":"wp","href":"https:\/\/api.w.org\/{rel}","templated":true}]}}