{"id":10374,"date":"2025-09-22T14:53:08","date_gmt":"2025-09-22T12:53:08","guid":{"rendered":"https:\/\/b417hp-c.myrdbx.io\/?post_type=product&#038;p=10374"},"modified":"2026-03-30T13:28:08","modified_gmt":"2026-03-30T11:28:08","slug":"tricise-university-automic-training-team-flatrate","status":"publish","type":"product","link":"https:\/\/dani020.supserv.cozmoslabs.com\/de\/shop\/tricise-university-automic-training-team-flatrate\/","title":{"rendered":"Automic Training Tier 1: Team Flat Rate <br>(max. 5 Benutzer)"},"content":{"rendered":"<section id=\"tier-1\" aria-labelledby=\"tier-1-title\">\n<h3 id=\"tier-1-title\"><strong>Automic Training Tier 1: Team Flat Rate (max. 5 Users)<\/strong><\/h3>\n<p class=\"translation-block\">Die <strong>Team Flat Rate<\/strong> gilt ausschlie\u00dflich f\u00fcr die <strong>Automic-Trainingsprogramme<\/strong>, die an der <a href=\"https:\/\/university.tricise.com\" target=\"_blank\" rel=\"noopener\"><strong>Tricise University<\/strong><\/a> angeboten werden. Sie bietet kleinen Gruppen <strong>unbegrenzten Zugang<\/strong> zum vollst\u00e4ndigen Lernportfolio f\u00fcr eine feste Dauer von <strong>12 Monaten<\/strong>. Entwickelt, um kollaboratives Lernen und planbare Budgets zu unterst\u00fctzen, erm\u00f6glicht dieses Abonnement Teams den Zugang zu allen <a href=\"http:\/\/automic.tricise.com\" target=\"_blank\" rel=\"noopener\"><strong>Automic Automation<\/strong><\/a>-Kursen \u2014 einschlie\u00dflich Selfstudy, Live-Schulungen und spezialisierten Modulen \u2014 ohne individuelle Genehmigungen oder Buchungsbeschr\u00e4nkungen.<\/p>\n<h4>St\u00e4rken Sie Ihr Team mit unbegrenztem Lernen<\/h4>\n<p class=\"translation-block\">Die <strong>Team Flat Rate Automic Training<\/strong> erm\u00f6glicht bis zu f\u00fcnf Benutzern gleichzeitig zu lernen und unterst\u00fctzt kleine Abteilungen, Projektgruppen und Start-ups, die ihre Automatisierungskompetenzen standardisieren m\u00f6chten. Jedes Mitglied profitiert von strukturierten Lehrpl\u00e4nen, angeleiteten \u00dcbungen und Experten-Schulungen \u2014 und sorgt so f\u00fcr ein gemeinsames Verst\u00e4ndnis und eine konsistente Leistungsf\u00e4higkeit im gesamten Team. Der Plan f\u00f6rdert die Zusammenarbeit, hilft Teams schneller zu lernen, Prozesse abzustimmen und Automic-Best-Practices in realen Szenarien anzuwenden.<\/p>\n<h4>Warum die Team-Flatrate?<\/h4>\n<p class=\"translation-block\">Diese Stufe ist der ideale Einstiegspunkt f\u00fcr Organisationen, die <strong>Automic-Wissen institutionalisieren<\/strong> m\u00f6chten. Anstatt Kurse einzeln zu bezahlen, erhalten Sie volle Lernfreiheit \u2014 jederzeit und \u00fcberall \u2014 mit allen aktuellen und zuk\u00fcnftigen Modulen inklusive. Das <a href=\"https:\/\/dani020.supserv.cozmoslabs.com\/de\/university\/region-en\/#anchor-flat\" target=\"_blank\" rel=\"noopener\"><strong>Flatrate-Preismodell<\/strong><\/a> beseitigt Genehmigungsengp\u00e4sse und erm\u00f6glicht proaktive, kontinuierliche Schulung. Schon nach nur wenigen Kursen pro Person amortisiert sich die Investition durch Produktivit\u00e4tssteigerungen und geringeren Verwaltungsaufwand.<\/p>\n<h4>Umfassende Lernoptionen<\/h4>\n<ul>\n<li class=\"translation-block\"><strong>Selfstudy-Schulungen<\/strong> \u2013 On-Demand-eLearning-Einheiten mit Quiz, Labs und praxisnahen Beispielen f\u00fcr flexibles Lernen.<\/li>\n<li class=\"translation-block\"><strong>Trainergef\u00fchrte Schulungen<\/strong> \u2013 Interaktive Einheiten mit zertifizierten <a href=\"https:\/\/dani020.supserv.cozmoslabs.com\/de\/\" target=\"_blank\" rel=\"noopener\"><strong>Tricise-Trainern<\/strong><\/a> f\u00fcr angeleitetes \u00dcben und vertiefte Diskussionen.<\/li>\n<li class=\"translation-block\"><strong>Experten-Module<\/strong> \u2013 Spezialisierte Themen wie Scripting, KI-Funktionalit\u00e4t und Workflow-Optimierung, die kontinuierlich aktualisiert werden, um neue <a href=\"https:\/\/www.broadcom.com\" target=\"_blank\" rel=\"noopener\"><strong>Broadcom<\/strong><\/a>-Releases abzubilden.<\/li>\n<\/ul>\n<h4>Wesentliche Vorteile der Team Flat Rate<\/h4>\n<ul>\n<li class=\"translation-block\"><strong>Planbare Kosten :<\/strong> Fester Jahrespreis f\u00fcr bis zu f\u00fcnf Benutzer \u2014 keine versteckten Geb\u00fchren oder Genehmigungsverz\u00f6gerungen.<\/li>\n<li class=\"translation-block\"><strong>Gemeinsames Wissenswachstum :<\/strong> Gleicher Zugang stellt sicher, dass es innerhalb des Teams keine Kompetenzl\u00fccken gibt.<\/li>\n<li class=\"translation-block\"><strong>Signifikanter ROI :<\/strong> Sparen Sie bis zu 65 % im Vergleich zu individuellen Kursbuchungen und steigern Sie gleichzeitig die Teamleistung.<\/li>\n<li class=\"translation-block\"><strong>Unbegrenzter Zugang :<\/strong> Alle Automic-Module, Selfstudy-Inhalte und Live-Schulungen sind f\u00fcr den gesamten Zeitraum von 12 Monaten enthalten.<\/li>\n<li class=\"translation-block\"><strong>Zertifizierungsm\u00f6glichkeiten :<\/strong> Teammitglieder k\u00f6nnen Tricise-University-Zertifikate erwerben, die branchenweit anerkannt sind.<\/li>\n<\/ul>\n<h4>Entwickelt f\u00fcr dynamische Teams<\/h4>\n<p class=\"translation-block\">Die <strong>Team Flat Rate<\/strong> wurde f\u00fcr schnell agierende Teams entwickelt, die an <a href=\"http:\/\/automic.tricise.com\" target=\"_blank\" rel=\"noopener\"><strong>Automic-Automation<\/strong><\/a>-Projekten arbeiten \u2013 sei es On-Premises oder in der <a href=\"https:\/\/www.broadcom.com\" target=\"_blank\" rel=\"noopener\"><strong>Broadcom Automic SaaS<\/strong><\/a>-Umgebung. Sie stellt kontinuierliches Lernen sicher und passt sich an ver\u00e4nderte Teamzusammensetzungen an, indem eine einfache Neuzuweisung von Lizenzen erm\u00f6glicht wird, wenn Mitarbeiter ihre Rollen oder Projekte wechseln.<\/p>\n<h4>Sprach- und Bereitstellungsflexibilit\u00e4t<\/h4>\n<p class=\"translation-block\">Die Schulungen sind sowohl in <strong>Englisch als auch in Deutsch<\/strong> verf\u00fcgbar und k\u00f6nnen entweder als <strong>Online-eLearning<\/strong> oder in <strong>virtuellen Klassenzimmern<\/strong> absolviert werden. Diese Flexibilit\u00e4t erm\u00f6glicht es Ihrer Organisation, die Vorteile des selbstgesteuerten Lernens mit Echtzeit-Interaktion und Zusammenarbeit zu kombinieren.<\/p>\n<h4>Wie Sie abonnieren und mit dem Lernen beginnen<\/h4>\n<p class=\"translation-block\"><p>Die Anmeldung ist schnell und unkompliziert. Besuchen Sie die offizielle <a href=\"https:\/\/dani020.supserv.cozmoslabs.com\/de\/shop\/tricise-university-automic-training-team-flatrate\/\" target=\"_blank\" rel=\"noopener\"><strong>Tricise University Store-Seite<\/strong><\/a>, w\u00e4hlen Sie das <strong>Team Flat Rate<\/strong>-Paket und schlie\u00dfen Sie die Zahlung ab. Sobald die <strong>Zahlung best\u00e4tigt<\/strong> ist, wird das Abonnement automatisch in unserem System registriert. Jedes Teammitglied kann anschlie\u00dfend mit seiner <strong>E-Mail-Adresse<\/strong> ein Konto im <a href=\"https:\/\/university.tricise.com\" target=\"_blank\" rel=\"noopener\"><strong>University-Portal<\/strong><\/a> erstellen \u2013 ganz ohne weitere Zahlungsschritte. So erh\u00e4lt Ihr Team sofortigen und reibungslosen Zugriff auf s\u00e4mtliche Trainingsinhalte.<\/p><\/p>\n<h4>Skalierbares Lernen f\u00fcr wachsende Organisationen<\/h4>\n<p class=\"translation-block\">Die Team Flat Rate bildet die Grundlage f\u00fcr die Skalierung Ihrer Trainingsstrategie.  \nWenn Ihre Organisation w\u00e4chst, k\u00f6nnen Sie problemlos auf die  \n<a href=\"https:\/\/dani020.supserv.cozmoslabs.com\/de\/university\/region-en\/#anchor-flat\" target=\"_blank\" rel=\"noopener\"><strong>Department (Tier 2)<\/strong><\/a>  \noder <a href=\"https:\/\/dani020.supserv.cozmoslabs.com\/de\/university\/region-en\/#anchor-flat\" target=\"_blank\" rel=\"noopener\"><strong>Division (Tier 3)<\/strong><\/a>-Pakete upgraden, um gr\u00f6\u00dferen Teams dieselben unbegrenzten Lernvorteile zu bieten \u2013 zu noch niedrigeren Kosten pro Nutzer.<\/p>\n<h4>Zusammenfassung: Lernen ohne Limits<\/h4>\n<p class=\"translation-block\">Mit dem <strong>Team Flat Rate Automic Training<\/strong> erzielen kleine Teams ein konsistentes Wissenswachstum, weniger administrativen Aufwand und messbare Effizienzgewinne. Das Ergebnis ist eine st\u00e4rkere, agilere Belegschaft, die stets mit den neuesten <a href=\"https:\/\/www.broadcom.com\" target=\"_blank\" rel=\"noopener\"><strong>Broadcom Automic<\/strong><\/a>-Innovationen und Best Practices im Einklang bleibt.<\/p>\n<p style=\"margin-top: 1em;\"><a href=\"https:\/\/university.tricise.com\" target=\"_blank\" rel=\"noopener\"><strong>Erfahren Sie mehr und starten Sie bei der Tricise University \u2192<\/strong><\/a><\/p>\n<\/section>","protected":false},"excerpt":{"rendered":"<p class=\"translation-block\">Unterst\u00fctzen Sie kleine Teams mit dem <strong>Team Flat Rate Paket<\/strong>. Genie\u00dfen Sie 12 Monate lang unbegrenzten Zugriff auf das Automic-Selbststudium, von Experten geleitete Sitzungen und alle Schulungsmodule. Es wurde f\u00fcr Pilotgruppen und Start-ups entwickelt und sorgt f\u00fcr konsistente F\u00e4higkeiten, eine schnellere Einarbeitung und vollst\u00e4ndig vorhersehbare Schulungskosten.<\/p>","protected":false},"featured_media":0,"comment_status":"closed","ping_status":"closed","template":"","meta":{"_acf_changed":false,"site-sidebar-layout":"default","site-content-layout":"","ast-site-content-layout":"default","site-content-style":"default","site-sidebar-style":"default","ast-global-header-display":"","ast-banner-title-visibility":"","ast-main-header-display":"","ast-hfb-above-header-display":"","ast-hfb-below-header-display":"","ast-hfb-mobile-header-display":"","site-post-title":"","ast-breadcrumbs-content":"","ast-featured-img":"","footer-sml-layout":"","ast-disable-related-posts":"","theme-transparent-header-meta":"default","adv-header-id-meta":"","stick-header-meta":"default","header-above-stick-meta":"","header-main-stick-meta":"","header-below-stick-meta":"","astra-migrate-meta-layouts":"set","ast-page-background-enabled":"default","ast-page-background-meta":{"desktop":{"background-color":"var(--ast-global-color-4)","background-image":"","background-repeat":"repeat","background-position":"center center","background-size":"auto","background-attachment":"scroll","background-type":"","background-media":"","overlay-type":"","overlay-color":"","overlay-opacity":"","overlay-gradient":""},"tablet":{"background-color":"","background-image":"","background-repeat":"repeat","background-position":"center center","background-size":"auto","background-attachment":"scroll","background-type":"","background-media":"","overlay-type":"","overlay-color":"","overlay-opacity":"","overlay-gradient":""},"mobile":{"background-color":"","background-image":"","background-repeat":"repeat","background-position":"center center","background-size":"auto","background-attachment":"scroll","background-type":"","background-media":"","overlay-type":"","overlay-color":"","overlay-opacity":"","overlay-gradient":""}},"ast-content-background-meta":{"desktop":{"background-color":"var(--ast-global-color-5)","background-image":"","background-repeat":"repeat","background-position":"center center","background-size":"auto","background-attachment":"scroll","background-type":"","background-media":"","overlay-type":"","overlay-color":"","overlay-opacity":"","overlay-gradient":""},"tablet":{"background-color":"var(--ast-global-color-5)","background-image":"","background-repeat":"repeat","background-position":"center center","background-size":"auto","background-attachment":"scroll","background-type":"","background-media":"","overlay-type":"","overlay-color":"","overlay-opacity":"","overlay-gradient":""},"mobile":{"background-color":"var(--ast-global-color-5)","background-image":"","background-repeat":"repeat","background-position":"center center","background-size":"auto","background-attachment":"scroll","background-type":"","background-media":"","overlay-type":"","overlay-color":"","overlay-opacity":"","overlay-gradient":""}}},"product_brand":[],"product_cat":[258],"product_tag":[],"class_list":{"0":"post-10374","1":"product","2":"type-product","3":"status-publish","5":"product_cat-shop-university","6":"desktop-align-left","7":"tablet-align-left","8":"mobile-align-left","10":"first","11":"instock","12":"taxable","13":"shipping-taxable","14":"purchasable","15":"product-type-simple"},"acf":[],"_links":{"self":[{"href":"https:\/\/dani020.supserv.cozmoslabs.com\/de\/wp-json\/wp\/v2\/product\/10374","targetHints":{"allow":["GET"]}}],"collection":[{"href":"https:\/\/dani020.supserv.cozmoslabs.com\/de\/wp-json\/wp\/v2\/product"}],"about":[{"href":"https:\/\/dani020.supserv.cozmoslabs.com\/de\/wp-json\/wp\/v2\/types\/product"}],"replies":[{"embeddable":true,"href":"https:\/\/dani020.supserv.cozmoslabs.com\/de\/wp-json\/wp\/v2\/comments?post=10374"}],"wp:attachment":[{"href":"https:\/\/dani020.supserv.cozmoslabs.com\/de\/wp-json\/wp\/v2\/media?parent=10374"}],"wp:term":[{"taxonomy":"product_brand","embeddable":true,"href":"https:\/\/dani020.supserv.cozmoslabs.com\/de\/wp-json\/wp\/v2\/product_brand?post=10374"},{"taxonomy":"product_cat","embeddable":true,"href":"https:\/\/dani020.supserv.cozmoslabs.com\/de\/wp-json\/wp\/v2\/product_cat?post=10374"},{"taxonomy":"product_tag","embeddable":true,"href":"https:\/\/dani020.supserv.cozmoslabs.com\/de\/wp-json\/wp\/v2\/product_tag?post=10374"}],"curies":[{"name":"wp","href":"https:\/\/api.w.org\/{rel}","templated":true}]}}