{"id":10375,"date":"2025-09-22T14:59:06","date_gmt":"2025-09-22T12:59:06","guid":{"rendered":"https:\/\/b417hp-c.myrdbx.io\/?post_type=product&#038;p=10375"},"modified":"2026-03-30T13:29:30","modified_gmt":"2026-03-30T11:29:30","slug":"tricise-university-automic-training-department-flat-rate","status":"publish","type":"product","link":"https:\/\/dani020.supserv.cozmoslabs.com\/de\/shop\/tricise-university-automic-training-department-flat-rate\/","title":{"rendered":"Automic Training Tier 2: Department Flat Rate <br>(max. 15 Benutzer)"},"content":{"rendered":"<section id=\"tier-2\" aria-labelledby=\"tier-2-title\">\n<h3 id=\"tier-2-title\"><strong>Automic Training Tier 2: Department Flat Rate (max. 15 Users)<\/strong><\/h3>\n<p class=\"translation-block\">Das <strong>Department Flat Rate Automic Training<\/strong> gilt ausschlie\u00dflich f\u00fcr die <strong><a href=\"https:\/\/university.tricise.com\" target=\"_blank\" rel=\"noopener\">Automic-Trainingsprogramme<\/a><\/strong> an der <a href=\"https:\/\/dani020.supserv.cozmoslabs.com\/de\/university\/region-en\/#anchor-flat\" target=\"_blank\" rel=\"noopener\"><strong>Tricise University<\/strong><\/a>.<br>\nEs bietet mittelgro\u00dfen Abteilungen <strong>unbegrenzten Zugang<\/strong> zum vollst\u00e4ndigen Trainingsportfolio f\u00fcr eine feste Dauer von <strong>12 Monaten<\/strong>. Durch den Wegfall von Budgetbeschr\u00e4nkungen und administrativen H\u00fcrden kann jedes Teammitglied an den ben\u00f6tigten Schulungen teilnehmen \u2013 genau dann, wenn es erforderlich ist.<\/p>\n<h4>St\u00e4rkung ganzer Abteilungen<\/h4>\n<p class=\"translation-block\">Die <strong>Department Flat Rate<\/strong> wurde f\u00fcr Teams mit bis zu 15 Nutzern entwickelt, die <strong>einheitliches Wissen<\/strong> in ihrer gesamten Abteilung aufbauen m\u00f6chten.  \nAnstatt Schulungsbudgets nur einigen wenigen Spezialisten zuzuteilen, k\u00f6nnen Organisationen sicherstellen, dass <em>alle Mitarbeitenden<\/em> die gleiche M\u00f6glichkeit haben, ihre F\u00e4higkeiten auszubauen.  \nDiese Stufe unterst\u00fctzt ganzheitliches Lernen, verbessert die Zusammenarbeit, f\u00f6rdert den Wissensaustausch und erm\u00f6glicht die Anwendung von <a href=\"http:\/\/automic.tricise.com\" target=\"_blank\" rel=\"noopener\"><strong>Automic Automation<\/strong><\/a> Best Practices im t\u00e4glichen Betrieb.<\/p>\n<h4>Warum die Department Flat Rate?<\/h4>\n<p class=\"translation-block\">Mittelgro\u00dfe Organisationen stehen oft vor der Herausforderung, begrenzte Budgets mit dem Bedarf an umfassender Weiterbildung in Einklang zu bringen.  \nDie <strong>Department Flat Rate<\/strong> l\u00f6st dieses Problem, indem sie eine einzige, vorhersehbare Abonnementgeb\u00fchr bietet, die alle Mitglieder der Abteilung abdeckt.  \nJeder Nutzer erh\u00e4lt uneingeschr\u00e4nkten Zugang zu <strong>Selfstudy-Schulungen<\/strong>, <strong>Trainer-gef\u00fchrten Schulungen<\/strong> und erweiterten <strong>Automic-Trainingsmodulen<\/strong>.  \nDas Ergebnis ist ein gleichm\u00e4\u00dfig qualifiziertes Team, das sich gegenseitig unterst\u00fctzen, Wissensl\u00fccken schlie\u00dfen und die Gesamteffizienz steigern kann.<\/p>\n<h4>Umfassendes Lernportfolio<\/h4>\n<ul>\n<li class=\"translation-block\"><strong>Selfstudy eLearning<\/strong> \u2013 Flexible Module mit praxisnahen Labs, interaktiven Quizzen und Zertifizierungstests.<\/li>\n<li class=\"translation-block\"><strong>Trainergef\u00fchrte Schulung<\/strong> \u2013 Live-Schulungen mit zertifizierten <a href=\"https:\/\/dani020.supserv.cozmoslabs.com\/de\/\" target=\"_blank\" rel=\"noopener\"><strong>Tricise-Beratern<\/strong><\/a> und Automic-Experten.<\/li>\n<li class=\"translation-block\"><strong>Experten-Module<\/strong> \u2013 Spezialisierte Themen wie Scripting, KI-Funktionalit\u00e4ten und Systemoptimierung, kontinuierlich aktualisiert mit jeder <a href=\"https:\/\/www.broadcom.com\" target=\"_blank\" rel=\"noopener\"><strong>Broadcom<\/strong><\/a>-Version.<\/li>\n<li class=\"translation-block\"><strong>Blended Learning-Pfade<\/strong> \u2013 Kombinieren Sie digitales Lernen mit Live-Q&amp;A-Schulungen f\u00fcr maximale Wirkung.<\/li>\n<\/ul>\n<h4><strong>Zentrale Vorteile der Department Flat Rate<\/strong><\/h4>\n<ul>\n<li class=\"translation-block\"><strong>Planbare Kosten:<\/strong> Eine Pauschalgeb\u00fchr f\u00fcr bis zu 15 Nutzer \u2013 keine versteckten Kosten oder Genehmigungen erforderlich.<\/li>\n<li class=\"translation-block\"><strong>Enorme Einsparungen:<\/strong> Erzielen Sie bis zu 65 % Ersparnis im Vergleich zu individuellen Kursbuchungen.<\/li>\n<li class=\"translation-block\"><strong>Wissensgleichheit:<\/strong> Stellen Sie sicher, dass jedes Teammitglied das gleiche Niveau an Automic-Expertise entwickelt.<\/li>\n<li class=\"translation-block\"><strong>Unbegrenzter Zugang:<\/strong> Zugriff auf alle aktuellen und zuk\u00fcnftigen Schulungen w\u00e4hrend des gesamten Abonnementzeitraums.<\/li>\n<li class=\"translation-block\"><strong>Zertifizierungsm\u00f6glichkeiten:<\/strong> Abteilungsmitglieder k\u00f6nnen Tricise University Zertifizierungen erwerben und so ihre berufliche Anerkennung steigern.<\/li>\n<\/ul>\n<h4>Sprach- und Bereitstellungsflexibilit\u00e4t<\/h4>\n<p class=\"translation-block\">Die Schulungsinhalte sind sowohl in <strong>Englisch als auch Deutsch<\/strong> verf\u00fcgbar und k\u00f6nnen als <strong>Online-eLearning<\/strong> sowie in <strong>virtuellen Klassenzimmern<\/strong> durchgef\u00fchrt werden.<br>\nDiese Flexibilit\u00e4t stellt sicher, dass internationale Teams und Abteilungen mit unterschiedlichen Lernpr\u00e4ferenzen gleicherma\u00dfen profitieren k\u00f6nnen.<\/p>\n<h4>Wer profitiert am meisten von Tier 2?<\/h4>\n<p class=\"translation-block\">Die <strong>Department Flat Rate<\/strong> ist ideal f\u00fcr IT-Abteilungen, Betriebsteams und Centers of Excellence, die mit <a href=\"http:\/\/automic.tricise.com\" target=\"_blank\" rel=\"noopener\"><strong>Automic Automation<\/strong><\/a> arbeiten. Sie stellt sicher, dass Administratoren, Operatoren und Entwickler alle \u00fcber das gleiche Wissensniveau verf\u00fcgen \u2013 was zu effizienteren Projekten und reibungsloseren t\u00e4glichen Abl\u00e4ufen f\u00fchrt.<\/p>\n<h4>Wie Sie abonnieren und mit dem Lernen beginnen<\/h4>\n<p class=\"translation-block\">Das Abonnieren der <strong>Department Flat Rate<\/strong> ist schnell und unkompliziert. Besuchen Sie die offizielle <a href=\"https:\/\/dani020.supserv.cozmoslabs.com\/de\/shop\/tricise-university-automic-training-department-flat-rate\/\" target=\"_blank\" rel=\"noopener\"><strong>Tricise University Store-Seite<\/strong><\/a>, w\u00e4hlen Sie den Department Flat Rate Plan aus und f\u00fchren Sie die Online-Zahlung durch. Nach erfolgreicher Zahlung wird Ihr Abonnement automatisch in unserem System registriert. Jedes Teammitglied kann anschlie\u00dfend seine <strong>E-Mail-Adresse<\/strong> verwenden, um sich auf der Trainingsplattform anzumelden und direkten Zugang zu allen verf\u00fcgbaren Inhalten zu erhalten. Dieser Prozess \u00fcberspringt zus\u00e4tzliche Zahlungsschritte und sorgt f\u00fcr ein reibungsloses und benutzerfreundliches On<\/p>\n<h4>Skalierbare Schulungen f\u00fcr die Zukunft<\/h4>\n<p class=\"translation-block\">Die Department Flat Rate deckt nicht nur die aktuellen Lernbed\u00fcrfnisse ab. Wenn Ihr Unternehmen w\u00e4chst, k\u00f6nnen Sie nahtlos auf die <a href=\"https:\/\/dani020.supserv.cozmoslabs.com\/de\/university\/region-en\/#anchor-flat\" target=\"_blank\" rel=\"noopener\"><strong>Division Flat Rate (Tier 3)<\/strong><\/a> upgraden und denselben unbegrenzten Zugang f\u00fcr gr\u00f6\u00dfere Gruppen erweitern \u2013 bei gleichzeitig noch besseren Pro-Nutzer-Konditionen. Diese Skalierbarkeit stellt sicher, dass sich Ihr Schulungsprogramm parallel zu Ihrem Unternehmen weiterentwickelt.<\/p>\n<h4>Zusammenfassung: Abteilungsweites Wissenswachstum<\/h4>\n<p class=\"translation-block\">Mit der <strong>Department Flat Rate Automic Training<\/strong> erm\u00f6glichen Unternehmen ganzen Abteilungen unbegrenzte Lernm\u00f6glichkeiten, planbare Kosten und erhebliche Einsparungen. Dieses Modell schafft gleichm\u00e4\u00dfig qualifizierte Teams, die stets mit den <a href=\"https:\/\/www.broadcom.com\" target=\"_blank\" rel=\"noopener\"><strong>Broadcom Automic<\/strong><\/a> Updates und Best Practices im Einklang bleiben \u2013 und so Effizienz sowie Zusammenarbeit im gesamten Unternehmen vorantreiben.<\/p>\n<p style=\"margin-top: 1em;\"><a href=\"https:\/\/university.tricise.com\" target=\"_blank\" rel=\"noopener\"><strong>Erfahren Sie mehr und starten Sie bei der Tricise University \u2192<\/strong><\/a><\/p>\n<\/section>","protected":false},"excerpt":{"rendered":"<p class=\"translation-block\">Steigern Sie die Effizienz Ihrer Abteilung mit der <strong>Department Flat Rate<\/strong>. Bis zu 15 Nutzer erhalten 12 Monate lang unbegrenzten Zugang zu Trainings, einschlie\u00dflich Selfstudy, trainergef\u00fchrten Sitzungen und allen Modulen. Ideal, um Wissen team\u00fcbergreifend abzugleichen und bis zu 65 % im Vergleich zu Einzelbuchungen zu sparen. <br> <br><br> <br><\/p>","protected":false},"featured_media":0,"comment_status":"open","ping_status":"closed","template":"","meta":{"_acf_changed":false,"site-sidebar-layout":"default","site-content-layout":"","ast-site-content-layout":"default","site-content-style":"default","site-sidebar-style":"default","ast-global-header-display":"","ast-banner-title-visibility":"","ast-main-header-display":"","ast-hfb-above-header-display":"","ast-hfb-below-header-display":"","ast-hfb-mobile-header-display":"","site-post-title":"","ast-breadcrumbs-content":"","ast-featured-img":"","footer-sml-layout":"","ast-disable-related-posts":"","theme-transparent-header-meta":"default","adv-header-id-meta":"","stick-header-meta":"default","header-above-stick-meta":"","header-main-stick-meta":"","header-below-stick-meta":"","astra-migrate-meta-layouts":"set","ast-page-background-enabled":"default","ast-page-background-meta":{"desktop":{"background-color":"var(--ast-global-color-4)","background-image":"","background-repeat":"repeat","background-position":"center center","background-size":"auto","background-attachment":"scroll","background-type":"","background-media":"","overlay-type":"","overlay-color":"","overlay-opacity":"","overlay-gradient":""},"tablet":{"background-color":"","background-image":"","background-repeat":"repeat","background-position":"center center","background-size":"auto","background-attachment":"scroll","background-type":"","background-media":"","overlay-type":"","overlay-color":"","overlay-opacity":"","overlay-gradient":""},"mobile":{"background-color":"","background-image":"","background-repeat":"repeat","background-position":"center center","background-size":"auto","background-attachment":"scroll","background-type":"","background-media":"","overlay-type":"","overlay-color":"","overlay-opacity":"","overlay-gradient":""}},"ast-content-background-meta":{"desktop":{"background-color":"var(--ast-global-color-5)","background-image":"","background-repeat":"repeat","background-position":"center center","background-size":"auto","background-attachment":"scroll","background-type":"","background-media":"","overlay-type":"","overlay-color":"","overlay-opacity":"","overlay-gradient":""},"tablet":{"background-color":"var(--ast-global-color-5)","background-image":"","background-repeat":"repeat","background-position":"center center","background-size":"auto","background-attachment":"scroll","background-type":"","background-media":"","overlay-type":"","overlay-color":"","overlay-opacity":"","overlay-gradient":""},"mobile":{"background-color":"var(--ast-global-color-5)","background-image":"","background-repeat":"repeat","background-position":"center center","background-size":"auto","background-attachment":"scroll","background-type":"","background-media":"","overlay-type":"","overlay-color":"","overlay-opacity":"","overlay-gradient":""}}},"product_brand":[],"product_cat":[258],"product_tag":[],"class_list":{"0":"post-10375","1":"product","2":"type-product","3":"status-publish","5":"product_cat-shop-university","6":"desktop-align-left","7":"tablet-align-left","8":"mobile-align-left","10":"first","11":"instock","12":"taxable","13":"shipping-taxable","14":"purchasable","15":"product-type-simple"},"acf":[],"_links":{"self":[{"href":"https:\/\/dani020.supserv.cozmoslabs.com\/de\/wp-json\/wp\/v2\/product\/10375","targetHints":{"allow":["GET"]}}],"collection":[{"href":"https:\/\/dani020.supserv.cozmoslabs.com\/de\/wp-json\/wp\/v2\/product"}],"about":[{"href":"https:\/\/dani020.supserv.cozmoslabs.com\/de\/wp-json\/wp\/v2\/types\/product"}],"replies":[{"embeddable":true,"href":"https:\/\/dani020.supserv.cozmoslabs.com\/de\/wp-json\/wp\/v2\/comments?post=10375"}],"wp:attachment":[{"href":"https:\/\/dani020.supserv.cozmoslabs.com\/de\/wp-json\/wp\/v2\/media?parent=10375"}],"wp:term":[{"taxonomy":"product_brand","embeddable":true,"href":"https:\/\/dani020.supserv.cozmoslabs.com\/de\/wp-json\/wp\/v2\/product_brand?post=10375"},{"taxonomy":"product_cat","embeddable":true,"href":"https:\/\/dani020.supserv.cozmoslabs.com\/de\/wp-json\/wp\/v2\/product_cat?post=10375"},{"taxonomy":"product_tag","embeddable":true,"href":"https:\/\/dani020.supserv.cozmoslabs.com\/de\/wp-json\/wp\/v2\/product_tag?post=10375"}],"curies":[{"name":"wp","href":"https:\/\/api.w.org\/{rel}","templated":true}]}}