{"id":6169,"date":"2025-06-30T11:33:35","date_gmt":"2025-06-30T09:33:35","guid":{"rendered":"https:\/\/b417hp-c.myrdbx.io\/?post_type=product&#038;p=6169"},"modified":"2025-11-28T15:57:44","modified_gmt":"2025-11-28T14:57:44","slug":"automation-forecast","status":"publish","type":"product","link":"https:\/\/dani020.supserv.cozmoslabs.com\/de\/shop\/automation-forecast\/","title":{"rendered":"Automation Forecast"},"content":{"rendered":"<div class=\"elementor-element elementor-element-b690223 elementor-widget elementor-widget-heading\" data-id=\"b690223\" data-element_type=\"widget\" data-widget_type=\"heading.default\">\n<div class=\"elementor-widget-container\">\n<h2 class=\"elementor-heading-title elementor-size-default\">\u00dcbersicht<\/h2>\n<\/div>\n<\/div>\n<div class=\"elementor-element elementor-element-d4c06e5 elementor-widget elementor-widget-text-editor\" data-id=\"d4c06e5\" data-element_type=\"widget\" data-widget_type=\"text-editor.default\">\n<div class=\"elementor-widget-container\">\n<p>Verbessern Sie die Planung der Arbeitslast in Automic mit dem\u00a0<strong>Automation Forecast Action Pack<\/strong>und bietet\u00a0<strong>umfassende Prognoselisten<\/strong>\u00a0f\u00fcr eine effiziente Termin- und Wartungsplanung. Mit diesem leistungsstarken Tool k\u00f6nnen Sie wichtige Szenarien vorhersehen und vorbereiten, z. B. welche Auftr\u00e4ge w\u00e4hrend des Wartungsfensters am n\u00e4chsten Wochenende ausgef\u00fchrt werden, die geplanten Ausf\u00fchrungen f\u00fcr eine bestimmte Anwendung w\u00e4hrend kritischer Zeitr\u00e4ume wie der Jahresendverarbeitung ermitteln oder einfach feststellen, wann ein bestimmter Auftrag ausgef\u00fchrt werden soll. Jeder mit dem Automation Forecast Action Pack erstellte Bericht l\u00e4sst sich in hohem Ma\u00dfe an Ihre spezifischen Anforderungen anpassen. Sie haben die M\u00f6glichkeit, sich auf bestimmte Objektauswahlen zu konzentrieren, detaillierte Informationen oder nur \u00dcbersichten auf oberster Ebene einzubeziehen und die angezeigten Felder zu konfigurieren. Mit diesem Action Pack k\u00f6nnen Sie Ihre Arbeitslast proaktiv verwalten, Unterbrechungen minimieren und fundierte Entscheidungen \u00fcber Ihre Automic-Umgebung treffen.<\/p>\n<\/div>\n<\/div>","protected":false},"excerpt":{"rendered":"<p>Verbessern Sie Ihre Auftragsplanung mit unserem\u00a0<strong>Automation Forecast Action Pack<\/strong>. Dieses Tool erweitert die Prognosefunktionen von Automic und erm\u00f6glicht detaillierte Einblicke in t\u00e4gliche, monatliche und j\u00e4hrliche Zeitpl\u00e4ne. Beantworten Sie m\u00fchelos kritische Fragen zu Auftragszeitpunkten, Bewerbungsverfahren und Jahresendvorbereitungen, um Ihren Arbeitsablauf zu optimieren.<br><br><\/p>","protected":false},"featured_media":0,"comment_status":"closed","ping_status":"closed","template":"","meta":{"_acf_changed":false,"site-sidebar-layout":"default","site-content-layout":"","ast-site-content-layout":"default","site-content-style":"default","site-sidebar-style":"default","ast-global-header-display":"","ast-banner-title-visibility":"","ast-main-header-display":"","ast-hfb-above-header-display":"","ast-hfb-below-header-display":"","ast-hfb-mobile-header-display":"","site-post-title":"","ast-breadcrumbs-content":"","ast-featured-img":"","footer-sml-layout":"","ast-disable-related-posts":"","theme-transparent-header-meta":"default","adv-header-id-meta":"","stick-header-meta":"default","header-above-stick-meta":"","header-main-stick-meta":"","header-below-stick-meta":"","astra-migrate-meta-layouts":"set","ast-page-background-enabled":"default","ast-page-background-meta":{"desktop":{"background-color":"var(--ast-global-color-4)","background-image":"","background-repeat":"repeat","background-position":"center center","background-size":"auto","background-attachment":"scroll","background-type":"","background-media":"","overlay-type":"","overlay-color":"","overlay-opacity":"","overlay-gradient":""},"tablet":{"background-color":"","background-image":"","background-repeat":"repeat","background-position":"center center","background-size":"auto","background-attachment":"scroll","background-type":"","background-media":"","overlay-type":"","overlay-color":"","overlay-opacity":"","overlay-gradient":""},"mobile":{"background-color":"","background-image":"","background-repeat":"repeat","background-position":"center center","background-size":"auto","background-attachment":"scroll","background-type":"","background-media":"","overlay-type":"","overlay-color":"","overlay-opacity":"","overlay-gradient":""}},"ast-content-background-meta":{"desktop":{"background-color":"var(--ast-global-color-5)","background-image":"","background-repeat":"repeat","background-position":"center center","background-size":"auto","background-attachment":"scroll","background-type":"","background-media":"","overlay-type":"","overlay-color":"","overlay-opacity":"","overlay-gradient":""},"tablet":{"background-color":"var(--ast-global-color-5)","background-image":"","background-repeat":"repeat","background-position":"center center","background-size":"auto","background-attachment":"scroll","background-type":"","background-media":"","overlay-type":"","overlay-color":"","overlay-opacity":"","overlay-gradient":""},"mobile":{"background-color":"var(--ast-global-color-5)","background-image":"","background-repeat":"repeat","background-position":"center center","background-size":"auto","background-attachment":"scroll","background-type":"","background-media":"","overlay-type":"","overlay-color":"","overlay-opacity":"","overlay-gradient":""}}},"product_brand":[],"product_cat":[84],"product_tag":[],"class_list":{"0":"post-6169","1":"product","2":"type-product","3":"status-publish","5":"product_cat-action-pack","6":"desktop-align-left","7":"tablet-align-left","8":"mobile-align-left","10":"first","11":"instock","12":"downloadable","13":"taxable","14":"shipping-taxable","15":"purchasable","16":"product-type-simple"},"acf":[],"_links":{"self":[{"href":"https:\/\/dani020.supserv.cozmoslabs.com\/de\/wp-json\/wp\/v2\/product\/6169","targetHints":{"allow":["GET"]}}],"collection":[{"href":"https:\/\/dani020.supserv.cozmoslabs.com\/de\/wp-json\/wp\/v2\/product"}],"about":[{"href":"https:\/\/dani020.supserv.cozmoslabs.com\/de\/wp-json\/wp\/v2\/types\/product"}],"replies":[{"embeddable":true,"href":"https:\/\/dani020.supserv.cozmoslabs.com\/de\/wp-json\/wp\/v2\/comments?post=6169"}],"wp:attachment":[{"href":"https:\/\/dani020.supserv.cozmoslabs.com\/de\/wp-json\/wp\/v2\/media?parent=6169"}],"wp:term":[{"taxonomy":"product_brand","embeddable":true,"href":"https:\/\/dani020.supserv.cozmoslabs.com\/de\/wp-json\/wp\/v2\/product_brand?post=6169"},{"taxonomy":"product_cat","embeddable":true,"href":"https:\/\/dani020.supserv.cozmoslabs.com\/de\/wp-json\/wp\/v2\/product_cat?post=6169"},{"taxonomy":"product_tag","embeddable":true,"href":"https:\/\/dani020.supserv.cozmoslabs.com\/de\/wp-json\/wp\/v2\/product_tag?post=6169"}],"curies":[{"name":"wp","href":"https:\/\/api.w.org\/{rel}","templated":true}]}}