{"id":6237,"date":"2025-07-02T15:02:09","date_gmt":"2025-07-02T13:02:09","guid":{"rendered":"https:\/\/b417hp-c.myrdbx.io\/?post_type=product&#038;p=6237"},"modified":"2026-03-31T09:28:32","modified_gmt":"2026-03-31T07:28:32","slug":"automic-system-health-check","status":"publish","type":"product","link":"https:\/\/dani020.supserv.cozmoslabs.com\/de\/shop\/automic-system-health-check\/","title":{"rendered":"Automic System-Health Check"},"content":{"rendered":"<section>\n<h3>Automic System-Health Check - Maximale Effizienz gew\u00e4hrleisten<\/h3>\n<p>Die <strong>Automic System Health Check<\/strong> ist eine <strong>umfassendes Beratungspaket<\/strong> f\u00fcr die Analyse und Optimierung Ihrer <strong><a href=\"http:\/\/automic.tricise.com\">Automic Automation<\/a> Umwelt<\/strong>. Unser Ziel ist es, Schwachstellen zu identifizieren, Leistungsengp\u00e4sse aufzudecken und umsetzbare Empfehlungen zu geben, die die Stabilit\u00e4t verbessern und mit den <strong><a href=\"https:\/\/www.broadcom.com\/products\/software\/automation\/automic-automation\" target=\"_blank\" rel=\"noopener\">Broadcom bew\u00e4hrte Verfahren<\/a>.<\/strong><\/p>\n<h3>Warum Ihre Automic-Umgebung eine Health Check braucht<\/h3>\n<p>Viele Unternehmen setzen Automic \u00fcber Jahre hinweg ein, ohne die Konfiguration regelm\u00e4\u00dfig zu \u00fcberpr\u00fcfen. Dies f\u00fchrt h\u00e4ufig zu <strong>Leistungsprobleme, Risiken und verpasste Chancen zur Optimierung<\/strong>. Mit unserem Health Check stellen Sie sicher, dass Ihr System:<\/p>\n<ul>\n<li><strong>Stabil und sicher<\/strong> f\u00fcr gesch\u00e4ftskritische Vorg\u00e4nge<\/li>\n<li>Optimiert f\u00fcr <strong>maximale Leistung<\/strong><\/li>\n<li>Vollst\u00e4ndig angeglichen an <strong>Broadcom bew\u00e4hrte Verfahren<\/strong><\/li>\n<\/ul>\n<h3>Was wir analysieren<\/h3>\n<p>Unsere Experten f\u00fchren eine detaillierte Pr\u00fcfung der wichtigsten Komponenten Ihrer Automic Automation-Einrichtung durch:<\/p>\n<h4>ucsrv.ini Konfiguration<\/h4>\n<p>Die <strong>Datei ucsrv.ini<\/strong> ist das R\u00fcckgrat der Automation Engine. Wir analysieren Parameter, Portdefinitionen und Skalierbarkeitsoptionen, um <strong>versteckte Optimierungspotenziale aufdecken<\/strong>.<\/p>\n<h4>System VARA-Objekte<\/h4>\n<p>Wir legen besonderen Wert auf <strong>kritische VARA-Objekte<\/strong>da sie sich direkt auf die Arbeitsabl\u00e4ufe und die allgemeine <strong>Systemleistung<\/strong>.<\/p>\n<h4>Leistungsabh\u00e4ngige Parameter<\/h4>\n<p>Zus\u00e4tzliche Leistungsfaktoren wie <strong>Datenbank-Konnektivit\u00e4t<\/strong>, <strong>Agentenkommunikation<\/strong>und <strong>Verschl\u00fcsselungseinstellungen <\/strong>sind in unserer Analyse enthalten.<\/p>\n<h3>Klare Empfehlungen und Aktionsplan<\/h3>\n<p>Am Ende des Health Check erhalten Sie eine <strong>ausf\u00fchrlicher Bericht<\/strong> sowohl mit technischen Anpassungen als auch mit strategischen Empfehlungen. Diese Erkenntnisse werden Ihnen helfen:<\/p>\n<ul>\n<li>Machen Sie Ihr System <strong>effizienter und skalierbarer<\/strong><\/li>\n<li>Vorbereiten auf <strong>zuk\u00fcnftige Gesch\u00e4ftsanforderungen<\/strong><\/li>\n<li>Ausgerichtet bleiben auf <strong>Broadcom-Normen<\/strong><\/li>\n<\/ul>\n<\/section>","protected":false},"excerpt":{"rendered":"<p>Optimieren Sie Ihre Automic Automation Engine mit unserem umfassenden\u00a0<strong>Automic System-Health Check<\/strong>. Dieser Service analysiert gr\u00fcndlich die Leistung, Konfiguration und Nutzung Ihres Systems und bietet ma\u00dfgeschneiderte Empfehlungen zur Verbesserung der Stabilit\u00e4t, Effizienz und allgemeinen Ressourcenverwaltung. Ideal f\u00fcr die Maximierung des Automatisierungspotenzials bei gleichzeitiger Minimierung von Betriebsproblemen.<\/p>","protected":false},"featured_media":0,"comment_status":"closed","ping_status":"closed","template":"","meta":{"_acf_changed":false,"site-sidebar-layout":"default","site-content-layout":"","ast-site-content-layout":"default","site-content-style":"default","site-sidebar-style":"default","ast-global-header-display":"","ast-banner-title-visibility":"","ast-main-header-display":"","ast-hfb-above-header-display":"","ast-hfb-below-header-display":"","ast-hfb-mobile-header-display":"","site-post-title":"","ast-breadcrumbs-content":"","ast-featured-img":"","footer-sml-layout":"","ast-disable-related-posts":"","theme-transparent-header-meta":"default","adv-header-id-meta":"","stick-header-meta":"default","header-above-stick-meta":"","header-main-stick-meta":"","header-below-stick-meta":"","astra-migrate-meta-layouts":"set","ast-page-background-enabled":"default","ast-page-background-meta":{"desktop":{"background-color":"var(--ast-global-color-4)","background-image":"","background-repeat":"repeat","background-position":"center center","background-size":"auto","background-attachment":"scroll","background-type":"","background-media":"","overlay-type":"","overlay-color":"","overlay-opacity":"","overlay-gradient":""},"tablet":{"background-color":"","background-image":"","background-repeat":"repeat","background-position":"center center","background-size":"auto","background-attachment":"scroll","background-type":"","background-media":"","overlay-type":"","overlay-color":"","overlay-opacity":"","overlay-gradient":""},"mobile":{"background-color":"","background-image":"","background-repeat":"repeat","background-position":"center center","background-size":"auto","background-attachment":"scroll","background-type":"","background-media":"","overlay-type":"","overlay-color":"","overlay-opacity":"","overlay-gradient":""}},"ast-content-background-meta":{"desktop":{"background-color":"var(--ast-global-color-5)","background-image":"","background-repeat":"repeat","background-position":"center center","background-size":"auto","background-attachment":"scroll","background-type":"","background-media":"","overlay-type":"","overlay-color":"","overlay-opacity":"","overlay-gradient":""},"tablet":{"background-color":"var(--ast-global-color-5)","background-image":"","background-repeat":"repeat","background-position":"center center","background-size":"auto","background-attachment":"scroll","background-type":"","background-media":"","overlay-type":"","overlay-color":"","overlay-opacity":"","overlay-gradient":""},"mobile":{"background-color":"var(--ast-global-color-5)","background-image":"","background-repeat":"repeat","background-position":"center center","background-size":"auto","background-attachment":"scroll","background-type":"","background-media":"","overlay-type":"","overlay-color":"","overlay-opacity":"","overlay-gradient":""}}},"product_brand":[],"product_cat":[159],"product_tag":[],"class_list":{"0":"post-6237","1":"product","2":"type-product","3":"status-publish","5":"product_cat-consulting","6":"desktop-align-left","7":"tablet-align-left","8":"mobile-align-left","10":"first","11":"instock","12":"virtual","13":"taxable","14":"purchasable","15":"product-type-simple"},"acf":[],"_links":{"self":[{"href":"https:\/\/dani020.supserv.cozmoslabs.com\/de\/wp-json\/wp\/v2\/product\/6237","targetHints":{"allow":["GET"]}}],"collection":[{"href":"https:\/\/dani020.supserv.cozmoslabs.com\/de\/wp-json\/wp\/v2\/product"}],"about":[{"href":"https:\/\/dani020.supserv.cozmoslabs.com\/de\/wp-json\/wp\/v2\/types\/product"}],"replies":[{"embeddable":true,"href":"https:\/\/dani020.supserv.cozmoslabs.com\/de\/wp-json\/wp\/v2\/comments?post=6237"}],"wp:attachment":[{"href":"https:\/\/dani020.supserv.cozmoslabs.com\/de\/wp-json\/wp\/v2\/media?parent=6237"}],"wp:term":[{"taxonomy":"product_brand","embeddable":true,"href":"https:\/\/dani020.supserv.cozmoslabs.com\/de\/wp-json\/wp\/v2\/product_brand?post=6237"},{"taxonomy":"product_cat","embeddable":true,"href":"https:\/\/dani020.supserv.cozmoslabs.com\/de\/wp-json\/wp\/v2\/product_cat?post=6237"},{"taxonomy":"product_tag","embeddable":true,"href":"https:\/\/dani020.supserv.cozmoslabs.com\/de\/wp-json\/wp\/v2\/product_tag?post=6237"}],"curies":[{"name":"wp","href":"https:\/\/api.w.org\/{rel}","templated":true}]}}