{"id":6238,"date":"2025-07-02T15:06:28","date_gmt":"2025-07-02T13:06:28","guid":{"rendered":"https:\/\/b417hp-c.myrdbx.io\/?post_type=product&#038;p=6238"},"modified":"2025-10-04T08:40:21","modified_gmt":"2025-10-04T06:40:21","slug":"automic-process-analysis-and-optimization","status":"publish","type":"product","link":"https:\/\/dani020.supserv.cozmoslabs.com\/de\/shop\/automic-process-analysis-and-optimization\/","title":{"rendered":"Automic Prozessanalyse und -optimierung"},"content":{"rendered":"<h3>Automic Prozessanalyse und -optimierung - f\u00fcr maximale Effizienz<\/h3>\n<p class=\"translation-block\">Das <strong>Automic Process Analysis and Optimization<\/strong> Paket von \n<a href=\"https:\/\/dani020.supserv.cozmoslabs.com\/de\/\" target=\"_blank\" rel=\"noopener\"><strong>Tricise Professional Services<\/strong><\/a> \nist ein gezielter Beratungsservice, der darauf ausgelegt ist, Ihre \n<a href=\"http:\/\/automic.tricise.com\" target=\"_blank\" rel=\"noopener\"><strong>Automic Automation<\/strong><\/a>-Umgebung \nzu bewerten, zu benchmarken und zu optimieren. Mit mehr als <strong>30 strukturierten technischen und operativen Checks<\/strong> \nidentifizieren unsere zertifizierten Experten Optimierungspotenziale und helfen Ihnen, das volle Potenzial Ihrer \nAutomatisierung auszusch\u00f6pfen. Dieser Service stellt sicher, dass Ihr System vollst\u00e4ndig mit den \n<a href=\"https:\/\/www.broadcom.com\" target=\"_blank\" rel=\"noopener\"><strong>Broadcom<\/strong><\/a>-Standards und Best Practices abgestimmt bleibt.<\/p>\n<h4>Umfassende Workflow-Analyse<\/h4>\n<p class=\"translation-block\">Unsere \u00dcberpr\u00fcfung geht weit \u00fcber oberfl\u00e4chliche Checks hinaus. Wir f\u00fchren eine tiefgehende Bewertung von <strong>Nutzungsmustern von Objekten<\/strong>, <strong>Ausf\u00fchrungseffizienz<\/strong> und <strong>Prozessstruktur<\/strong> durch. Mithilfe dedizierter, SQL-basierter Tricise Action Packs erfassen und analysieren unsere Experten zentrale Leistungskennzahlen \u00fcber alle Automic-Objekttypen hinweg, einschlie\u00dflich JOBS- und JOBF-Ausf\u00fchrungen. Wir identifizieren redundante oder ineffiziente Workflows, decken manuelle Abh\u00e4ngigkeiten auf und machen verwaiste Objekte sichtbar, die sich negativ auf Wartbarkeit und \u00dcbersichtlichkeit auswirken. Diese ganzheitliche Analyse stellt sicher, dass Ihre Automatisierungsumgebung auf h\u00f6chstem Leistungsniveau arbeitet.<\/p>\n<h4>Typische Erkenntnisse und Ergebnisse<\/h4>\n<ul>\n<li>Erkennung von suboptimalen Objektstrukturen, die Ausf\u00fchrungen verz\u00f6gern oder Ladezeiten erh\u00f6hen.<\/li>\n<li>Identifizierung wiederkehrender Ineffizienzen in der Job-Planung und parallelen Ausf\u00fchrungen.<\/li>\n<li>Hervorhebung ungenutzter oder verwaister Objekte zur Verbesserung der allgemeinen System\u00fcbersicht und -leistung.<\/li>\n<li class=\"translation-block\">Empfehlungen zur Workload-Verteilung zur Optimierung des neuen \n<strong>Execution-Based Licensing (EBL)<\/strong>-Modells, das von \n<a href=\"https:\/\/www.broadcom.com\" target=\"_blank\" rel=\"noopener\"><strong>Broadcom<\/strong><\/a> eingef\u00fchrt wurde.<\/li>\n<\/ul>\n<h4>Ma\u00dfgeschneiderte Empfehlungen und Berichterstattung<\/h4>\n<p class=\"translation-block\">Nach der Analyse erhalten Sie einen <strong>detaillierten Bericht<\/strong>, der umsetzbare Empfehlungen f\u00fcr jedes identifizierte Problem enth\u00e4lt. \nDie Dokumentation bietet sowohl <strong>technische Einblicke<\/strong> als auch <strong>strategische Leitlinien<\/strong>, \nwie Sie Ihre Automatisierungsumgebung an die \n<a href=\"https:\/\/www.broadcom.com\" target=\"_blank\" rel=\"noopener\"><strong>Broadcom Automic Best Practices<\/strong><\/a> anpassen k\u00f6nnen. \nJede Empfehlung ist klar priorisiert und bietet Ihnen eine pr\u00e4zise Roadmap f\u00fcr Optimierungen sowie messbare Verbesserungen \nin Leistung, Skalierbarkeit und Ressourcennutzung.<\/p>\n<h4>Optionale Unterst\u00fctzung bei der Implementierung<\/h4>\n<p class=\"translation-block\">W\u00e4hrend das Hauptpaket auf Analyse und Empfehlungen fokussiert ist, bietet Tricise auch \n<strong>optionale Implementierungsservices<\/strong> an, um vorgeschlagene Optimierungen direkt umzusetzen. \nUnsere Berater unterst\u00fctzen bei der <strong>Anpassung von Automic-Objekten<\/strong>, der \n<strong>\u00dcberarbeitung von Workflows<\/strong> und der <strong>Validierung von Verbesserungen<\/strong> \ndurch kontinuierliches Monitoring. Dies stellt sicher, dass Optimierungen nicht nur geplant, \nsondern auch effektiv in Ihrer Produktionsumgebung realisiert werden. Je nach Bedarf kann das Paket \nals <strong>Festpreis-Service<\/strong> oder als flexibles Projekt (Time &amp; Material) gebucht werden.<\/p>\n<h4>Wissensvermittlung und Training<\/h4>\n<p class=\"translation-block\">Um langfristigen Erfolg zu sichern, bietet Tricise optionale \n<a href=\"https:\/\/dani020.supserv.cozmoslabs.com\/de\/university\/\" target=\"_blank\" rel=\"noopener\"><strong>Automic Trainingsprogramme<\/strong><\/a> \n\u00fcber die <strong>Tricise University<\/strong> an. Diese Schulungen decken alles ab \u2013 von Workflow-Optimierung \nund Performance-Tuning bis hin zu fortgeschrittenen Scripting-Techniken. Ob Ihr Team Live-Schulungen, \neLearning-Module oder ma\u00dfgeschneiderte Workshops bevorzugt, das Ziel ist es, Wissen zu verankern \nund Ihre Teams in die Lage zu versetzen, optimierte Automatisierungsprozesse eigenst\u00e4ndig nachhaltig zu betreiben.<\/p>\n<ul>\n<li class=\"translation-block\">Strukturierte, trainergef\u00fchrte Automic-Schulungen und <strong>zertifizierte eLearnings<\/strong> in Englisch und Deutsch.<\/li>\n<li class=\"translation-block\"><strong>Workshops<\/strong>, die auf Ihre Automatisierungslandschaft und Systemreife zugeschnitten sind.<\/li>\n<li class=\"translation-block\"><strong><a href=\"https:\/\/dani020.supserv.cozmoslabs.com\/de\/university\/region-en\/#anchor-flat\" target=\"_blank\" rel=\"noopener\">Flatrate Pricing Model<\/a><\/strong> f\u00fcr unbegrenzten Zugang zu allen Automic-Trainingsmodulen und -Updates.<\/li>\n<\/ul>\n<h4>Zusammenfassung und Mehrwert<\/h4>\n<p class=\"translation-block\">Mit dem <strong>Automic Process Analysis and Optimization<\/strong> Paket bietet Tricise ein erprobtes Framework zur \n<strong>Steigerung der Effizienz<\/strong>, <strong>Reduzierung von Lizenzkosten<\/strong> und <strong>Optimierung von Workflows<\/strong>. \nDurch die Kombination technischer Pr\u00e4zision mit praktischer Beratungserfahrung stellen wir messbare Leistungsverbesserungen \nund langfristige Betriebssicherheit sicher. Dieser Service ist ideal f\u00fcr Organisationen, die sich auf \n<strong>Broadcoms Execution-Based Licensing (EBL)<\/strong> vorbereiten oder ihre bestehende \n<a href=\"http:\/\/automic.tricise.com\" target=\"_blank\" rel=\"noopener\"><strong>Automic Automation<\/strong><\/a>-Infrastruktur optimieren m\u00f6chten.<\/p>","protected":false},"excerpt":{"rendered":"<p>Optimieren Sie Ihre Automic-Landschaft mit dem\u00a0 <strong>Automic Prozessanalyse- und Optimierungspaket<\/strong>. Dieses Festpreispaket umfasst eine detaillierte Systemanalyse, SQL-basierte Diagnosen und ma\u00dfgeschneiderte Empfehlungen zur Leistungssteigerung, Rationalisierung von Prozessen und Verbesserung der Gesamteffizienz. Ideal, um Kosten zu senken und das Automatisierungspotenzial zu maximieren. <br><br><\/p>","protected":false},"featured_media":0,"comment_status":"closed","ping_status":"closed","template":"","meta":{"_acf_changed":false,"site-sidebar-layout":"default","site-content-layout":"","ast-site-content-layout":"default","site-content-style":"default","site-sidebar-style":"default","ast-global-header-display":"","ast-banner-title-visibility":"","ast-main-header-display":"","ast-hfb-above-header-display":"","ast-hfb-below-header-display":"","ast-hfb-mobile-header-display":"","site-post-title":"","ast-breadcrumbs-content":"","ast-featured-img":"","footer-sml-layout":"","ast-disable-related-posts":"","theme-transparent-header-meta":"default","adv-header-id-meta":"","stick-header-meta":"default","header-above-stick-meta":"","header-main-stick-meta":"","header-below-stick-meta":"","astra-migrate-meta-layouts":"set","ast-page-background-enabled":"default","ast-page-background-meta":{"desktop":{"background-color":"var(--ast-global-color-4)","background-image":"","background-repeat":"repeat","background-position":"center center","background-size":"auto","background-attachment":"scroll","background-type":"","background-media":"","overlay-type":"","overlay-color":"","overlay-opacity":"","overlay-gradient":""},"tablet":{"background-color":"","background-image":"","background-repeat":"repeat","background-position":"center center","background-size":"auto","background-attachment":"scroll","background-type":"","background-media":"","overlay-type":"","overlay-color":"","overlay-opacity":"","overlay-gradient":""},"mobile":{"background-color":"","background-image":"","background-repeat":"repeat","background-position":"center center","background-size":"auto","background-attachment":"scroll","background-type":"","background-media":"","overlay-type":"","overlay-color":"","overlay-opacity":"","overlay-gradient":""}},"ast-content-background-meta":{"desktop":{"background-color":"var(--ast-global-color-5)","background-image":"","background-repeat":"repeat","background-position":"center center","background-size":"auto","background-attachment":"scroll","background-type":"","background-media":"","overlay-type":"","overlay-color":"","overlay-opacity":"","overlay-gradient":""},"tablet":{"background-color":"var(--ast-global-color-5)","background-image":"","background-repeat":"repeat","background-position":"center center","background-size":"auto","background-attachment":"scroll","background-type":"","background-media":"","overlay-type":"","overlay-color":"","overlay-opacity":"","overlay-gradient":""},"mobile":{"background-color":"var(--ast-global-color-5)","background-image":"","background-repeat":"repeat","background-position":"center center","background-size":"auto","background-attachment":"scroll","background-type":"","background-media":"","overlay-type":"","overlay-color":"","overlay-opacity":"","overlay-gradient":""}}},"product_brand":[],"product_cat":[159],"product_tag":[],"class_list":{"0":"post-6238","1":"product","2":"type-product","3":"status-publish","5":"product_cat-consulting","6":"desktop-align-left","7":"tablet-align-left","8":"mobile-align-left","10":"first","11":"instock","12":"virtual","13":"taxable","14":"purchasable","15":"product-type-simple"},"acf":[],"_links":{"self":[{"href":"https:\/\/dani020.supserv.cozmoslabs.com\/de\/wp-json\/wp\/v2\/product\/6238","targetHints":{"allow":["GET"]}}],"collection":[{"href":"https:\/\/dani020.supserv.cozmoslabs.com\/de\/wp-json\/wp\/v2\/product"}],"about":[{"href":"https:\/\/dani020.supserv.cozmoslabs.com\/de\/wp-json\/wp\/v2\/types\/product"}],"replies":[{"embeddable":true,"href":"https:\/\/dani020.supserv.cozmoslabs.com\/de\/wp-json\/wp\/v2\/comments?post=6238"}],"wp:attachment":[{"href":"https:\/\/dani020.supserv.cozmoslabs.com\/de\/wp-json\/wp\/v2\/media?parent=6238"}],"wp:term":[{"taxonomy":"product_brand","embeddable":true,"href":"https:\/\/dani020.supserv.cozmoslabs.com\/de\/wp-json\/wp\/v2\/product_brand?post=6238"},{"taxonomy":"product_cat","embeddable":true,"href":"https:\/\/dani020.supserv.cozmoslabs.com\/de\/wp-json\/wp\/v2\/product_cat?post=6238"},{"taxonomy":"product_tag","embeddable":true,"href":"https:\/\/dani020.supserv.cozmoslabs.com\/de\/wp-json\/wp\/v2\/product_tag?post=6238"}],"curies":[{"name":"wp","href":"https:\/\/api.w.org\/{rel}","templated":true}]}}