{"id":3,"date":"2025-04-10T11:49:56","date_gmt":"2025-04-10T11:49:56","guid":{"rendered":"https:\/\/b417hp-c.myrdbx.io\/?page_id=3"},"modified":"2026-03-26T18:40:53","modified_gmt":"2026-03-26T17:40:53","slug":"politica-de-privacidad","status":"publish","type":"page","link":"https:\/\/dani020.supserv.cozmoslabs.com\/es\/privacy-policy\/","title":{"rendered":"Pol\u00edtica de privacidad"},"content":{"rendered":"<div data-elementor-type=\"wp-page\" data-elementor-id=\"3\" class=\"elementor elementor-3\">\n\t\t\t\t<div class=\"elementor-element elementor-element-57ca7f3a e-flex e-con-boxed e-con e-parent\" data-id=\"57ca7f3a\" data-element_type=\"container\" data-e-type=\"container\">\n\t\t\t\t\t<div class=\"e-con-inner\">\n\t\t\t\t<div class=\"elementor-element elementor-element-2e318cba elementor-widget elementor-widget-text-editor\" data-id=\"2e318cba\" data-element_type=\"widget\" data-e-type=\"widget\" data-widget_type=\"text-editor.default\">\n\t\t\t\t<div class=\"elementor-widget-container\">\n\t\t\t\t\t\t\t\t\t<p>La finalidad de esta Informaci\u00f3n sobre tratamiento de datos es informar a los visitantes de tricise.com, as\u00ed como a los empleados que utilizan los servicios ofrecidos por Tricise, a los solicitantes de ofertas de empleo, tareas de expertos y eventos de marketing (titulares de los datos) sobre la pr\u00e1ctica que se utiliza en relaci\u00f3n con el control de los datos personales, las medidas organizativas y t\u00e9cnicas relacionadas que se han tomado, y los derechos relacionados de los visitantes y las posibilidades disponibles para hacer valer estos derechos.<\/p>\n\n<p>Teniendo en cuenta que la finalidad de las actividades espec\u00edficas de tratamiento de datos que se definen en este documento informativo, y el m\u00e9todo de tratamiento de datos determinado conjuntamente por los Responsables del Tratamiento, (Tricise S.L) de acuerdo con el REGLAMENTO 2016\/679 del PARLAMENTO EUROPEO Y DEL CONSEJO (UE).<\/p>\n\n<h4>1. Nuestras empresas gestionan los datos personales observando los siguientes principios:<\/h4>\n<p>La gesti\u00f3n de los interesados es l\u00edcita exclusivamente si se cumple al menos una de las siguientes condiciones<\/p>\n<ul>\n  <li>el interesado ha dado su consentimiento a la gesti\u00f3n de sus datos para uno o varios fines espec\u00edficos;<\/li>\n  <li>el control de los datos es necesario para la ejecuci\u00f3n de un contrato en el que el interesado es una de las partes o es necesario para realizar determinados tr\u00e1mites a petici\u00f3n del interesado antes de la firma del contrato;<\/li>\n  <li>la gesti\u00f3n de los datos es necesaria para el cumplimiento de una obligaci\u00f3n legal que incumbe al responsable del tratamiento;<\/li>\n  <li>la gesti\u00f3n de los datos es necesaria para la protecci\u00f3n de los intereses vitales del interesado o de otra persona f\u00edsica;<\/li>\n  <li>el tratamiento de los datos es necesario para la defensa de los intereses leg\u00edtimos del responsable del tratamiento o de un tercero, salvo si dichos intereses o los derechos y libertades esenciales del interesado gozan de prioridad con respecto a estos intereses, lo que hace necesaria la protecci\u00f3n de los datos personales;<\/li>\n<\/ul>\n<p>El tratamiento de datos tiene que cumplir la finalidad del tratamiento de datos en cada una de sus fases. El registro, almacenamiento y posterior control de los datos personales deben ser justos y l\u00edcitos.<\/p>\n<p>La captura de datos personales s\u00f3lo puede hacerse con una finalidad claramente definida. S\u00f3lo podr\u00e1n capturarse aquellos datos personales que sean imprescindibles, esenciales para alcanzar la finalidad del tratamiento de datos. Los responsables del tratamiento no podr\u00e1n tratar estos datos personales para ning\u00fan otro fin incompatible.<\/p>\n<p>Los datos personales podr\u00e1n ser controlados con la debida seguridad hasta el l\u00edmite y durante el periodo necesarios para la consecuci\u00f3n de su finalidad, de forma que se excluya el acceso a los mismos de personas no autorizadas.<\/p>\n<p>La exactitud, la exhaustividad y la actualidad de los datos personales deben garantizarse en el curso del tratamiento de datos, junto con permitir la identificaci\u00f3n de la persona implicada s\u00f3lo durante el periodo que sea necesario para los fines de los datos.<\/p>\n\n<h4>2. Datos de los responsables del tratamiento<\/h4>\n<p>Tricise S.L<\/p>\n<ul>\n  <li>Denominaci\u00f3n social: TRICISE, S.L.<\/li>\n  <li>CIF: ESB40656654<\/li>\n  <li>Domicilio social: M\u00fasico Alb\u00e9niz, 8 - 46010 - Valencia, ESPA\u00d1A<\/li>\n  <li>Tel\u00e9fono: +34686486338<\/li>\n  <li>Correo electr\u00f3nico: <a href=\"mailto:info@tricise.com\">info@tricise.com<\/a><\/li>\n<\/ul>\n\n<h4>3. Base jur\u00eddica del tratamiento de datos<\/h4>\n<p>En base a la Secci\u00f3n 6 a) del REGLAMENTO 2016\/679 DEL PARLAMENTO EUROPEO Y DEL CONSEJO (UE), el interesado da su consentimiento para la gesti\u00f3n de sus datos personales con el fin de uno o m\u00e1s prop\u00f3sitos espec\u00edficos definidos a continuaci\u00f3n. El procesamiento de los datos puede implementarse sobre la base de las Secciones 6 b), c), d) y f) del REGLAMENTO 2016\/679 DEL PARLAMENTO EUROPEO Y DEL CONSEJO (UE) (\u201cGDPR\u201d) ASIMISMO.<\/p>\n\n<h4>4. Los interesados en el tratamiento de datos<\/h4>\n<p>Personas contactadas para establecer una futura relaci\u00f3n laboral u otra relaci\u00f3n contractual que aparezca en los Responsables del Tratamiento - participaci\u00f3n en un proceso de selecci\u00f3n o en un evento de marketing.<\/p>\n\n<h4>5. 5. Finalidad del tratamiento de datos<\/h4>\n<p><strong>Facilitar la contrataci\u00f3n de expertos y la aplicaci\u00f3n del proceso de selecci\u00f3n:<\/strong><\/p>\n<ul>\n  <li>Facilitar la contrataci\u00f3n de expertos (futuros empleados o subcontratistas, socios contratados)<\/li>\n  <li>para recoger y mantener el contacto con las partes implicadas<\/li>\n  <li>para llevar a cabo el procedimiento de selecci\u00f3n,<\/li>\n  <li>con el fin de establecer y mantener una relaci\u00f3n jur\u00eddica contractual<\/li>\n  <li>para la educaci\u00f3n y ofrecer m\u00f3dulos de formaci\u00f3n personalizados<\/li>\n<\/ul>\n<p>de la siguiente manera<\/p>\n<ul>\n  <li>el interesado solicita las tareas, proyectos que se anuncian en el sitio web de las empresas o en otras interfaces publicitarias o basadas en la recomendaci\u00f3n interna o<\/li>\n  <li>poniendo sus datos personales a disposici\u00f3n de un tercero a trav\u00e9s de su propio sitio web o de otros sitios web, o a trav\u00e9s de redes comunitarias (por ejemplo, Linkedin).<\/li>\n<\/ul>\n<p>En el caso de la solicitud, en relaci\u00f3n con los datos facilitados por el interesado, la finalidad del tratamiento de datos es permitir a los Responsables del tratamiento notificar al interesado en los puntos de accesibilidad determinados las oportunidades de tareas o proyectos que puedan ser interesantes para el interesado y que correspondan a su formaci\u00f3n y carrera profesional, y su base jur\u00eddica es el consentimiento del interesado, por lo que como requisito previo a la solicitud de un puesto, tarea o anuncio de oportunidad de proyecto, el interesado solicitante tiene que dar su consentimiento previo y voluntario al tratamiento de sus datos personales.<\/p>\n<p><strong>Organizaci\u00f3n de eventos de marketing:<\/strong><br>Organizar eventos profesionales y de otro tipo para socios, posibles socios y personas interesadas, enviar avisos en relaci\u00f3n con estos eventos y mantener el contacto con ellos.<\/p>\n\n<h4>6. \u00c1mbito de los datos personales controlados<\/h4>\n<p><strong>Facilitar la contrataci\u00f3n de expertos y ejecutar el siguiente proceso de selecci\u00f3n:<\/strong><\/p>\n<p>Datos solicitados por los responsables del tratamiento sobre el interesado con el fin de seleccionar a la persona m\u00e1s adecuada para el puesto\/la tarea en cuesti\u00f3n:<\/p>\n<p>Nombre (nombre y apellidos), direcci\u00f3n, n\u00famero de tel\u00e9fono, direcci\u00f3n de correo electr\u00f3nico, nombre del lugar de trabajo actual, per\u00edodo de experiencia profesional, lista de competencias profesionales, en caso de que se cargue el curr\u00edculum vitae entregado, los datos que figuran en el CV, y en caso de inscripci\u00f3n a trav\u00e9s de redes comunitarias (por ejemplo, ID de Linkedin), clasificaci\u00f3n del sector de empleo.<\/p>\n<p>Los Responsables del Tratamiento, en inter\u00e9s del futuro empleo del interesado, transmiten los datos personales (su curr\u00edculum vitae) como parte de su solicitud, bas\u00e1ndose en el consentimiento voluntario incluido en la solicitud a los socios, iniciadores que tienen una relaci\u00f3n legal contractual con los Responsables del Tratamiento, como futuro cliente, tras haber examinado la posibilidad de emplear al interesado para los puestos\/tareas ofrecidos por el cliente y siempre que seg\u00fan su criterio el interesado, bas\u00e1ndose en las expectativas del cliente pueda ser apto para ocupar el puesto\/realizar las tareas.<\/p>\n<p><strong>Organizaci\u00f3n de eventos de marketing:<\/strong><br>Datos facilitados por el interesado:<\/p>\n<p>Nombre (nombre y apellidos), nombre del empleador, cargo, direcci\u00f3n, n\u00famero de tel\u00e9fono, direcci\u00f3n de correo electr\u00f3nico y, en caso de inscripci\u00f3n a trav\u00e9s de una red comunitaria, los identificadores correspondientes (por ejemplo, ID de Linkedin).<\/p>\n\n<h4>6a. Tratamiento de datos de localizaci\u00f3n<\/h4>\n<p>Para proporcionar contenidos espec\u00edficos de la regi\u00f3n, adaptaciones ling\u00fc\u00edsticas y ofertas de cursos relevantes, Tricise S.L. procesa datos de localizaci\u00f3n aproximados basados en la direcci\u00f3n IP del visitante del sitio web. Este procesamiento se limita a la localizaci\u00f3n a nivel de pa\u00eds o regi\u00f3n y no implica un seguimiento preciso de la ubicaci\u00f3n (por ejemplo, GPS).<\/p>\n<p>Lo siguiente se aplica al tratamiento de datos basados en la localizaci\u00f3n:<\/p>\n<ul>\n  <li><strong>Tipo de datos:<\/strong> Ubicaci\u00f3n geogr\u00e1fica aproximada derivada de la direcci\u00f3n IP (a nivel de pa\u00eds\/regi\u00f3n)<\/li>\n  <li><strong>Prop\u00f3sito:<\/strong> Adaptar el lenguaje, el contenido y la oferta de cursos del sitio web a la regi\u00f3n del visitante.<\/li>\n  <li><strong>Base jur\u00eddica:<\/strong> Art. 6 (1) lit. f GDPR - inter\u00e9s leg\u00edtimo del Responsable del Tratamiento en ofrecer contenidos relevantes a nivel regional.<\/li>\n  <li><strong>Retenci\u00f3n:<\/strong> Los datos de localizaci\u00f3n basados en IP no se almacenan m\u00e1s all\u00e1 de la sesi\u00f3n activa a menos que se capturen como parte de una cookie anal\u00edtica (v\u00e9ase la Secci\u00f3n 13).<\/li>\n  <li><strong>Terceros:<\/strong> Los datos de localizaci\u00f3n pueden ser procesados por servicios de terceros como Cloudflare (infraestructura) y Google Analytics (an\u00e1lisis), como se indica en la secci\u00f3n 13.<\/li>\n<\/ul>\n<p>Los visitantes pueden optar por no participar en la personalizaci\u00f3n de contenidos basada en la ubicaci\u00f3n utilizando una VPN o ajustando la configuraci\u00f3n de su navegador o de las cookies, tal como se describe en la secci\u00f3n 13.<\/p>\n\n<h4>7. Transmisi\u00f3n de datos<\/h4>\n<p>Los encargados del tratamiento transmiten los datos personales tratados a los clientes\/socios contractuales clasificados como responsables del tratamiento, que mantienen con ellos una relaci\u00f3n jur\u00eddica contractual de tratamiento de datos o clasificados como corresponsables del tratamiento junto con ellos, y a los miembros del grupo empresarial del responsable del tratamiento (Tricise S.L.).<\/p>\n\n<h4>8. Duraci\u00f3n del tratamiento de datos<\/h4>\n<p>A falta de cualquier otra obligaci\u00f3n legislativa, los Responsables del tratamiento conservar\u00e1n y tratar\u00e1n los datos personales durante tres (3) a\u00f1os. Este periodo podr\u00e1 prorrogarse exclusivamente con el consentimiento del interesado. La finalidad de la conservaci\u00f3n de los datos es permitir a los Responsables del tratamiento notificar al interesado tambi\u00e9n en el futuro, en inter\u00e9s del interesado, las oportunidades de empleo, tareas de expertos, proyectos y eventos de marketing que correspondan a sus experiencias, formaci\u00f3n.<\/p>\n<p>El interesado es responsable de la exactitud de los datos facilitados. El interesado podr\u00e1 solicitar a los Responsables del Tratamiento la rectificaci\u00f3n de sus datos personales en cualquier momento, en caso de que se modifiquen. Los responsables del tratamiento corregir\u00e1n los datos no veraces a petici\u00f3n del beneficiario, y suprimir\u00e1n los datos err\u00f3neos. La solicitud de rectificaci\u00f3n deber\u00e1 indicarse en cualquiera de los puntos de acceso de los responsables del tratamiento de datos indicados anteriormente.<\/p>\n\n<h4>9. Derechos de los interesados<\/h4>\n<p>El interesado puede solicitar que se le informe sobre el tratamiento de sus datos personales, puede solicitar la rectificaci\u00f3n, el bloqueo o la supresi\u00f3n de sus datos personales en los puntos de acceso de los responsables del tratamiento de datos que se indican a continuaci\u00f3n.<\/p>\n<p>A petici\u00f3n del interesado, los responsables del tratamiento facilitar\u00e1n informaci\u00f3n sobre los datos que tratan, sobre sus fuentes, la finalidad del tratamiento de datos, su base jur\u00eddica, su duraci\u00f3n y las circunstancias de cualquier incidente relacionado con la protecci\u00f3n de datos que se produzca, as\u00ed como sus repercusiones y las medidas que se introdujeron para prevenir el incidente, adem\u00e1s -en caso de que se transmitan los datos personales del interesado- la base jur\u00eddica de la transmisi\u00f3n de datos y su destinatario.<\/p>\n<p>Los Responsables del Tratamiento -si disponen de un delegado de protecci\u00f3n de datos, a trav\u00e9s del delegado de protecci\u00f3n de datos-, con el fin de comprobar las medidas relacionadas con los incidentes de protecci\u00f3n de datos y para informar al interesado, llevan un registro, que debe contener el alcance de los datos personales del interesado, el rango y n\u00famero de los implicados en el incidente de protecci\u00f3n de datos, el momento del incidente de protecci\u00f3n de datos, sus circunstancias, su impacto y las medidas que se introdujeron para evitarlo, y los dem\u00e1s datos que se definen en la legislaci\u00f3n que estipula el tratamiento de los datos. Los Responsables del Tratamiento tienen que notificar cualquier incidente de protecci\u00f3n de datos que afecte a los datos personales que controlan a la autoridad de protecci\u00f3n de datos competente en un plazo de 72 horas tras tener conocimiento del mismo.<\/p>\n<p>Los responsables del tratamiento responder\u00e1n a las solicitudes relativas al suministro de informaci\u00f3n sobre los datos sin demora injustificada tras su recepci\u00f3n y, en cualquier caso, en un plazo m\u00e1ximo de 25 d\u00edas.<\/p>\n<p>Si el interesado tiene alguna duda sobre el control de sus datos, en primer lugar debe ponerse en contacto con los Responsables del Tratamiento (<a href=\"mailto:info@tricise.com\">info@tricise.com<\/a>) con el fin de que se resuelva su duda lo antes posible. Si esto no tuviera \u00e9xito, podr\u00e1 solicitar a la Agencia Espa\u00f1ola de Protecci\u00f3n de Datos (AEPD, C\/ Jorge Juan, 6 28001-Madrid, contacto) que investigue el caso y tambi\u00e9n podr\u00e1 acudir a los tribunales, por tratamiento il\u00edcito de datos. Las disposiciones legales detalladas al respecto y las obligaciones del responsable del tratamiento se recogen en el REGLAMENTO (UE) 2016\/679 DEL PARLAMENTO EUROPEO Y DEL CONSEJO (UE), y la Ley CXII del a\u00f1o 2011 sobre autodeterminaci\u00f3n informativa y libertad de informaci\u00f3n, como legislaci\u00f3n complementaria.<\/p>\n\n<h4>10. Menores de edad<\/h4>\n<p>Los Responsables del Tratamiento no recomiendan el uso de los servicios a menores de edad, de edad inferior a dieciocho (18) a\u00f1os, y no captan conscientemente informaci\u00f3n sobre personas de este tipo.<\/p>\n\n<h4>11. 11. Seguridad de los datos<\/h4>\n<p>Los responsables del tratamiento aplican medidas t\u00e9cnicas y de protecci\u00f3n de datos adecuadas para proteger los datos personales del interesado contra la p\u00e9rdida fortuita de datos y el acceso, la utilizaci\u00f3n, la modificaci\u00f3n y\/o la publicaci\u00f3n no autorizados, y para cumplir la legislaci\u00f3n vigente en materia de protecci\u00f3n de datos.<\/p>\n\n<h4>12. Supresi\u00f3n de los datos personales<\/h4>\n<p>El interesado puede solicitar en cualquier momento la supresi\u00f3n de sus datos personales controlados por los responsables del tratamiento. La solicitud de supresi\u00f3n debe enviarse por correo electr\u00f3nico a la direcci\u00f3n siguiente <a href=\"mailto:info@tricise.com\">info@tricise.com<\/a>. Los responsables del tratamiento suprimir\u00e1n los datos cuya supresi\u00f3n se solicite en un plazo de 5 d\u00edas laborables a partir de la recepci\u00f3n de la solicitud de supresi\u00f3n. (En caso de supresi\u00f3n, los datos visualizados no podr\u00e1n restablecerse).<\/p>\n\n<h4>13. Cookies<\/h4>\n<p><strong>\u00bfQu\u00e9 son las cookies?<\/strong><br>\nEsta Pol\u00edtica de Cookies explica qu\u00e9 son las cookies y c\u00f3mo las utilizamos, los tipos de cookies que utilizamos, es decir, la informaci\u00f3n que recopilamos utilizando cookies y c\u00f3mo se utiliza esa informaci\u00f3n, y c\u00f3mo gestionar la configuraci\u00f3n de las cookies. Las cookies son peque\u00f1os archivos de texto que se utilizan para almacenar peque\u00f1as piezas de informaci\u00f3n. Se almacenan en su dispositivo cuando el sitio web se carga en su navegador. Estas cookies nos ayudan a hacer que el sitio web funcione correctamente, a hacerlo m\u00e1s seguro, a proporcionar una mejor experiencia al usuario y a entender c\u00f3mo funciona el sitio web y analizar qu\u00e9 funciona y en qu\u00e9 aspectos necesita mejoras.<\/p>\n\n<p><strong>\u00bfC\u00f3mo utilizamos las cookies?<\/strong><br>\nComo la mayor\u00eda de los servicios en l\u00ednea, nuestro sitio web utiliza cookies propias y de terceros para diversos fines. Las cookies de origen son en su mayor\u00eda necesarias para que el sitio web funcione correctamente, y no recogen ning\u00fan dato personal que pueda identificarle. Las cookies de terceros utilizadas en nuestro sitio web sirven principalmente para comprender c\u00f3mo funciona el sitio web, c\u00f3mo interact\u00faa usted con nuestro sitio web, mantener nuestros servicios seguros, ofrecer anuncios que sean relevantes para usted y, en definitiva, proporcionarle una experiencia de usuario mejor y m\u00e1s r\u00e1pida y ayudarle a agilizar sus futuras interacciones con nuestro sitio web.<\/p>\n\n<p><strong>Tipos de cookies<\/strong><br>Utilizamos<\/p>\n<div class=\"cky-audit-table-element\"><\/div>\n\n<p><strong>Gestionar las preferencias de cookies<\/strong><br>\n<a class=\"cky-banner-element\">Configuraci\u00f3n de cookies<\/a><br>\nPuede cambiar sus preferencias sobre cookies en cualquier momento haciendo clic en el bot\u00f3n anterior. Esto le permitir\u00e1 volver a visitar el banner de consentimiento de cookies y cambiar sus preferencias o retirar su consentimiento de inmediato.<\/p>\n<p>Adem\u00e1s, los distintos navegadores ofrecen diferentes m\u00e9todos para bloquear y eliminar las cookies utilizadas por los sitios web. Puede cambiar la configuraci\u00f3n de su navegador para bloquear\/eliminar las cookies. A continuaci\u00f3n encontrar\u00e1 los enlaces a los documentos de ayuda sobre c\u00f3mo gestionar y eliminar las cookies de los principales navegadores web.<\/p>\n<ul>\n  <li>Cromo: <a href=\"https:\/\/support.google.com\/accounts\/answer\/32050\" target=\"_blank\" rel=\"noopener\">https:\/\/support.google.com\/accounts\/answer\/32050<\/a><\/li>\n  <li>Safari: <a href=\"https:\/\/support.apple.com\/en-in\/guide\/safari\/sfri11471\/mac\" target=\"_blank\" rel=\"noopener\">https:\/\/support.apple.com\/en-in\/guide\/safari\/sfri11471\/mac<\/a><\/li>\n  <li>Firefox: <a href=\"https:\/\/support.mozilla.org\/en-US\/kb\/clear-cookies-and-site-data-firefox?redirectslug=delete-cookies-remove-info-websites-stored&#038;redirectlocale=en-US\" target=\"_blank\" rel=\"noopener\">https:\/\/support.mozilla.org\/en-US\/kb\/clear-cookies-and-site-data-firefox<\/a><\/li>\n  <li>Internet Explorer: <a href=\"https:\/\/support.microsoft.com\/en-us\/topic\/how-to-delete-cookie-files-in-internet-explorer-bca9446f-d873-78de-77ba-d42645fa52fc\" target=\"_blank\" rel=\"noopener\">https:\/\/support.microsoft.com\/en-us\/topic\/how-to-delete-cookie-files-in-internet-explorer<\/a><\/li>\n<\/ul>\n<p>Si utiliza cualquier otro navegador, consulte la documentaci\u00f3n oficial de su navegador.<\/p>\n<em>Pol\u00edtica de cookies generada por <a href=\"https:\/\/www.cookieyes.com\/?utm_source=CP&#038;utm_medium=footer&#038;utm_campaign=UW\" target=\"_blank\" rel=\"noopener\">CookieYes - Generador de pol\u00edtica de cookies<\/a>.<\/em>\n\n<h4>14. Opciones para modificar este documento de informaci\u00f3n sobre el tratamiento de datos<\/h4>\n<p>Los Responsables del Tratamiento se reservan el derecho a modificar unilaterallymente el presente Documento de Informaci\u00f3n sobre Tratamiento de Datos, notific\u00e1ndolo previamente a los usuarios del sitio web. El usuario del sitio web que utilice el servicio despu\u00e9s de la fecha efectiva de la modificaci\u00f3n acepta las normas de tratamiento de datos modificadas.<\/p>\n\n<h4>15. Datos de contacto<\/h4>\n<p>Si los interesados o usuarios tienen alguna pregunta o duda en relaci\u00f3n con este documento de informaci\u00f3n sobre protecci\u00f3n de datos, deben ponerse en contacto con los responsables del tratamiento en la direcci\u00f3n <a href=\"mailto:info@tricise.com\">info@tricise.com<\/a> direcci\u00f3n de correo electr\u00f3nico.<\/p>\t\t\t\t\t\t\t\t<\/div>\n\t\t\t\t<\/div>\n\t\t\t\t\t<\/div>\n\t\t\t\t<\/div>\n\t\t\t\t<\/div>","protected":false},"excerpt":{"rendered":"<p>The purpose of this Data Processing Information is to inform the visitors of tricise.com, as well as the employees that [&hellip;]<\/p>\n","protected":false},"author":1,"featured_media":0,"parent":0,"menu_order":0,"comment_status":"closed","ping_status":"open","template":"","meta":{"_acf_changed":false,"site-sidebar-layout":"default","site-content-layout":"","ast-site-content-layout":"default","site-content-style":"default","site-sidebar-style":"default","ast-global-header-display":"","ast-banner-title-visibility":"","ast-main-header-display":"","ast-hfb-above-header-display":"","ast-hfb-below-header-display":"","ast-hfb-mobile-header-display":"","site-post-title":"","ast-breadcrumbs-content":"","ast-featured-img":"","footer-sml-layout":"","ast-disable-related-posts":"","theme-transparent-header-meta":"","adv-header-id-meta":"","stick-header-meta":"","header-above-stick-meta":"","header-main-stick-meta":"","header-below-stick-meta":"","astra-migrate-meta-layouts":"default","ast-page-background-enabled":"default","ast-page-background-meta":{"desktop":{"background-color":"var(--ast-global-color-4)","background-image":"","background-repeat":"repeat","background-position":"center center","background-size":"auto","background-attachment":"scroll","background-type":"","background-media":"","overlay-type":"","overlay-color":"","overlay-opacity":"","overlay-gradient":""},"tablet":{"background-color":"","background-image":"","background-repeat":"repeat","background-position":"center center","background-size":"auto","background-attachment":"scroll","background-type":"","background-media":"","overlay-type":"","overlay-color":"","overlay-opacity":"","overlay-gradient":""},"mobile":{"background-color":"","background-image":"","background-repeat":"repeat","background-position":"center center","background-size":"auto","background-attachment":"scroll","background-type":"","background-media":"","overlay-type":"","overlay-color":"","overlay-opacity":"","overlay-gradient":""}},"ast-content-background-meta":{"desktop":{"background-color":"var(--ast-global-color-5)","background-image":"","background-repeat":"repeat","background-position":"center center","background-size":"auto","background-attachment":"scroll","background-type":"","background-media":"","overlay-type":"","overlay-color":"","overlay-opacity":"","overlay-gradient":""},"tablet":{"background-color":"var(--ast-global-color-5)","background-image":"","background-repeat":"repeat","background-position":"center center","background-size":"auto","background-attachment":"scroll","background-type":"","background-media":"","overlay-type":"","overlay-color":"","overlay-opacity":"","overlay-gradient":""},"mobile":{"background-color":"var(--ast-global-color-5)","background-image":"","background-repeat":"repeat","background-position":"center center","background-size":"auto","background-attachment":"scroll","background-type":"","background-media":"","overlay-type":"","overlay-color":"","overlay-opacity":"","overlay-gradient":""}},"footnotes":""},"class_list":["post-3","page","type-page","status-publish","hentry"],"acf":[],"_links":{"self":[{"href":"https:\/\/dani020.supserv.cozmoslabs.com\/es\/wp-json\/wp\/v2\/pages\/3","targetHints":{"allow":["GET"]}}],"collection":[{"href":"https:\/\/dani020.supserv.cozmoslabs.com\/es\/wp-json\/wp\/v2\/pages"}],"about":[{"href":"https:\/\/dani020.supserv.cozmoslabs.com\/es\/wp-json\/wp\/v2\/types\/page"}],"author":[{"embeddable":true,"href":"https:\/\/dani020.supserv.cozmoslabs.com\/es\/wp-json\/wp\/v2\/users\/1"}],"replies":[{"embeddable":true,"href":"https:\/\/dani020.supserv.cozmoslabs.com\/es\/wp-json\/wp\/v2\/comments?post=3"}],"version-history":[{"count":13,"href":"https:\/\/dani020.supserv.cozmoslabs.com\/es\/wp-json\/wp\/v2\/pages\/3\/revisions"}],"predecessor-version":[{"id":13855,"href":"https:\/\/dani020.supserv.cozmoslabs.com\/es\/wp-json\/wp\/v2\/pages\/3\/revisions\/13855"}],"wp:attachment":[{"href":"https:\/\/dani020.supserv.cozmoslabs.com\/es\/wp-json\/wp\/v2\/media?parent=3"}],"curies":[{"name":"wp","href":"https:\/\/api.w.org\/{rel}","templated":true}]}}