{"id":10374,"date":"2025-09-22T14:53:08","date_gmt":"2025-09-22T12:53:08","guid":{"rendered":"https:\/\/b417hp-c.myrdbx.io\/?post_type=product&#038;p=10374"},"modified":"2026-03-30T13:28:08","modified_gmt":"2026-03-30T11:28:08","slug":"tricise-university-automic-equipo-de-formacion-tarifa-plana-4","status":"publish","type":"product","link":"https:\/\/dani020.supserv.cozmoslabs.com\/es\/shop\/tricise-university-automic-training-team-flatrate\/","title":{"rendered":"Formaci\u00f3n Automic Nivel 1: Tarifa Plana para Equipos <br>(m\u00e1x. 5 usuarios)"},"content":{"rendered":"<section id=\"tier-1\" aria-labelledby=\"tier-1-title\">\n<h3 id=\"tier-1-title\"><strong>Automic Nivel de formaci\u00f3n 1: Tarifa plana para equipos (m\u00e1x. 5 usuarios)<\/strong><\/h3>\n<p class=\"translation-block\">La <strong>Tarifa Plana para Equipos<\/strong> se aplica exclusivamente a los programas de formaci\u00f3n <strong>Automic<\/strong> ofrecidos en<a href=\"https:\/\/university.tricise.com\" target=\"_blank\" rel=\"noopener\"><strong> Tricise University<\/strong><\/a>. Proporciona a grupos peque\u00f1os <strong>acceso ilimitado<\/strong> a la cartera de aprendizaje completa durante una duraci\u00f3n fija de <strong>12 meses<\/strong>. Dise\u00f1ada para apoyar el aprendizaje colaborativo y la elaboraci\u00f3n de presupuestos predecibles, esta suscripci\u00f3n permite a los equipos acceder a todos<a href=\"http:\/\/automic.tricise.com\" target=\"_blank\" rel=\"noopener\"><strong> Automic Automation<\/strong><\/a> los cursos -incluidos Autoaprendizaje, sesiones en directo y m\u00f3dulos especializados- sin aprobaciones individuales ni l\u00edmites de reserva.<\/p>\n<h4>Capacite a su equipo con formaci\u00f3n ilimitada<\/h4>\n<p class=\"translation-block\">La <strong>Formaci\u00f3n con tarifa plana para equipos Automic<\/strong> permite que hasta cinco usuarios estudien de forma simult\u00e1nea, dando soporte a peque\u00f1os departamentos, grupos de proyectos y empresas de nueva creaci\u00f3n que desean estandarizar sus habilidades de automatizaci\u00f3n. Cada miembro disfruta de acceso a planes de estudios estructurados, ejercicios guiados y sesiones de expertos, lo que garantiza una comprensi\u00f3n compartida y una capacidad coherente en todo el equipo. El plan promueve la colaboraci\u00f3n, ayudando a los equipos a aprender m\u00e1s r\u00e1pido, alinear los procesos y aplicar las mejores pr\u00e1cticas Automic en escenarios del mundo real.<\/p>\n<h4>\u00bfPor qu\u00e9 elegir la tarifa plana para equipos?<\/h4>\n<p class=\"translation-block\">Este nivel es el punto de entrada ideal para organizaciones que buscan <strong>institucionalizar el conocimiento Automic<\/strong> dentro de sus equipos. En lugar de pagar los cursos por separado, obtendr\u00e1 plena libertad para aprender, en cualquier momento y lugar, con todos los m\u00f3dulos actuales y futuros incluidos. El modelo de precios <a href=\"https:\/\/dani020.supserv.cozmoslabs.com\/es\/university\/region-en\/#anchor-flat\" target=\"_blank\" rel=\"noopener\"><strong>Flatrate<\/strong><\/a> elimina los cuellos de botella en la aprobaci\u00f3n y permite una formaci\u00f3n proactiva y continua. Incluso despu\u00e9s de unos pocos cursos por persona, la inversi\u00f3n se amortiza gracias al aumento de la productividad y la reducci\u00f3n de los gastos administrativos.<\/p>\n<h4>Amplias opciones de aprendizaje<\/h4>\n<ul>\n<li class=\"translation-block\"><strong>Cursos de autoaprendizaje<\/strong> - Unidades de eLearning a la carta con cuestionarios, laboratorios y ejemplos pr\u00e1cticos para un aprendizaje flexible.<\/li>\n<li class=\"translation-block\"><strong>Clases dirigidas por instructores<\/strong> - Sesiones interactivas con <a href=\"https:\/\/dani020.supserv.cozmoslabs.com\/es\/\" target=\"_blank\" rel=\"noopener\"><strong>Instructores de Tricise<\/strong><\/a> certificados para pr\u00e1cticas guiadas y debates en profundidad.<\/li>\n<li class=\"translation-block\"><strong>M\u00f3dulos Expertos<\/strong> - Temas especializados que incluyen Scripting, Funcionalidad AI y Optimizaci\u00f3n del Flujo de Trabajo, actualizados continuamente para reflejar los nuevos <a href=\"https:\/\/www.broadcom.com\" target=\"_blank\" rel=\"noopener\"><strong>Broadcom<\/strong><\/a> lanzamientos.<\/li>\n<\/ul>\n<h4>Principales ventajas de la tarifa plana para equipos<\/h4>\n<ul>\n<li class=\"translation-block\"><strong>Costes predecibles:<\/strong> Precio fijo anual para hasta cinco usuarios: sin tarifas ocultas ni retrasos en la aprobaci\u00f3n.<\/li>\n<li class=\"translation-block\"><strong>Aumento de los conocimientos compartidos:<\/strong> La igualdad de acceso garantiza que no haya lagunas de competencias en el equipo.<\/li>\n<li class=\"translation-block\"><strong>Significativo ROI:<\/strong> Ahorre hasta 65 % en comparaci\u00f3n con las reservas de cursos individuales a la vez que mejora el rendimiento del equipo.<\/li>\n<li class=\"translation-block\"><strong>Acceso ilimitado:<\/strong> Todos los m\u00f3dulos Automic, contenidos de Autoaprendizaje y sesiones en directo incluidos durante el periodo completo de 12 meses.<\/li>\n<li class=\"translation-block\"><strong>Oportunidades de certificaci\u00f3n:<\/strong> Los miembros del equipo pueden obtener certificados Tricise University reconocidos en todos los sectores.<\/li>\n<\/ul>\n<h4>Dise\u00f1ado para equipos din\u00e1micos<\/h4>\n<p class=\"translation-block\">La <strong>Tarifa Plana para Equipos<\/strong> se ha creado para equipos que trabajan con rapidez en proyectos de <a href=\"http:\/\/automic.tricise.com\" target=\"_blank\" rel=\"noopener\"><strong> Automic Automation<\/strong><\/a>, ya sean locales o en <a href=\"https:\/\/www.broadcom.com\" target=\"_blank\" rel=\"noopener\"><strong> Automic SaaS<\/strong><\/a>. Garantiza el aprendizaje continuo a la vez que se adapta a los cambios en la composici\u00f3n de los equipos, permitiendo una f\u00e1cil reasignaci\u00f3n de licencias cuando los empleados cambian de funci\u00f3n o de proyecto.<\/p>\n<h4>Flexibilidad ling\u00fc\u00edstica<\/h4>\n<p class=\"translation-block\">Los cursos est\u00e1n disponibles tanto en <strong>ingl\u00e9s como en alem\u00e1n<\/strong> y pueden completarse como <strong>formaci\u00f3n electr\u00f3nica en l\u00ednea<\/strong> o <strong>aulas virtuales<\/strong>. Esta flexibilidad permite a su organizaci\u00f3n combinar las ventajas del estudio a su propio ritmo con la interacci\u00f3n y la colaboraci\u00f3n en tiempo real.<\/p>\n<h4>C\u00f3mo suscribirse<\/h4>\n<p class=\"translation-block\">La inscripci\u00f3n es r\u00e1pida y sencilla. Visite la p\u00e1gina oficial de la <a href=\"https:\/\/dani020.supserv.cozmoslabs.com\/es\/tienda\/tricise-university-automic-equipo-de-formacion-tarifa-plana-4\/\" target=\"_blank\" rel=\"noopener\"><strong> Tienda Tricise University<\/strong><\/a>, seleccione el paquete <strong>Tarifa Plana de Equipo<\/strong> y complete el pago. Una vez confirmado el <strong>pago<\/strong>, la suscripci\u00f3n se registra autom\u00e1ticamente en nuestro sistema. A continuaci\u00f3n, cada miembro del equipo puede utilizar su <strong>direcci\u00f3n de correo electr\u00f3nico<\/strong> para crear una cuenta en el <a href=\"https:\/\/university.tricise.com\" target=\"_blank\" rel=\"noopener\"><strong> portal University<\/strong><\/a>, salt\u00e1ndose cualquier otro paso de pago. Esto garantiza el acceso inmediato y sin problemas a todos los contenidos de formaci\u00f3n para su equipo.<\/p>\n<h4>Aprendizaje escalable para organizaciones en crecimiento<\/h4>\n<p class=\"translation-block\">La Tarifa Plana de Equipo es la base para escalar su estrategia de formaci\u00f3n. A medida que su organizaci\u00f3n crezca, podr\u00e1 pasar f\u00e1cilmente al<a href=\"https:\/\/dani020.supserv.cozmoslabs.com\/es\/university\/region-en\/#anchor-flat\" target=\"_blank\" rel=\"noopener\"><strong>Departamento (Nivel 2)<\/strong><\/a><br>\r\no <a href=\"https:\/\/dani020.supserv.cozmoslabs.com\/es\/university\/region-en\/#anchor-flat\" target=\"_blank\" rel=\"noopener\"><strong>Divisi\u00f3n (Nivel 3)<\/strong><\/a> para ofrecer a equipos m\u00e1s grandes las mismas ventajas de aprendizaje ilimitado a un coste por usuario a\u00fan menor.<\/p>\n<h4>Resumen: Aprendizaje sin l\u00edmites<\/h4>\n<p class=\"translation-block\">Con <strong>Team Flat Rate Automic Training<\/strong>, los equipos peque\u00f1os consiguen un crecimiento constante de los conocimientos, una reducci\u00f3n del esfuerzo administrativo y un aumento cuantificable de la eficacia. El resultado es una plantilla m\u00e1s fuerte y \u00e1gil que se mantiene alineada con las \u00faltimas <a href=\"https:\/\/www.broadcom.com\" target=\"_blank\" rel=\"noopener\"><strong>Broadcom Automic<\/strong><\/a> innovaciones y mejores pr\u00e1cticas.<\/p>\n<p style=\"margin-top: 1em;\"><a href=\"https:\/\/university.tricise.com\" target=\"_blank\" rel=\"noopener\"><strong>M\u00e1s informaci\u00f3n y c\u00f3mo empezar en Tricise University \u2192<\/strong><\/a><\/p>\n<\/section>","protected":false},"excerpt":{"rendered":"<p class=\"translation-block\">Potencia a los equipos peque\u00f1os con el paquete <strong>Tarifa Plana para Equipos<\/strong>. Disfruta de acceso ilimitado a Automic Selfstudy, sesiones dirigidas por expertos y todos los m\u00f3dulos de formaci\u00f3n durante 12 meses. Dise\u00f1ado para grupos piloto y start-ups, garantiza un nivel de habilidades homog\u00e9neo, incorporaci\u00f3n r\u00e1pida y costes predecibles.<\/p>","protected":false},"featured_media":0,"comment_status":"closed","ping_status":"closed","template":"","meta":{"_acf_changed":false,"site-sidebar-layout":"default","site-content-layout":"","ast-site-content-layout":"default","site-content-style":"default","site-sidebar-style":"default","ast-global-header-display":"","ast-banner-title-visibility":"","ast-main-header-display":"","ast-hfb-above-header-display":"","ast-hfb-below-header-display":"","ast-hfb-mobile-header-display":"","site-post-title":"","ast-breadcrumbs-content":"","ast-featured-img":"","footer-sml-layout":"","ast-disable-related-posts":"","theme-transparent-header-meta":"default","adv-header-id-meta":"","stick-header-meta":"default","header-above-stick-meta":"","header-main-stick-meta":"","header-below-stick-meta":"","astra-migrate-meta-layouts":"set","ast-page-background-enabled":"default","ast-page-background-meta":{"desktop":{"background-color":"var(--ast-global-color-4)","background-image":"","background-repeat":"repeat","background-position":"center center","background-size":"auto","background-attachment":"scroll","background-type":"","background-media":"","overlay-type":"","overlay-color":"","overlay-opacity":"","overlay-gradient":""},"tablet":{"background-color":"","background-image":"","background-repeat":"repeat","background-position":"center center","background-size":"auto","background-attachment":"scroll","background-type":"","background-media":"","overlay-type":"","overlay-color":"","overlay-opacity":"","overlay-gradient":""},"mobile":{"background-color":"","background-image":"","background-repeat":"repeat","background-position":"center center","background-size":"auto","background-attachment":"scroll","background-type":"","background-media":"","overlay-type":"","overlay-color":"","overlay-opacity":"","overlay-gradient":""}},"ast-content-background-meta":{"desktop":{"background-color":"var(--ast-global-color-5)","background-image":"","background-repeat":"repeat","background-position":"center center","background-size":"auto","background-attachment":"scroll","background-type":"","background-media":"","overlay-type":"","overlay-color":"","overlay-opacity":"","overlay-gradient":""},"tablet":{"background-color":"var(--ast-global-color-5)","background-image":"","background-repeat":"repeat","background-position":"center center","background-size":"auto","background-attachment":"scroll","background-type":"","background-media":"","overlay-type":"","overlay-color":"","overlay-opacity":"","overlay-gradient":""},"mobile":{"background-color":"var(--ast-global-color-5)","background-image":"","background-repeat":"repeat","background-position":"center center","background-size":"auto","background-attachment":"scroll","background-type":"","background-media":"","overlay-type":"","overlay-color":"","overlay-opacity":"","overlay-gradient":""}}},"product_brand":[],"product_cat":[258],"product_tag":[],"class_list":{"0":"post-10374","1":"product","2":"type-product","3":"status-publish","5":"product_cat-shop-university","6":"desktop-align-left","7":"tablet-align-left","8":"mobile-align-left","10":"first","11":"instock","12":"taxable","13":"shipping-taxable","14":"purchasable","15":"product-type-simple"},"acf":[],"_links":{"self":[{"href":"https:\/\/dani020.supserv.cozmoslabs.com\/es\/wp-json\/wp\/v2\/product\/10374","targetHints":{"allow":["GET"]}}],"collection":[{"href":"https:\/\/dani020.supserv.cozmoslabs.com\/es\/wp-json\/wp\/v2\/product"}],"about":[{"href":"https:\/\/dani020.supserv.cozmoslabs.com\/es\/wp-json\/wp\/v2\/types\/product"}],"replies":[{"embeddable":true,"href":"https:\/\/dani020.supserv.cozmoslabs.com\/es\/wp-json\/wp\/v2\/comments?post=10374"}],"wp:attachment":[{"href":"https:\/\/dani020.supserv.cozmoslabs.com\/es\/wp-json\/wp\/v2\/media?parent=10374"}],"wp:term":[{"taxonomy":"product_brand","embeddable":true,"href":"https:\/\/dani020.supserv.cozmoslabs.com\/es\/wp-json\/wp\/v2\/product_brand?post=10374"},{"taxonomy":"product_cat","embeddable":true,"href":"https:\/\/dani020.supserv.cozmoslabs.com\/es\/wp-json\/wp\/v2\/product_cat?post=10374"},{"taxonomy":"product_tag","embeddable":true,"href":"https:\/\/dani020.supserv.cozmoslabs.com\/es\/wp-json\/wp\/v2\/product_tag?post=10374"}],"curies":[{"name":"wp","href":"https:\/\/api.w.org\/{rel}","templated":true}]}}