{"id":10375,"date":"2025-09-22T14:59:06","date_gmt":"2025-09-22T12:59:06","guid":{"rendered":"https:\/\/b417hp-c.myrdbx.io\/?post_type=product&#038;p=10375"},"modified":"2026-03-30T13:29:30","modified_gmt":"2026-03-30T11:29:30","slug":"tricise-university-automic-departamento-de-formacion-tarifa-plana","status":"publish","type":"product","link":"https:\/\/dani020.supserv.cozmoslabs.com\/es\/shop\/tricise-university-automic-training-department-flat-rate\/","title":{"rendered":"Formaci\u00f3n Automic Nivel 2: Tarifa plana para Departamentos <br>(m\u00e1x. 15 usuarios)"},"content":{"rendered":"<section id=\"tier-2\" aria-labelledby=\"tier-2-title\">\n<h3 id=\"tier-2-title\"><strong>Automic Nivel de formaci\u00f3n 2: Tarifa plana por departamento (m\u00e1x. 15 usuarios)<\/strong><\/h3>\n<p class=\"translation-block\">La <strong>Tarifa Plana Departamental Automic Formaci\u00f3n<\/strong> se aplica exclusivamente a los<strong><a href=\"https:\/\/university.tricise.com\" target=\"_blank\" rel=\"noopener\"> programas de formaci\u00f3n Automic<\/a><\/strong> en<a href=\"https:\/\/dani020.supserv.cozmoslabs.com\/es\/university\/region-en\/#anchor-flat\" target=\"_blank\" rel=\"noopener\"><strong> Tricise University<\/strong><\/a>.<br>\r\nProporciona a los departamentos de tama\u00f1o medio <strong>acceso ilimitado<\/strong> a la cartera completa de formaci\u00f3n durante una duraci\u00f3n fija de <strong>12 meses<\/strong>. Al eliminar las restricciones presupuestarias y las barreras administrativas, este plan permite que cada miembro del equipo participe en los cursos que necesite, cuando los necesite.<\/p>\n<h4>Capacitar a departamentos enteros<\/h4>\n<p class=\"translation-block\">La <strong>Tarifa Plana Departamental<\/strong> est\u00e1 dise\u00f1ada para equipos de hasta 15 usuarios que desean <strong>construir un conocimiento consistente<\/strong> en todo su departamento.<br>\r\nEn lugar de asignar fondos de formaci\u00f3n s\u00f3lo a unos pocos especialistas, las organizaciones pueden asegurarse de que <em>todos los empleados<\/em> reciben la misma oportunidad de hacer crecer sus habilidades.<br>\r\nEste nivel apoya el aprendizaje hol\u00edstico, ayudando a los equipos a mejorar la colaboraci\u00f3n, compartir conocimientos y aplicar <a href=\"http:\/\/automic.tricise.com\" target=\"_blank\" rel=\"noopener\"><strong>Automic Automation<\/strong><\/a> las mejores pr\u00e1cticas en las operaciones diarias.<\/p>\n<h4>\u00bfPor qu\u00e9 elegir la tarifa plana departamental?<\/h4>\n<p class=\"translation-block\">Las organizaciones de tama\u00f1o medio se enfrentan a menudo al reto de equilibrar presupuestos limitados con la necesidad de una formaci\u00f3n amplia. La <strong>Tarifa plana departamental<\/strong> elimina este problema al ofrecer una tarifa de suscripci\u00f3n \u00fanica y predecible que cubre a todos los miembros del departamento. Cada usuario obtiene acceso ilimitado a <strong>cursos de autoaprendizaje<\/strong>, <strong>sesiones dirigidas por formadores<\/strong> y m\u00f3dulos de formaci\u00f3n avanzada <strong>Automic<\/strong>. El resultado es un equipo uniformemente cualificado que puede apoyarse mutuamente, cerrar lagunas de conocimiento y aumentar la eficiencia general.<\/p>\n<h4>Cartera de aprendizaje global<\/h4>\n<ul>\n<li class=\"translation-block\"><strong>Aprendizaje electr\u00f3nico autodidacta<\/strong> - M\u00f3dulos flexibles con laboratorios pr\u00e1cticos, cuestionarios interactivos y pruebas de certificaci\u00f3n.<\/li>\n<li class=\"translation-block\"><strong>Formaci\u00f3n dirigida por formadores<\/strong> - Cursos en directo con <a href=\"https:\/\/dani020.supserv.cozmoslabs.com\/es\/\" target=\"_blank\" rel=\"noopener\"><strong>Consultores de Tricise<\/strong><\/a> y expertos Automic certificados.<\/li>\n<li class=\"translation-block\"><strong>M\u00f3dulos de nivel experto<\/strong> - Temas especializados que incluyen secuencias de comandos, funcionalidades de IA y optimizaci\u00f3n del sistema, actualizados continuamente con cada <a href=\"https:\/\/www.broadcom.com\" target=\"_blank\" rel=\"noopener\"><strong>Broadcom<\/strong><\/a> versi\u00f3n.<\/li>\n<li class=\"translation-block\"><strong>V\u00edas de aprendizaje combinadas<\/strong> - Combine el aprendizaje digital con sesiones de preguntas y respuestas en directo para obtener el m\u00e1ximo impacto.<\/li>\n<\/ul>\n<h4>Principales ventajas de la tarifa plana departamental<\/h4>\n<ul>\n<li class=\"translation-block\"><strong>Precios predecibles:<\/strong> Una tarifa plana para hasta 15 usuarios - sin costes ocultos ni necesidad de aprobaciones.<\/li>\n<li class=\"translation-block\"><strong>Ahorro masivo:<\/strong> Consiga un ahorro de hasta 65% en comparaci\u00f3n con las reservas de cursos individuales.<\/li>\n<li class=\"translation-block\"><strong>Igualdad de conocimientos:<\/strong> Aseg\u00farese de que todos los miembros del equipo desarrollan el mismo nivel de conocimientos Automic.<\/li>\n<li class=\"translation-block\"><strong>Acceso ilimitado:<\/strong> Obtenga acceso a todos los cursos actuales y futuros durante todo el periodo de suscripci\u00f3n.<\/li>\n<li class=\"translation-block\"><strong>Oportunidades de certificaci\u00f3n:<\/strong> Los miembros del departamento pueden conseguir certificaciones Tricise University, mejorando el reconocimiento profesional.<\/li>\n<\/ul>\n<h4>Flexibilidad ling\u00fc\u00edstica y de entrega<\/h4>\n<p class=\"translation-block\">Los contenidos de formaci\u00f3n est\u00e1n disponibles tanto en <strong>ingl\u00e9s como en alem\u00e1n<\/strong> y pueden impartirse como <strong>formaci\u00f3n electr\u00f3nica en l\u00ednea<\/strong> y <strong>aulas virtuales<\/strong>.<br>\r\nEsta flexibilidad garantiza la accesibilidad a equipos y departamentos internacionales con diversas preferencias de aprendizaje.<\/p>\n<h4>\u00bfQui\u00e9n se beneficia m\u00e1s del Nivel 2?<\/h4>\n<p class=\"translation-block\">La <strong>Tarifa Plana Departamental<\/strong> es ideal para departamentos de TI, equipos de operaciones y centros de excelencia que gestionan<a href=\"http:\/\/automic.tricise.com\" target=\"_blank\" rel=\"noopener\"><strong> Automic Automation<\/strong><\/a>. Garantiza que administradores, operadores y desarrolladores compartan el mismo nivel de conocimientos, lo que se traduce en proyectos m\u00e1s eficientes y operaciones diarias m\u00e1s fluidas.<\/p>\n<h4>C\u00f3mo suscribirse<\/h4>\n<p class=\"translation-block\">Suscribirse a la Tarifa Plana Departamental es r\u00e1pido y sin complicaciones. Visite la p\u00e1gina oficial <a href=\"https:\/\/dani020.supserv.cozmoslabs.com\/es\/tienda\/tricise-university-automic-departamento-de-formacion-tarifa-plana\/\" target=\"_blank\" rel=\"noopener\"><strong>Tricise University Store page<\/strong><\/a>, seleccione el plan Tarifa Plana Departamental y complete el pago en l\u00ednea. Una vez realizado el pago con \u00e9xito, su suscripci\u00f3n se registra autom\u00e1ticamente en nuestro sistema. A continuaci\u00f3n, cada miembro del equipo puede utilizar su <strong>direcci\u00f3n de correo electr\u00f3nico<\/strong> para registrarse en la plataforma de formaci\u00f3n, obteniendo acceso directo a todo el contenido disponible. Este proceso omite cualquier otro paso de pago, lo que garantiza una experiencia de incorporaci\u00f3n sencilla y f\u00e1cil de usar.<\/p>\n<h4>Formaci\u00f3n escalable para el futuro<\/h4>\n<p class=\"translation-block\">La Tarifa Plana Departamental no se limita a las necesidades de aprendizaje actuales. A medida que su organizaci\u00f3n crece, puede actualizar sin problemas a la<a href=\"https:\/\/dani020.supserv.cozmoslabs.com\/es\/university\/region-en\/#anchor-flat\" target=\"_blank\" rel=\"noopener\"><strong> Tarifa Plana por Divisi\u00f3n (Nivel 3)<\/strong><\/a>, ampliando el mismo acceso ilimitado a grupos m\u00e1s grandes y consiguiendo un precio por usuario a\u00fan mejor. Esta escalabilidad garantiza que su programa de formaci\u00f3n evolucione con su negocio.<\/p>\n<h4>Resumen: Aumento de los conocimientos en todo el departamento<\/h4>\n<p class=\"translation-block\">Con la <strong>Tarifa plana de departamento Automic Formaci\u00f3n<\/strong>, las organizaciones capacitan a departamentos enteros con oportunidades de aprendizaje ilimitadas, costes predecibles y ahorros significativos. Este nivel crea equipos uniformemente cualificados que se mantienen alineados con <a href=\"https:\/\/www.broadcom.com\" target=\"_blank\" rel=\"noopener\"><strong>Broadcom Automic<\/strong><\/a> las actualizaciones y las mejores pr\u00e1cticas, impulsando la eficiencia y la colaboraci\u00f3n en toda la empresa.<\/p>\n<p style=\"margin-top: 1em;\"><a href=\"https:\/\/university.tricise.com\" target=\"_blank\" rel=\"noopener\"><strong>M\u00e1s informaci\u00f3n y c\u00f3mo empezar en Tricise University \u2192<\/strong><\/a><\/p>\n<\/section>","protected":false},"excerpt":{"rendered":"<p class=\"translation-block\">Mejora la eficiencia del departamento con la <strong>Tarifa Plana para Departamentos<\/strong>. Hasta 15 usuarios reciben acceso ilimitado a la formaci\u00f3n durante 12 meses, incluyendo Selfstudy, sesiones con formador y todos los m\u00f3dulos. Ideal para alinear conocimientos entre equipos y lograr hasta un 65% de ahorro en comparaci\u00f3n con reservas individuales.<\/p>","protected":false},"featured_media":0,"comment_status":"open","ping_status":"closed","template":"","meta":{"_acf_changed":false,"site-sidebar-layout":"default","site-content-layout":"","ast-site-content-layout":"default","site-content-style":"default","site-sidebar-style":"default","ast-global-header-display":"","ast-banner-title-visibility":"","ast-main-header-display":"","ast-hfb-above-header-display":"","ast-hfb-below-header-display":"","ast-hfb-mobile-header-display":"","site-post-title":"","ast-breadcrumbs-content":"","ast-featured-img":"","footer-sml-layout":"","ast-disable-related-posts":"","theme-transparent-header-meta":"default","adv-header-id-meta":"","stick-header-meta":"default","header-above-stick-meta":"","header-main-stick-meta":"","header-below-stick-meta":"","astra-migrate-meta-layouts":"set","ast-page-background-enabled":"default","ast-page-background-meta":{"desktop":{"background-color":"var(--ast-global-color-4)","background-image":"","background-repeat":"repeat","background-position":"center center","background-size":"auto","background-attachment":"scroll","background-type":"","background-media":"","overlay-type":"","overlay-color":"","overlay-opacity":"","overlay-gradient":""},"tablet":{"background-color":"","background-image":"","background-repeat":"repeat","background-position":"center center","background-size":"auto","background-attachment":"scroll","background-type":"","background-media":"","overlay-type":"","overlay-color":"","overlay-opacity":"","overlay-gradient":""},"mobile":{"background-color":"","background-image":"","background-repeat":"repeat","background-position":"center center","background-size":"auto","background-attachment":"scroll","background-type":"","background-media":"","overlay-type":"","overlay-color":"","overlay-opacity":"","overlay-gradient":""}},"ast-content-background-meta":{"desktop":{"background-color":"var(--ast-global-color-5)","background-image":"","background-repeat":"repeat","background-position":"center center","background-size":"auto","background-attachment":"scroll","background-type":"","background-media":"","overlay-type":"","overlay-color":"","overlay-opacity":"","overlay-gradient":""},"tablet":{"background-color":"var(--ast-global-color-5)","background-image":"","background-repeat":"repeat","background-position":"center center","background-size":"auto","background-attachment":"scroll","background-type":"","background-media":"","overlay-type":"","overlay-color":"","overlay-opacity":"","overlay-gradient":""},"mobile":{"background-color":"var(--ast-global-color-5)","background-image":"","background-repeat":"repeat","background-position":"center center","background-size":"auto","background-attachment":"scroll","background-type":"","background-media":"","overlay-type":"","overlay-color":"","overlay-opacity":"","overlay-gradient":""}}},"product_brand":[],"product_cat":[258],"product_tag":[],"class_list":{"0":"post-10375","1":"product","2":"type-product","3":"status-publish","5":"product_cat-shop-university","6":"desktop-align-left","7":"tablet-align-left","8":"mobile-align-left","10":"first","11":"instock","12":"taxable","13":"shipping-taxable","14":"purchasable","15":"product-type-simple"},"acf":[],"_links":{"self":[{"href":"https:\/\/dani020.supserv.cozmoslabs.com\/es\/wp-json\/wp\/v2\/product\/10375","targetHints":{"allow":["GET"]}}],"collection":[{"href":"https:\/\/dani020.supserv.cozmoslabs.com\/es\/wp-json\/wp\/v2\/product"}],"about":[{"href":"https:\/\/dani020.supserv.cozmoslabs.com\/es\/wp-json\/wp\/v2\/types\/product"}],"replies":[{"embeddable":true,"href":"https:\/\/dani020.supserv.cozmoslabs.com\/es\/wp-json\/wp\/v2\/comments?post=10375"}],"wp:attachment":[{"href":"https:\/\/dani020.supserv.cozmoslabs.com\/es\/wp-json\/wp\/v2\/media?parent=10375"}],"wp:term":[{"taxonomy":"product_brand","embeddable":true,"href":"https:\/\/dani020.supserv.cozmoslabs.com\/es\/wp-json\/wp\/v2\/product_brand?post=10375"},{"taxonomy":"product_cat","embeddable":true,"href":"https:\/\/dani020.supserv.cozmoslabs.com\/es\/wp-json\/wp\/v2\/product_cat?post=10375"},{"taxonomy":"product_tag","embeddable":true,"href":"https:\/\/dani020.supserv.cozmoslabs.com\/es\/wp-json\/wp\/v2\/product_tag?post=10375"}],"curies":[{"name":"wp","href":"https:\/\/api.w.org\/{rel}","templated":true}]}}