{"id":10381,"date":"2025-09-22T15:08:21","date_gmt":"2025-09-22T13:08:21","guid":{"rendered":"https:\/\/b417hp-c.myrdbx.io\/?post_type=product&#038;p=10381"},"modified":"2026-03-30T13:26:39","modified_gmt":"2026-03-30T11:26:39","slug":"tricise-university-automic-division-de-formacion-tarifa-plana","status":"publish","type":"product","link":"https:\/\/dani020.supserv.cozmoslabs.com\/es\/shop\/tricise-university-automic-training-division-flat-rate\/","title":{"rendered":"Formaci\u00f3n Automic Nivel 3: Tarifa plana para Divisiones <br>(m\u00e1x. 25 usuarios)"},"content":{"rendered":"<section id=\"tier-3\" aria-labelledby=\"tier-3-title\">\n<h3 id=\"tier-3-title\"><strong>Automic Nivel de formaci\u00f3n 3: Tarifa plana por divisi\u00f3n (m\u00e1x. 25 usuarios)<\/strong><\/h3>\n<p class=\"translation-block\">La <strong>Formaci\u00f3n Automic con tarifa plana para divisiones<\/strong> se aplica a los<a href=\"https:\/\/university.tricise.com\" target=\"_blank\" rel=\"noopener\"><strong> programas de formaci\u00f3n Automic<\/strong><\/a> en<a href=\"https:\/\/dani020.supserv.cozmoslabs.com\/es\/university\/region-en\/#anchor-flat\" target=\"_blank\" rel=\"noopener\"><strong> Tricise University<\/strong><\/a>. Est\u00e1 dise\u00f1ado espec\u00edficamente para unidades de negocio o divisiones m\u00e1s grandes con hasta <strong>25 alumnos activos<\/strong>. Esta <strong>suscripci\u00f3n de 12 meses<\/strong> proporciona acceso ilimitado a todos los cursos de autoaprendizaje, cursos dirigidos por formadores y m\u00f3dulos especializados Automic, lo que garantiza que toda su divisi\u00f3n se beneficie de una formaci\u00f3n constante y de alta calidad.<\/p>\n<h4>Capacitar a las divisiones con formaci\u00f3n ilimitada<\/h4>\n<p class=\"translation-block\">La <strong>Tarifa Plana de Divisi\u00f3n<\/strong> permite a las grandes organizaciones alinear el conocimiento a trav\u00e9s de m\u00faltiples equipos simult\u00e1neamente. En lugar de presupuestos de formaci\u00f3n fragmentados o asignaciones de cursos limitadas, cada usuario de la divisi\u00f3n obtiene las mismas oportunidades para avanzar en su<a href=\"http:\/\/automic.tricise.com\" target=\"_blank\" rel=\"noopener\"><strong> Automic Automation<\/strong><\/a> experiencia. Esto fomenta la colaboraci\u00f3n, garantiza una ejecuci\u00f3n m\u00e1s r\u00e1pida de los proyectos y crea un conjunto de competencias unificado en todos los departamentos.<\/p>\n<h4>\u00bfPor qu\u00e9 elegir la tarifa plana de la Divisi\u00f3n?<\/h4>\n<p class=\"translation-block\">Para organizaciones con varios equipos interconectados, la Tarifa Plana por Divisi\u00f3n proporciona <strong>costes predecibles<\/strong> y una base de formaci\u00f3n compartida. Con acceso ilimitado, los usuarios pueden actualizar continuamente sus conocimientos para adaptarse a los \u00faltimos<a href=\"https:\/\/www.broadcom.com\" target=\"_blank\" rel=\"noopener\"><strong> Broadcom Automic<\/strong><\/a> lanzamientos e innovaciones. Al ofrecer una cobertura completa de hasta 25 alumnos, las empresas se aseguran de que no queden lagunas en las competencias, lo que convierte a este nivel en la piedra angular de las estrategias de automatizaci\u00f3n sostenibles.<\/p>\n<h4>Cartera de aprendizaje global<\/h4>\n<ul>\n<li class=\"translation-block\"><strong>Aprendizaje electr\u00f3nico autodidacta<\/strong>: unidades de formaci\u00f3n flexibles y a la carta con laboratorios interactivos, cuestionarios y certificaciones.<\/li>\n<li class=\"translation-block\"><strong>Cursos dirigidos por formadores<\/strong> - Sesiones en directo con <a href=\"https:\/\/dani020.supserv.cozmoslabs.com\/es\/\" target=\"_blank\" rel=\"noopener\"><strong>Expertos en Tricise<\/strong><\/a> certificados para una transferencia de conocimientos en profundidad.<\/li>\n<li class=\"translation-block\"><strong>M\u00f3dulos Automic avanzados<\/strong> - Actualizaciones continuas que abarcan scripting, funcionalidades de IA y optimizaci\u00f3n del flujo de trabajo.<\/li>\n<li class=\"translation-block\"><strong>Opciones de aprendizaje combinado<\/strong>: combine el autoaprendizaje digital con sesiones interactivas para adaptarse a las preferencias del equipo.<\/li>\n<\/ul>\n<h4>Principales ventajas de la tarifa plana de divisi\u00f3n<\/h4>\n<ul>\n<li class=\"translation-block\"><strong>Significativo ROI:<\/strong> Consiga un ahorro de hasta 65% en comparaci\u00f3n con las reservas individuales.<\/li>\n<li class=\"translation-block\"><strong>Conocimiento de toda la divisi\u00f3n:<\/strong> Garantizar una experiencia coherente en hasta 25 usuarios.<\/li>\n<li class=\"translation-block\"><strong>Acceso ilimitado:<\/strong> Todos los cursos Automic actuales y futuros incluidos durante la suscripci\u00f3n.<\/li>\n<li class=\"translation-block\"><strong>Estandarizaci\u00f3n:<\/strong> Construir un enfoque unificado para la automatizaci\u00f3n a trav\u00e9s de m\u00faltiples equipos.<\/li>\n<li class=\"translation-block\"><strong>V\u00edas de certificaci\u00f3n:<\/strong> Capacite al personal con certificados oficiales Tricise University.<\/li>\n<\/ul>\n<h4>Flexibilidad ling\u00fc\u00edstica y de ejecuci\u00f3n<\/h4>\n<p class=\"translation-block\">La <strong>Tarifa Plana de Divisi\u00f3n<\/strong> ofrece formaci\u00f3n tanto en <strong>ingl\u00e9s como en alem\u00e1n<\/strong>, disponible como <strong>eLearning<\/strong>, <strong>sesiones virtuales<\/strong> o <strong>talleres presenciales<\/strong>. Esto garantiza que los equipos globales o las divisiones multidepartamentales puedan acceder a la formaci\u00f3n en el formato m\u00e1s eficaz para sus necesidades.<\/p>\n<h4>\u00bfQui\u00e9n se beneficia m\u00e1s del Nivel 3?<\/h4>\n<p class=\"translation-block\">La <strong>Tarifa Plana de Divisi\u00f3n<\/strong> es ideal para empresas en las que varios departamentos o grandes equipos conf\u00edan en<a href=\"http:\/\/automic.tricise.com\" target=\"_blank\" rel=\"noopener\"><strong> Automic Automation<\/strong><\/a>. Garantiza la escalabilidad, lo que lo hace especialmente valioso para empresas que experimentan una r\u00e1pida transformaci\u00f3n digital, fusiones o implantaciones globales en las que es fundamental contar con conocimientos de automatizaci\u00f3n estandarizados.<\/p>\n<h4>C\u00f3mo suscribirse<\/h4>\n<p class=\"translation-block\">Suscribirse es muy sencillo. Visita la p\u00e1gina oficial<a href=\"https:\/\/dani020.supserv.cozmoslabs.com\/es\/tienda\/tricise-university-automic-equipo-de-formacion-tarifa-plana-3\/\" target=\"_blank\" rel=\"noopener\"><strong> Tienda Tricise University<\/strong><\/a>,elige la <strong>Tarifa Plana Divisi\u00f3n<\/strong>, y completa el pago.<br>\r\nUna vez confirmado el pago, la suscripci\u00f3n se registra autom\u00e1ticamente en nuestro sistema. A continuaci\u00f3n, los miembros del equipo pueden <strong>registrarse directamente con sus direcciones de correo electr\u00f3nico<\/strong> en el<a href=\"https:\/\/university.tricise.com\" target=\"_blank\" rel=\"noopener\"><strong> portal University<\/strong><\/a>, salt\u00e1ndose cualquier otro paso de pago.Este proceso simplificado garantiza un acceso inmediato y sin complicaciones para un m\u00e1ximo de 25 usuarios.<\/p>\n<h4>Escalabilidad para empresas en crecimiento<\/h4>\n<p class=\"translation-block\">La <strong>Tarifa Plana de Divisi\u00f3n<\/strong> proporciona una base escalable para las organizaciones que pretenden ampliar sus iniciativas de formaci\u00f3n.Para despliegues a\u00fan mayores, Tricise puede dar soporte a soluciones de formaci\u00f3n empresarial personalizadas que van m\u00e1s all\u00e1 del Nivel 3 - asegurando flexibilidad para despliegues globales y entornos altamente complejos.<\/p>\n<h4>Resumen: Aprendizaje sin l\u00edmites en toda la Divisi\u00f3n<\/h4>\n<p class=\"translation-block\">Con la <strong>Formaci\u00f3n Automic con tarifa plana para divisiones<\/strong>, las grandes organizaciones obtienen una distribuci\u00f3n coherente del conocimiento, la m\u00e1xima rentabilidad y las mejores pr\u00e1cticas estandarizadas en varios equipos. Este nivel garantiza que divisiones enteras permanezcan alineadas con las \u00faltimas versiones de <a href=\"https:\/\/www.broadcom.com\" target=\"_blank\" rel=\"noopener\"><strong>Broadcom Automic Automation<\/strong><\/a> y puedan aprovechar la automatizaci\u00f3n como ventaja estrat\u00e9gica.<\/p>\n<p style=\"margin-top: 1em;\"><a href=\"https:\/\/university.tricise.com\" target=\"_blank\" rel=\"noopener\"><strong>M\u00e1s informaci\u00f3n y c\u00f3mo empezar en Tricise University \u2192<\/strong><\/a><\/p>\n<\/section>","protected":false},"excerpt":{"rendered":"<p class=\"translation-block\">Ampl\u00eda el conocimiento a unidades m\u00e1s grandes de la organizaci\u00f3n con la <strong>Tarifa Plana para Divisiones<\/strong>. Este plan ofrece formaci\u00f3n Automic ilimitada para hasta 25 usuarios durante 12 meses, fomentando una base de conocimientos com\u00fan entre m\u00faltiples equipos. Fomenta la colaboraci\u00f3n, agiliza proyectos y aprovecha un ahorro significativo a largo plazo.<\/p>","protected":false},"featured_media":0,"comment_status":"closed","ping_status":"closed","template":"","meta":{"_acf_changed":false,"site-sidebar-layout":"default","site-content-layout":"","ast-site-content-layout":"default","site-content-style":"default","site-sidebar-style":"default","ast-global-header-display":"","ast-banner-title-visibility":"","ast-main-header-display":"","ast-hfb-above-header-display":"","ast-hfb-below-header-display":"","ast-hfb-mobile-header-display":"","site-post-title":"","ast-breadcrumbs-content":"","ast-featured-img":"","footer-sml-layout":"","ast-disable-related-posts":"","theme-transparent-header-meta":"default","adv-header-id-meta":"","stick-header-meta":"default","header-above-stick-meta":"","header-main-stick-meta":"","header-below-stick-meta":"","astra-migrate-meta-layouts":"set","ast-page-background-enabled":"default","ast-page-background-meta":{"desktop":{"background-color":"var(--ast-global-color-4)","background-image":"","background-repeat":"repeat","background-position":"center center","background-size":"auto","background-attachment":"scroll","background-type":"","background-media":"","overlay-type":"","overlay-color":"","overlay-opacity":"","overlay-gradient":""},"tablet":{"background-color":"","background-image":"","background-repeat":"repeat","background-position":"center center","background-size":"auto","background-attachment":"scroll","background-type":"","background-media":"","overlay-type":"","overlay-color":"","overlay-opacity":"","overlay-gradient":""},"mobile":{"background-color":"","background-image":"","background-repeat":"repeat","background-position":"center center","background-size":"auto","background-attachment":"scroll","background-type":"","background-media":"","overlay-type":"","overlay-color":"","overlay-opacity":"","overlay-gradient":""}},"ast-content-background-meta":{"desktop":{"background-color":"var(--ast-global-color-5)","background-image":"","background-repeat":"repeat","background-position":"center center","background-size":"auto","background-attachment":"scroll","background-type":"","background-media":"","overlay-type":"","overlay-color":"","overlay-opacity":"","overlay-gradient":""},"tablet":{"background-color":"var(--ast-global-color-5)","background-image":"","background-repeat":"repeat","background-position":"center center","background-size":"auto","background-attachment":"scroll","background-type":"","background-media":"","overlay-type":"","overlay-color":"","overlay-opacity":"","overlay-gradient":""},"mobile":{"background-color":"var(--ast-global-color-5)","background-image":"","background-repeat":"repeat","background-position":"center center","background-size":"auto","background-attachment":"scroll","background-type":"","background-media":"","overlay-type":"","overlay-color":"","overlay-opacity":"","overlay-gradient":""}}},"product_brand":[],"product_cat":[258],"product_tag":[],"class_list":{"0":"post-10381","1":"product","2":"type-product","3":"status-publish","5":"product_cat-shop-university","6":"desktop-align-left","7":"tablet-align-left","8":"mobile-align-left","10":"first","11":"instock","12":"taxable","13":"shipping-taxable","14":"purchasable","15":"product-type-simple"},"acf":[],"_links":{"self":[{"href":"https:\/\/dani020.supserv.cozmoslabs.com\/es\/wp-json\/wp\/v2\/product\/10381","targetHints":{"allow":["GET"]}}],"collection":[{"href":"https:\/\/dani020.supserv.cozmoslabs.com\/es\/wp-json\/wp\/v2\/product"}],"about":[{"href":"https:\/\/dani020.supserv.cozmoslabs.com\/es\/wp-json\/wp\/v2\/types\/product"}],"replies":[{"embeddable":true,"href":"https:\/\/dani020.supserv.cozmoslabs.com\/es\/wp-json\/wp\/v2\/comments?post=10381"}],"wp:attachment":[{"href":"https:\/\/dani020.supserv.cozmoslabs.com\/es\/wp-json\/wp\/v2\/media?parent=10381"}],"wp:term":[{"taxonomy":"product_brand","embeddable":true,"href":"https:\/\/dani020.supserv.cozmoslabs.com\/es\/wp-json\/wp\/v2\/product_brand?post=10381"},{"taxonomy":"product_cat","embeddable":true,"href":"https:\/\/dani020.supserv.cozmoslabs.com\/es\/wp-json\/wp\/v2\/product_cat?post=10381"},{"taxonomy":"product_tag","embeddable":true,"href":"https:\/\/dani020.supserv.cozmoslabs.com\/es\/wp-json\/wp\/v2\/product_tag?post=10381"}],"curies":[{"name":"wp","href":"https:\/\/api.w.org\/{rel}","templated":true}]}}