{"id":6165,"date":"2025-06-30T11:26:11","date_gmt":"2025-06-30T09:26:11","guid":{"rendered":"https:\/\/b417hp-c.myrdbx.io\/?post_type=product&#038;p=6165"},"modified":"2025-10-13T17:20:00","modified_gmt":"2025-10-13T15:20:00","slug":"automation-utility","status":"publish","type":"product","link":"https:\/\/dani020.supserv.cozmoslabs.com\/es\/shop\/automation-utility\/","title":{"rendered":"Automation Utility"},"content":{"rendered":"<div class=\"elementor-element elementor-element-b690223 elementor-widget elementor-widget-heading\" data-id=\"b690223\" data-element_type=\"widget\" data-widget_type=\"heading.default\">\n<div class=\"elementor-widget-container\">\n<h2 class=\"elementor-heading-title elementor-size-default\">Visi\u00f3n general<\/h2>\n<\/div>\n<\/div>\n<div class=\"elementor-element elementor-element-d4c06e5 elementor-widget elementor-widget-text-editor\" data-id=\"d4c06e5\" data-element_type=\"widget\" data-widget_type=\"text-editor.default\">\n<div class=\"elementor-widget-container\">\n<p><strong>Automation Utility Action Pack<\/strong>\u00a0es una soluci\u00f3n completa dise\u00f1ada para agilizar la gesti\u00f3n y el mantenimiento de su base de datos Automic Automation Engine. Al integrar utilidades clave, simplifica tareas como la reducci\u00f3n del tama\u00f1o de la base de datos, la reorganizaci\u00f3n del repositorio y la optimizaci\u00f3n del rendimiento del sistema. Este Action Pack mejora la usabilidad combinando las utilidades Automic en un marco de trabajo f\u00e1cil de usar, que permite la ejecuci\u00f3n a trav\u00e9s de frontend o en modo batch, a la vez que admite una integraci\u00f3n perfecta en sus flujos de trabajo.<\/p>\n<p>Encontrar\u00e1 un libro blanco ampliado <strong><a href=\"https:\/\/dani020.supserv.cozmoslabs.com\/es\/docu\/libro-blanco\/automation\/automic\/automation-utility\/\">aqu\u00ed<\/a><\/strong>.<\/p>\n<\/div>\n<\/div>","protected":false},"excerpt":{"rendered":"<p>Conjunto de herramientas estandarizadas para el mantenimiento y la gesti\u00f3n de bases de datos de Automic con nuestro\u00a0<strong>Automation Utility Action Pack<\/strong>. Simplifica las operaciones de base de datos mediante procesos preconfigurados para archivado, reorganizaci\u00f3n, copia de clientes e informes de revisi\u00f3n detallados. Esencial para los administradores de sistemas que gestionan, mantienen y optimizan entornos Automic.<\/p>","protected":false},"featured_media":0,"comment_status":"closed","ping_status":"closed","template":"","meta":{"_acf_changed":false,"site-sidebar-layout":"default","site-content-layout":"","ast-site-content-layout":"default","site-content-style":"default","site-sidebar-style":"default","ast-global-header-display":"","ast-banner-title-visibility":"","ast-main-header-display":"","ast-hfb-above-header-display":"","ast-hfb-below-header-display":"","ast-hfb-mobile-header-display":"","site-post-title":"","ast-breadcrumbs-content":"","ast-featured-img":"","footer-sml-layout":"","ast-disable-related-posts":"","theme-transparent-header-meta":"default","adv-header-id-meta":"","stick-header-meta":"default","header-above-stick-meta":"","header-main-stick-meta":"","header-below-stick-meta":"","astra-migrate-meta-layouts":"set","ast-page-background-enabled":"default","ast-page-background-meta":{"desktop":{"background-color":"var(--ast-global-color-4)","background-image":"","background-repeat":"repeat","background-position":"center center","background-size":"auto","background-attachment":"scroll","background-type":"","background-media":"","overlay-type":"","overlay-color":"","overlay-opacity":"","overlay-gradient":""},"tablet":{"background-color":"","background-image":"","background-repeat":"repeat","background-position":"center center","background-size":"auto","background-attachment":"scroll","background-type":"","background-media":"","overlay-type":"","overlay-color":"","overlay-opacity":"","overlay-gradient":""},"mobile":{"background-color":"","background-image":"","background-repeat":"repeat","background-position":"center center","background-size":"auto","background-attachment":"scroll","background-type":"","background-media":"","overlay-type":"","overlay-color":"","overlay-opacity":"","overlay-gradient":""}},"ast-content-background-meta":{"desktop":{"background-color":"var(--ast-global-color-5)","background-image":"","background-repeat":"repeat","background-position":"center center","background-size":"auto","background-attachment":"scroll","background-type":"","background-media":"","overlay-type":"","overlay-color":"","overlay-opacity":"","overlay-gradient":""},"tablet":{"background-color":"var(--ast-global-color-5)","background-image":"","background-repeat":"repeat","background-position":"center center","background-size":"auto","background-attachment":"scroll","background-type":"","background-media":"","overlay-type":"","overlay-color":"","overlay-opacity":"","overlay-gradient":""},"mobile":{"background-color":"var(--ast-global-color-5)","background-image":"","background-repeat":"repeat","background-position":"center center","background-size":"auto","background-attachment":"scroll","background-type":"","background-media":"","overlay-type":"","overlay-color":"","overlay-opacity":"","overlay-gradient":""}}},"product_brand":[],"product_cat":[84],"product_tag":[],"class_list":{"0":"post-6165","1":"product","2":"type-product","3":"status-publish","5":"product_cat-action-pack","6":"desktop-align-left","7":"tablet-align-left","8":"mobile-align-left","10":"first","11":"instock","12":"downloadable","13":"taxable","14":"shipping-taxable","15":"purchasable","16":"product-type-simple"},"acf":[],"_links":{"self":[{"href":"https:\/\/dani020.supserv.cozmoslabs.com\/es\/wp-json\/wp\/v2\/product\/6165","targetHints":{"allow":["GET"]}}],"collection":[{"href":"https:\/\/dani020.supserv.cozmoslabs.com\/es\/wp-json\/wp\/v2\/product"}],"about":[{"href":"https:\/\/dani020.supserv.cozmoslabs.com\/es\/wp-json\/wp\/v2\/types\/product"}],"replies":[{"embeddable":true,"href":"https:\/\/dani020.supserv.cozmoslabs.com\/es\/wp-json\/wp\/v2\/comments?post=6165"}],"wp:attachment":[{"href":"https:\/\/dani020.supserv.cozmoslabs.com\/es\/wp-json\/wp\/v2\/media?parent=6165"}],"wp:term":[{"taxonomy":"product_brand","embeddable":true,"href":"https:\/\/dani020.supserv.cozmoslabs.com\/es\/wp-json\/wp\/v2\/product_brand?post=6165"},{"taxonomy":"product_cat","embeddable":true,"href":"https:\/\/dani020.supserv.cozmoslabs.com\/es\/wp-json\/wp\/v2\/product_cat?post=6165"},{"taxonomy":"product_tag","embeddable":true,"href":"https:\/\/dani020.supserv.cozmoslabs.com\/es\/wp-json\/wp\/v2\/product_tag?post=6165"}],"curies":[{"name":"wp","href":"https:\/\/api.w.org\/{rel}","templated":true}]}}