{"id":6237,"date":"2025-07-02T15:02:09","date_gmt":"2025-07-02T13:02:09","guid":{"rendered":"https:\/\/b417hp-c.myrdbx.io\/?post_type=product&#038;p=6237"},"modified":"2026-03-31T09:28:32","modified_gmt":"2026-03-31T07:28:32","slug":"comprobacion-del-estado-del-sistema-automic","status":"publish","type":"product","link":"https:\/\/dani020.supserv.cozmoslabs.com\/es\/shop\/automic-system-health-check\/","title":{"rendered":"Automic System Healthcheck"},"content":{"rendered":"<section>\n<h3>Sistema Automic-Health Check - Garantizar la m\u00e1xima eficiencia<\/h3>\n<p>El <strong>Automic Sistema Health Check<\/strong> es un <strong>paquete completo de asesoramiento<\/strong> dise\u00f1ado para analizar y optimizar su <strong><a href=\"http:\/\/automic.tricise.com\">Automic Automation<\/a> medio ambiente<\/strong>. Nuestro objetivo es identificar los puntos d\u00e9biles, descubrir los cuellos de botella en el rendimiento y ofrecer recomendaciones pr\u00e1cticas que mejoren la estabilidad y se ajusten a las normas de la UE. <strong><a href=\"https:\/\/www.broadcom.com\/products\/software\/automation\/automic-automation\" target=\"_blank\" rel=\"noopener\">Broadcom mejores pr\u00e1cticas<\/a>.<\/strong><\/p>\n<h3>Por qu\u00e9 su entorno Automic necesita un Health Check<\/h3>\n<p>Muchas organizaciones utilizan Automic durante a\u00f1os sin revisiones peri\u00f3dicas de la configuraci\u00f3n. Esto a menudo conduce a <strong>problemas de rendimiento, riesgos y oportunidades de optimizaci\u00f3n perdidas<\/strong>. Con nuestro Health Check se asegura de que su sistema es:<\/p>\n<ul>\n<li><strong>Estable y seguro<\/strong> para operaciones cr\u00edticas<\/li>\n<li>Optimizado para <strong>m\u00e1ximo rendimiento<\/strong><\/li>\n<li>Totalmente alineado con <strong>Broadcom mejores pr\u00e1cticas<\/strong><\/li>\n<\/ul>\n<h3>Qu\u00e9 analizamos<\/h3>\n<p>Nuestros expertos llevan a cabo una revisi\u00f3n detallada de los componentes m\u00e1s cr\u00edticos de su instalaci\u00f3n Automic Automation:<\/p>\n<h4>Configuraci\u00f3n de ucsrv.ini<\/h4>\n<p>El <strong>Archivo ucsrv.ini<\/strong> es la columna vertebral del motor de automatizaci\u00f3n. Analizamos par\u00e1metros, definiciones de puertos y opciones de escalabilidad para <strong>revelar el potencial de optimizaci\u00f3n oculto<\/strong>.<\/p>\n<h4>Sistema Objetos VARA<\/h4>\n<p>Prestamos especial atenci\u00f3n a <strong>objetos cr\u00edticos VARA<\/strong>ya que influyen directamente en los flujos de trabajo y en el <strong>rendimiento del sistema<\/strong>.<\/p>\n<h4>Par\u00e1metros de rendimiento<\/h4>\n<p>Factores de rendimiento adicionales como <strong>conectividad de bases de datos<\/strong>, <strong>comunicaci\u00f3n entre agentes<\/strong>y <strong>ajustes de encriptaci\u00f3n <\/strong>se incluyen en nuestro an\u00e1lisis.<\/p>\n<h3>Recomendaciones claras y plan de acci\u00f3n<\/h3>\n<p>Al finalizar el Health Check recibir\u00e1 un <strong>informe detallado<\/strong> con ajustes t\u00e9cnicos y recomendaciones estrat\u00e9gicas. Estas ideas le ayudar\u00e1n:<\/p>\n<ul>\n<li>Haga que su sistema <strong>m\u00e1s eficaz y ampliable<\/strong><\/li>\n<li>Prep\u00e1rese para <strong>futuros requisitos empresariales<\/strong><\/li>\n<li>Mant\u00e9ngase alineado con <strong>Normas Broadcom<\/strong><\/li>\n<\/ul>\n<\/section>","protected":false},"excerpt":{"rendered":"<p>Optimiza tu Automic Automation Engine con nuestro completo\u00a0<strong>Automic System Healthcheck<\/strong>. Este servicio analiza a fondo el rendimiento, la configuraci\u00f3n y el uso de tu sistema, proporcionando recomendaciones personalizadas para mejorar la estabilidad, la eficiencia y la gesti\u00f3n general de los recursos. Ideal para maximizar el potencial de automatizaci\u00f3n y minimizar los problemas operativos.<\/p>","protected":false},"featured_media":0,"comment_status":"closed","ping_status":"closed","template":"","meta":{"_acf_changed":false,"site-sidebar-layout":"default","site-content-layout":"","ast-site-content-layout":"default","site-content-style":"default","site-sidebar-style":"default","ast-global-header-display":"","ast-banner-title-visibility":"","ast-main-header-display":"","ast-hfb-above-header-display":"","ast-hfb-below-header-display":"","ast-hfb-mobile-header-display":"","site-post-title":"","ast-breadcrumbs-content":"","ast-featured-img":"","footer-sml-layout":"","ast-disable-related-posts":"","theme-transparent-header-meta":"default","adv-header-id-meta":"","stick-header-meta":"default","header-above-stick-meta":"","header-main-stick-meta":"","header-below-stick-meta":"","astra-migrate-meta-layouts":"set","ast-page-background-enabled":"default","ast-page-background-meta":{"desktop":{"background-color":"var(--ast-global-color-4)","background-image":"","background-repeat":"repeat","background-position":"center center","background-size":"auto","background-attachment":"scroll","background-type":"","background-media":"","overlay-type":"","overlay-color":"","overlay-opacity":"","overlay-gradient":""},"tablet":{"background-color":"","background-image":"","background-repeat":"repeat","background-position":"center center","background-size":"auto","background-attachment":"scroll","background-type":"","background-media":"","overlay-type":"","overlay-color":"","overlay-opacity":"","overlay-gradient":""},"mobile":{"background-color":"","background-image":"","background-repeat":"repeat","background-position":"center center","background-size":"auto","background-attachment":"scroll","background-type":"","background-media":"","overlay-type":"","overlay-color":"","overlay-opacity":"","overlay-gradient":""}},"ast-content-background-meta":{"desktop":{"background-color":"var(--ast-global-color-5)","background-image":"","background-repeat":"repeat","background-position":"center center","background-size":"auto","background-attachment":"scroll","background-type":"","background-media":"","overlay-type":"","overlay-color":"","overlay-opacity":"","overlay-gradient":""},"tablet":{"background-color":"var(--ast-global-color-5)","background-image":"","background-repeat":"repeat","background-position":"center center","background-size":"auto","background-attachment":"scroll","background-type":"","background-media":"","overlay-type":"","overlay-color":"","overlay-opacity":"","overlay-gradient":""},"mobile":{"background-color":"var(--ast-global-color-5)","background-image":"","background-repeat":"repeat","background-position":"center center","background-size":"auto","background-attachment":"scroll","background-type":"","background-media":"","overlay-type":"","overlay-color":"","overlay-opacity":"","overlay-gradient":""}}},"product_brand":[],"product_cat":[159],"product_tag":[],"class_list":{"0":"post-6237","1":"product","2":"type-product","3":"status-publish","5":"product_cat-consulting","6":"desktop-align-left","7":"tablet-align-left","8":"mobile-align-left","10":"first","11":"instock","12":"virtual","13":"taxable","14":"purchasable","15":"product-type-simple"},"acf":[],"_links":{"self":[{"href":"https:\/\/dani020.supserv.cozmoslabs.com\/es\/wp-json\/wp\/v2\/product\/6237","targetHints":{"allow":["GET"]}}],"collection":[{"href":"https:\/\/dani020.supserv.cozmoslabs.com\/es\/wp-json\/wp\/v2\/product"}],"about":[{"href":"https:\/\/dani020.supserv.cozmoslabs.com\/es\/wp-json\/wp\/v2\/types\/product"}],"replies":[{"embeddable":true,"href":"https:\/\/dani020.supserv.cozmoslabs.com\/es\/wp-json\/wp\/v2\/comments?post=6237"}],"wp:attachment":[{"href":"https:\/\/dani020.supserv.cozmoslabs.com\/es\/wp-json\/wp\/v2\/media?parent=6237"}],"wp:term":[{"taxonomy":"product_brand","embeddable":true,"href":"https:\/\/dani020.supserv.cozmoslabs.com\/es\/wp-json\/wp\/v2\/product_brand?post=6237"},{"taxonomy":"product_cat","embeddable":true,"href":"https:\/\/dani020.supserv.cozmoslabs.com\/es\/wp-json\/wp\/v2\/product_cat?post=6237"},{"taxonomy":"product_tag","embeddable":true,"href":"https:\/\/dani020.supserv.cozmoslabs.com\/es\/wp-json\/wp\/v2\/product_tag?post=6237"}],"curies":[{"name":"wp","href":"https:\/\/api.w.org\/{rel}","templated":true}]}}