{"id":6238,"date":"2025-07-02T15:06:28","date_gmt":"2025-07-02T13:06:28","guid":{"rendered":"https:\/\/b417hp-c.myrdbx.io\/?post_type=product&#038;p=6238"},"modified":"2025-10-04T08:40:21","modified_gmt":"2025-10-04T06:40:21","slug":"automic-process-analysis-and-optimization","status":"publish","type":"product","link":"https:\/\/dani020.supserv.cozmoslabs.com\/es\/shop\/automic-process-analysis-and-optimization\/","title":{"rendered":"An\u00e1lisis y Optimizaci\u00f3n de Procesos Automic"},"content":{"rendered":"<h3>Automic An\u00e1lisis y optimizaci\u00f3n de procesos - Garantice la m\u00e1xima eficacia<\/h3>\n<p class=\"translation-block\">El paquete <strong>Automic Process Analysis and Optimization<\/strong> de <a href=\"https:\/\/dani020.supserv.cozmoslabs.com\/es\/\" target=\"_blank\" rel=\"noopener\"><strong>Tricise Professional Services<\/strong><\/a> es un servicio de consultor\u00eda espec\u00edfico dise\u00f1ado para evaluar, comparar y mejorar su <a href=\"http:\/\/automic.tricise.com\" target=\"_blank\" rel=\"noopener\"><strong>Automic Automation<\/strong><\/a> entorno. Con m\u00e1s de <strong>30 comprobaciones t\u00e9cnicas y operativas estructuradas<\/strong>, nuestros expertos certificados identifican oportunidades de optimizaci\u00f3n y le ayudan a liberar todo el potencial de su configuraci\u00f3n de automatizaci\u00f3n. Este servicio garantiza que su sistema se mantenga totalmente alineado con <a href=\"https:\/\/www.broadcom.com\" target=\"_blank\" rel=\"noopener\"><strong>Broadcom<\/strong><\/a> los est\u00e1ndares y las mejores pr\u00e1cticas.<\/p>\n<h4>An\u00e1lisis exhaustivo del flujo de trabajo<\/h4>\n<p class=\"translation-block\">Nuestra revisi\u00f3n va mucho m\u00e1s all\u00e1 de las comprobaciones superficiales. Realizamos una evaluaci\u00f3n en profundidad de <strong>patrones de uso de objetos<\/strong>, <strong>eficiencia de ejecuci\u00f3n<\/strong> y <strong>estructura de procesos<\/strong>. Utilizando Action Packs dedicado basado en SQL de Tricise, nuestros expertos recopilan y analizan m\u00e9tricas clave de rendimiento en todos los tipos de objetos Automic, incluidas las ejecuciones JOBS y JOBF. Identificamos flujos de trabajo redundantes o ineficientes, descubrimos dependencias manuales y destacamos objetos hu\u00e9rfanos que afectan a la capacidad de mantenimiento y al clarity. Este an\u00e1lisis hol\u00edstico garantiza que su entorno de automatizaci\u00f3n funcione al m\u00e1ximo nivel de rendimiento.<\/p>\n<h4>Conclusiones y hallazgos t\u00edpicos<\/h4>\n<ul>\n<li>Detecci\u00f3n de estructuras de objetos sub\u00f3ptimas que retrasan la ejecuci\u00f3n o aumentan los tiempos de carga.<\/li>\n<li>Identificaci\u00f3n de ineficiencias recurrentes en la programaci\u00f3n de trabajos y ejecuciones paralelas.<\/li>\n<li>Resaltar los objetos no utilizados o hu\u00e9rfanos para mejorar el clarity y el rendimiento general del sistema.<\/li>\n<li class=\"translation-block\">Recomendaciones de distribuci\u00f3n de cargas de trabajo para optimizar el nuevo modelo <strong>Execution-Based Licensing (EBL)<\/strong> introducido por <a href=\"https:\/\/www.broadcom.com\" target=\"_blank\" rel=\"noopener\"><strong>Broadcom<\/strong><\/a>.<\/li>\n<\/ul>\n<h4>Recomendaciones e informes personalizados<\/h4>\n<p class=\"translation-block\">Tras el an\u00e1lisis, recibir\u00e1 un <strong>informe detallado<\/strong> que incluye recomendaciones pr\u00e1cticas para cada problema identificado. La documentaci\u00f3n proporciona tanto <strong>percepciones t\u00e9cnicas<\/strong> como <strong>orientaci\u00f3n estrat\u00e9gica<\/strong> sobre c\u00f3mo alinear su entorno de automatizaci\u00f3n con <a href=\"https:\/\/www.broadcom.com\" target=\"_blank\" rel=\"noopener\"><strong>las mejores pr\u00e1cticas<\/strong><\/a> para Broadcom Automic. Cada recomendaci\u00f3n est\u00e1 claramente priorizada, lo que le proporciona una hoja de ruta precisa para la optimizaci\u00f3n y mejoras cuantificables en el rendimiento, la escalabilidad y la utilizaci\u00f3n de recursos.<\/p>\n<h4>Apoyo opcional a la implantaci\u00f3n<\/h4>\n<p class=\"translation-block\">Aunque el paquete principal se centra en el an\u00e1lisis y las recomendaciones, Tricise tambi\u00e9n ofrece <strong>servicios opcionales de implementaci\u00f3n<\/strong> para aplicar directamente las optimizaciones sugeridas. Nuestros consultores ayudan a <strong>ajustar los objetos Automic<\/strong>, <strong>revisar los flujos de trabajo<\/strong> y <strong>validar las mejoras<\/strong> mediante una supervisi\u00f3n continua. Esto garantiza que las optimizaciones no solo se planifiquen, sino que se realicen de forma efectiva en su entorno de producci\u00f3n. En funci\u00f3n de sus necesidades, el paquete puede contratarse como un <strong>servicio de precio fijo<\/strong> o como un proyecto flexible (tiempo y material).<\/p>\n<h4>Transferencia de conocimientos y formaci\u00f3n<\/h4>\n<p class=\"translation-block\">Para asegurar el \u00e9xito a largo plazo, Tricise ofrece <a href=\"https:\/\/dani020.supserv.cozmoslabs.com\/es\/university\/\" target=\"_blank\" rel=\"noopener\"><strong>Automic programas de formaci\u00f3n<\/strong><\/a> a trav\u00e9s del <strong>Tricise University<\/strong>. Estos cursos abarcan desde la optimizaci\u00f3n del flujo de trabajo y el ajuste del rendimiento hasta t\u00e9cnicas avanzadas de scripting. Tanto si su equipo prefiere sesiones en directo, m\u00f3dulos de aprendizaje electr\u00f3nico o talleres personalizados, el objetivo es afianzar los conocimientos y permitir a sus equipos mantener de forma independiente procesos de automatizaci\u00f3n optimizados.<\/p>\n<ul>\n<li class=\"translation-block\">Cursos estructurados Automic y <strong>eLearnings certificados<\/strong> en ingl\u00e9s y alem\u00e1n.<\/li>\n<li class=\"translation-block\"><strong>Talleres<\/strong> adaptados a su panorama de automatizaci\u00f3n y madurez del sistema.<\/li>\n<li class=\"translation-block\"><strong><a href=\"https:\/\/dani020.supserv.cozmoslabs.com\/es\/university\/region-en\/#anchor-flat\" target=\"_blank\" rel=\"noopener\">Flatrate Pricing Model<\/a><\/strong> para un acceso ilimitado a todos los m\u00f3dulos de formaci\u00f3n y actualizaciones Automic.<\/li>\n<\/ul>\n<h4>Resumen y valor<\/h4>\n<p class=\"translation-block\">Con el paquete <strong>Automic Process Analysis and Optimization<\/strong>, Tricise ofrece un marco probado para <strong>mejorar la eficiencia<\/strong>, <strong>reducir los costes de licencia<\/strong> y <strong>agilizar los flujos de trabajo<\/strong>. Al combinar la precisi\u00f3n t\u00e9cnica con la experiencia pr\u00e1ctica en consultor\u00eda, garantizamos mejoras de rendimiento cuantificables y estabilidad operativa a largo plazo. Este servicio es ideal para organizaciones que se preparan para <strong>Broadcom's Execution-Based Licensing (EBL)<\/strong> o que buscan mejorar su actual <a href=\"http:\/\/automic.tricise.com\" target=\"_blank\" rel=\"noopener\"><strong>Automic Automation<\/strong><\/a> infraestructura.<\/p>","protected":false},"excerpt":{"rendered":"<p>Mejora tu entorno Automic con el paquete de\u00a0 <strong>An\u00e1lisis y Optimizaci\u00f3n de Procesos Automic<\/strong>. Este paquete de precio fijo incluye un an\u00e1lisis detallado del sistema, diagn\u00f3sticos basados en SQL y recomendaciones personalizadas para mejorar el rendimiento, agilizar los procesos y aumentar la eficacia general. Ideal para reducir costes y maximizar el potencial de automatizaci\u00f3n.<\/p>","protected":false},"featured_media":0,"comment_status":"closed","ping_status":"closed","template":"","meta":{"_acf_changed":false,"site-sidebar-layout":"default","site-content-layout":"","ast-site-content-layout":"default","site-content-style":"default","site-sidebar-style":"default","ast-global-header-display":"","ast-banner-title-visibility":"","ast-main-header-display":"","ast-hfb-above-header-display":"","ast-hfb-below-header-display":"","ast-hfb-mobile-header-display":"","site-post-title":"","ast-breadcrumbs-content":"","ast-featured-img":"","footer-sml-layout":"","ast-disable-related-posts":"","theme-transparent-header-meta":"default","adv-header-id-meta":"","stick-header-meta":"default","header-above-stick-meta":"","header-main-stick-meta":"","header-below-stick-meta":"","astra-migrate-meta-layouts":"set","ast-page-background-enabled":"default","ast-page-background-meta":{"desktop":{"background-color":"var(--ast-global-color-4)","background-image":"","background-repeat":"repeat","background-position":"center center","background-size":"auto","background-attachment":"scroll","background-type":"","background-media":"","overlay-type":"","overlay-color":"","overlay-opacity":"","overlay-gradient":""},"tablet":{"background-color":"","background-image":"","background-repeat":"repeat","background-position":"center center","background-size":"auto","background-attachment":"scroll","background-type":"","background-media":"","overlay-type":"","overlay-color":"","overlay-opacity":"","overlay-gradient":""},"mobile":{"background-color":"","background-image":"","background-repeat":"repeat","background-position":"center center","background-size":"auto","background-attachment":"scroll","background-type":"","background-media":"","overlay-type":"","overlay-color":"","overlay-opacity":"","overlay-gradient":""}},"ast-content-background-meta":{"desktop":{"background-color":"var(--ast-global-color-5)","background-image":"","background-repeat":"repeat","background-position":"center center","background-size":"auto","background-attachment":"scroll","background-type":"","background-media":"","overlay-type":"","overlay-color":"","overlay-opacity":"","overlay-gradient":""},"tablet":{"background-color":"var(--ast-global-color-5)","background-image":"","background-repeat":"repeat","background-position":"center center","background-size":"auto","background-attachment":"scroll","background-type":"","background-media":"","overlay-type":"","overlay-color":"","overlay-opacity":"","overlay-gradient":""},"mobile":{"background-color":"var(--ast-global-color-5)","background-image":"","background-repeat":"repeat","background-position":"center center","background-size":"auto","background-attachment":"scroll","background-type":"","background-media":"","overlay-type":"","overlay-color":"","overlay-opacity":"","overlay-gradient":""}}},"product_brand":[],"product_cat":[159],"product_tag":[],"class_list":{"0":"post-6238","1":"product","2":"type-product","3":"status-publish","5":"product_cat-consulting","6":"desktop-align-left","7":"tablet-align-left","8":"mobile-align-left","10":"first","11":"instock","12":"virtual","13":"taxable","14":"purchasable","15":"product-type-simple"},"acf":[],"_links":{"self":[{"href":"https:\/\/dani020.supserv.cozmoslabs.com\/es\/wp-json\/wp\/v2\/product\/6238","targetHints":{"allow":["GET"]}}],"collection":[{"href":"https:\/\/dani020.supserv.cozmoslabs.com\/es\/wp-json\/wp\/v2\/product"}],"about":[{"href":"https:\/\/dani020.supserv.cozmoslabs.com\/es\/wp-json\/wp\/v2\/types\/product"}],"replies":[{"embeddable":true,"href":"https:\/\/dani020.supserv.cozmoslabs.com\/es\/wp-json\/wp\/v2\/comments?post=6238"}],"wp:attachment":[{"href":"https:\/\/dani020.supserv.cozmoslabs.com\/es\/wp-json\/wp\/v2\/media?parent=6238"}],"wp:term":[{"taxonomy":"product_brand","embeddable":true,"href":"https:\/\/dani020.supserv.cozmoslabs.com\/es\/wp-json\/wp\/v2\/product_brand?post=6238"},{"taxonomy":"product_cat","embeddable":true,"href":"https:\/\/dani020.supserv.cozmoslabs.com\/es\/wp-json\/wp\/v2\/product_cat?post=6238"},{"taxonomy":"product_tag","embeddable":true,"href":"https:\/\/dani020.supserv.cozmoslabs.com\/es\/wp-json\/wp\/v2\/product_tag?post=6238"}],"curies":[{"name":"wp","href":"https:\/\/api.w.org\/{rel}","templated":true}]}}