{"id":990,"date":"2025-05-15T09:48:23","date_gmt":"2025-05-15T08:48:23","guid":{"rendered":"https:\/\/b417hp-c.myrdbx.io\/?post_type=product&#038;p=990"},"modified":"2025-10-13T17:21:28","modified_gmt":"2025-10-13T15:21:28","slug":"automation-office-365","status":"publish","type":"product","link":"https:\/\/dani020.supserv.cozmoslabs.com\/es\/shop\/automation-office-365\/","title":{"rendered":"Automation Office 365"},"content":{"rendered":"<div class=\"elementor-element elementor-element-b690223 elementor-widget elementor-widget-heading\" data-id=\"b690223\" data-element_type=\"widget\" data-widget_type=\"heading.default\">\n<div class=\"elementor-widget-container\">\n<h2 class=\"elementor-heading-title elementor-size-default\">Visi\u00f3n general<\/h2>\n<\/div>\n<\/div>\n<div class=\"elementor-element elementor-element-d4c06e5 elementor-widget elementor-widget-text-editor\" data-id=\"d4c06e5\" data-element_type=\"widget\" data-widget_type=\"text-editor.default\">\n<div class=\"elementor-widget-container\">\n<p>Mejore sus flujos de trabajo documentales con el\u00a0<strong>Automatizaci\u00f3n Office 365 Action Pack<\/strong>. Esta herramienta integra las operaciones de SharePoint con Automic Automation, lo que permite automatizar las cargas, descargas y tareas de gesti\u00f3n de archivos con autenticaci\u00f3n segura. Agilice f\u00e1cilmente los procesos de Office 365, mejore la eficiencia de las tareas y garantice una gesti\u00f3n de documentos fluida en toda su organizaci\u00f3n.<\/p>\n<p>Encontrar\u00e1 un libro blanco ampliado <strong><a href=\"https:\/\/dani020.supserv.cozmoslabs.com\/es\/docu\/libro-blanco\/automation\/automic\/automation-office-365\/\">aqu\u00ed<\/a><\/strong>.<\/p>\n<\/div>\n<\/div>","protected":false},"excerpt":{"rendered":"<p>Optimiza tus flujos de trabajo de documentos con nuestro\u00a0<strong>Automation Office 365 Action<br \/>\nPack<\/strong>. Esta herramienta integra las operaciones de SharePoint con Automic, lo que permite automatizar las cargas, descargas y tareas de gesti\u00f3n de archivos con autenticaci\u00f3n segura. Simplifica f\u00e1cilmente los procesos de Office 365, mejora la eficiencia de las tareas y garantiza una gesti\u00f3n de documentos fluida en toda tu organizaci\u00f3n.<\/p>","protected":false},"featured_media":0,"comment_status":"closed","ping_status":"closed","template":"","meta":{"_acf_changed":false,"site-sidebar-layout":"default","site-content-layout":"","ast-site-content-layout":"default","site-content-style":"default","site-sidebar-style":"default","ast-global-header-display":"","ast-banner-title-visibility":"","ast-main-header-display":"","ast-hfb-above-header-display":"","ast-hfb-below-header-display":"","ast-hfb-mobile-header-display":"","site-post-title":"","ast-breadcrumbs-content":"","ast-featured-img":"","footer-sml-layout":"","ast-disable-related-posts":"","theme-transparent-header-meta":"default","adv-header-id-meta":"","stick-header-meta":"default","header-above-stick-meta":"","header-main-stick-meta":"","header-below-stick-meta":"","astra-migrate-meta-layouts":"set","ast-page-background-enabled":"default","ast-page-background-meta":{"desktop":{"background-color":"var(--ast-global-color-4)","background-image":"","background-repeat":"repeat","background-position":"center center","background-size":"auto","background-attachment":"scroll","background-type":"","background-media":"","overlay-type":"","overlay-color":"","overlay-opacity":"","overlay-gradient":""},"tablet":{"background-color":"","background-image":"","background-repeat":"repeat","background-position":"center center","background-size":"auto","background-attachment":"scroll","background-type":"","background-media":"","overlay-type":"","overlay-color":"","overlay-opacity":"","overlay-gradient":""},"mobile":{"background-color":"","background-image":"","background-repeat":"repeat","background-position":"center center","background-size":"auto","background-attachment":"scroll","background-type":"","background-media":"","overlay-type":"","overlay-color":"","overlay-opacity":"","overlay-gradient":""}},"ast-content-background-meta":{"desktop":{"background-color":"var(--ast-global-color-5)","background-image":"","background-repeat":"repeat","background-position":"center center","background-size":"auto","background-attachment":"scroll","background-type":"","background-media":"","overlay-type":"","overlay-color":"","overlay-opacity":"","overlay-gradient":""},"tablet":{"background-color":"var(--ast-global-color-5)","background-image":"","background-repeat":"repeat","background-position":"center center","background-size":"auto","background-attachment":"scroll","background-type":"","background-media":"","overlay-type":"","overlay-color":"","overlay-opacity":"","overlay-gradient":""},"mobile":{"background-color":"var(--ast-global-color-5)","background-image":"","background-repeat":"repeat","background-position":"center center","background-size":"auto","background-attachment":"scroll","background-type":"","background-media":"","overlay-type":"","overlay-color":"","overlay-opacity":"","overlay-gradient":""}}},"product_brand":[],"product_cat":[84],"product_tag":[],"class_list":{"0":"post-990","1":"product","2":"type-product","3":"status-publish","5":"product_cat-action-pack","6":"desktop-align-left","7":"tablet-align-left","8":"mobile-align-left","10":"first","11":"instock","12":"downloadable","13":"virtual","14":"taxable","15":"purchasable","16":"product-type-simple"},"acf":[],"_links":{"self":[{"href":"https:\/\/dani020.supserv.cozmoslabs.com\/es\/wp-json\/wp\/v2\/product\/990","targetHints":{"allow":["GET"]}}],"collection":[{"href":"https:\/\/dani020.supserv.cozmoslabs.com\/es\/wp-json\/wp\/v2\/product"}],"about":[{"href":"https:\/\/dani020.supserv.cozmoslabs.com\/es\/wp-json\/wp\/v2\/types\/product"}],"replies":[{"embeddable":true,"href":"https:\/\/dani020.supserv.cozmoslabs.com\/es\/wp-json\/wp\/v2\/comments?post=990"}],"wp:attachment":[{"href":"https:\/\/dani020.supserv.cozmoslabs.com\/es\/wp-json\/wp\/v2\/media?parent=990"}],"wp:term":[{"taxonomy":"product_brand","embeddable":true,"href":"https:\/\/dani020.supserv.cozmoslabs.com\/es\/wp-json\/wp\/v2\/product_brand?post=990"},{"taxonomy":"product_cat","embeddable":true,"href":"https:\/\/dani020.supserv.cozmoslabs.com\/es\/wp-json\/wp\/v2\/product_cat?post=990"},{"taxonomy":"product_tag","embeddable":true,"href":"https:\/\/dani020.supserv.cozmoslabs.com\/es\/wp-json\/wp\/v2\/product_tag?post=990"}],"curies":[{"name":"wp","href":"https:\/\/api.w.org\/{rel}","templated":true}]}}