{"id":10374,"date":"2025-09-22T14:53:08","date_gmt":"2025-09-22T12:53:08","guid":{"rendered":"https:\/\/b417hp-c.myrdbx.io\/?post_type=product&#038;p=10374"},"modified":"2026-03-30T13:28:08","modified_gmt":"2026-03-30T11:28:08","slug":"tricise-universite-automic-equipe-de-formation-forfaitaire","status":"publish","type":"product","link":"https:\/\/dani020.supserv.cozmoslabs.com\/fr\/shop\/tricise-university-automic-training-team-flatrate\/","title":{"rendered":"Automic Training Tier 1 : Team Flat Rate <br>(max. 5 utilisateurs)"},"content":{"rendered":"<section id=\"tier-1\" aria-labelledby=\"tier-1-title\">\n<h3 id=\"tier-1-title\"><strong>Automic Training Tier 1 : Team Flat Rate (max. 5 utilisateurs)<\/strong><\/h3>\n<p class=\"translation-block\">Le <strong>Team Flat Rate<\/strong> s'applique exclusivement aux <strong>programmes de formation Automic<\/strong> propos\u00e9s \u00e0<a href=\"https:\/\/university.tricise.com\" target=\"_blank\" rel=\"noopener\"><strong> Tricise University<\/strong><\/a>. Il offre \u00e0 de petits groupes un <strong>acc\u00e8s illimit\u00e9<\/strong> \u00e0 l'ensemble du portefeuille d'apprentissage pour une dur\u00e9e fixe de <strong>12 mois<\/strong>. Con\u00e7u pour soutenir l'apprentissage collaboratif et la budg\u00e9tisation pr\u00e9visible, cet abonnement permet aux \u00e9quipes d'acc\u00e9der \u00e0 tous les<a href=\"http:\/\/automic.tricise.com\" target=\"_blank\" rel=\"noopener\"><strong> Automic Automation<\/strong><\/a> cours - y compris l'auto-apprentissage, les sessions en direct et les modules sp\u00e9cialis\u00e9s - sans approbations individuelles ni limites de r\u00e9servation.<\/p>\n<h4>Donnez \u00e0 votre \u00e9quipe les moyens d'une formation illimit\u00e9e<\/h4>\n<p class=\"translation-block\">La <strong>formation forfaitaire en \u00e9quipe Automic<\/strong> permet \u00e0 un maximum de cinq utilisateurs d'\u00e9tudier simultan\u00e9ment, ce qui permet de soutenir les petits services, les groupes de projet et les start-ups qui souhaitent normaliser leurs comp\u00e9tences en mati\u00e8re d'automatisation. Chaque membre b\u00e9n\u00e9ficie d'un acc\u00e8s \u00e0 des programmes structur\u00e9s, \u00e0 des exercices guid\u00e9s et \u00e0 des sessions d'experts, ce qui garantit une compr\u00e9hension partag\u00e9e et des capacit\u00e9s coh\u00e9rentes au sein de l'\u00e9quipe. Le plan favorise la collaboration, aidant les \u00e9quipes \u00e0 apprendre plus rapidement, \u00e0 aligner les processus et \u00e0 appliquer les meilleures pratiques Automic dans des sc\u00e9narios r\u00e9els.<\/p>\n<h4>Pourquoi choisir le tarif forfaitaire par \u00e9quipe ?<\/h4>\n<p class=\"translation-block\">Ce niveau est le point d'entr\u00e9e id\u00e9al pour les organisations qui cherchent \u00e0 <strong>institutionnaliser les connaissances Automic<\/strong> au sein de leurs \u00e9quipes. Au lieu de payer les cours s\u00e9par\u00e9ment, vous b\u00e9n\u00e9ficiez d'une libert\u00e9 totale d'apprentissage - \u00e0 tout moment et en tout lieu - avec tous les modules actuels et futurs inclus. Le <a href=\"https:\/\/dani020.supserv.cozmoslabs.com\/fr\/university\/region-fr-2\/#anchor-flat\" target=\"_blank\" rel=\"noopener\"><strong>mod\u00e8le de tarification forfaitaire<\/strong><\/a> \u00e9limine les goulets d'\u00e9tranglement en mati\u00e8re d'approbation et permet une formation proactive et continue. M\u00eame apr\u00e8s quelques cours par personne, l'investissement est amorti gr\u00e2ce aux gains de productivit\u00e9 et \u00e0 la r\u00e9duction des frais administratifs.<\/p>\n<h4>Des options d'apprentissage compl\u00e8tes<\/h4>\n<ul>\n<li class=\"translation-block\"><strong>Cours d'auto-apprentissage<\/strong> - Unit\u00e9s d'apprentissage en ligne \u00e0 la demande avec des quiz, des laboratoires et des exemples pratiques pour un apprentissage flexible.<\/li>\n<li class=\"translation-block\"><strong>Cours dirig\u00e9s par un formateur<\/strong> - S\u00e9ances interactives avec des <a href=\"https:\/\/dani020.supserv.cozmoslabs.com\/fr\/\" target=\"_blank\" rel=\"noopener\"><strong>instructeurs de Tricise<\/strong><\/a> pour une pratique guid\u00e9e et des discussions approfondies.<\/li>\n<li class=\"translation-block\"><strong>Modules d'experts<\/strong> - Sujets sp\u00e9cialis\u00e9s, notamment les scripts, les fonctions d'intelligence artificielle et l'optimisation des flux de travail, continuellement mis \u00e0 jour pour refl\u00e9ter les nouvelles versions de <a href=\"https:\/\/www.broadcom.com\" target=\"_blank\" rel=\"noopener\"><strong>Broadcom<\/strong><\/a>.<\/li>\n<\/ul>\n<h4>Principaux avantages du forfait d'\u00e9quipe<\/h4>\n<ul>\n<li class=\"translation-block\"><strong>Co\u00fbts pr\u00e9visibles :<\/strong> Prix annuel fixe pour un maximum de cinq utilisateurs - pas de frais cach\u00e9s ni de d\u00e9lais d'approbation.<\/li>\n<li class=\"translation-block\"><strong>Croissance des connaissances partag\u00e9es:<\/strong> L'\u00e9galit\u00e9 d'acc\u00e8s garantit l'absence de lacunes dans les comp\u00e9tences au sein de l'\u00e9quipe.<\/li>\n<li class=\"translation-block\"><strong>Retour sur investissement significatif:<\/strong> \u00c9conomisez jusqu'\u00e0 65 % par rapport aux r\u00e9servations de cours individuels tout en am\u00e9liorant les performances de l'\u00e9quipe.<\/li>\n<li class=\"translation-block\"><strong>Acc\u00e8s illimit\u00e9:<\/strong> Tous les modules Automic, le contenu de l'auto-apprentissage et les sessions en direct sont inclus pendant toute la p\u00e9riode de 12 mois.<\/li>\n<li class=\"translation-block\"><strong>Opportunit\u00e9s de certification:<\/strong> Les membres de l'\u00e9quipe peuvent obtenir des certificats Tricise University reconnus dans tous les secteurs d'activit\u00e9.<\/li>\n<\/ul>\n<h4>Con\u00e7u pour les \u00e9quipes dynamiques<\/h4>\n<p class=\"translation-block\">Le <strong>Team Flat Rate<\/strong> a \u00e9t\u00e9 con\u00e7u pour les \u00e9quipes qui \u00e9voluent rapidement et travaillent sur des projets<a href=\"http:\/\/automic.tricise.com\" target=\"_blank\" rel=\"noopener\"><strong> Automic Automation<\/strong><\/a>, que ce soit sur site ou dans l'environnement <a href=\"https:\/\/www.broadcom.com\" target=\"_blank\" rel=\"noopener\"><strong>Automic SaaS<\/strong><\/a>. Il garantit un apprentissage continu tout en s'adaptant \u00e0 l'\u00e9volution de la composition des \u00e9quipes, ce qui permet de r\u00e9affecter facilement les licences lorsque les employ\u00e9s changent de r\u00f4le ou de projet.<\/p>\n<h4>Flexibilit\u00e9 de la langue et de l'ex\u00e9cution<\/h4>\n<p class=\"translation-block\">Les cours sont disponibles en <strong>anglais et en allemand<\/strong> et peuvent \u00eatre suivis en <strong>eLearning en ligne ou<\/strong> <strong>classes virtuelles<\/strong>. Cette flexibilit\u00e9 permet \u00e0 votre organisation de combiner les avantages de l'apprentissage \u00e0 son propre rythme avec l'interaction et la collaboration en temps r\u00e9el.<\/p>\n<h4>Comment s'abonner<\/h4>\n<p class=\"translation-block\">L'inscription est rapide et simple. Visitez le site officiel<a href=\"https:\/\/dani020.supserv.cozmoslabs.com\/fr\/boutique\/tricise-universite-automic-equipe-de-formation-forfaitaire\/\" target=\"_blank\" rel=\"noopener\"><strong> Tricise University Store page<\/strong><\/a>, s\u00e9lectionnez le forfait <strong>Team Flat Rate<\/strong> et effectuez le paiement. Une fois le <strong>paiement confirm\u00e9<\/strong>, l'abonnement est automatiquement enregistr\u00e9 dans notre syst\u00e8me. Chaque membre de l'\u00e9quipe peut alors utiliser son <strong>adresse \u00e9lectronique<\/strong> pour cr\u00e9er un compte sur le<a href=\"https:\/\/university.tricise.com\" target=\"_blank\" rel=\"noopener\"><strong>portail University<\/strong><\/a>, en sautant toute autre \u00e9tape de paiement. Cela garantit un acc\u00e8s imm\u00e9diat et transparent \u00e0 tous les contenus de formation pour votre \u00e9quipe.<\/p>\n<h4>L'apprentissage \u00e9volutif pour les organisations en croissance<\/h4>\n<p class=\"translation-block\">Le tarif forfaitaire par \u00e9quipe est la base de l'expansion de votre strat\u00e9gie de formation. Au fur et \u00e0 mesure que votre organisation se d\u00e9veloppe, vous pouvez facilement passer au<a href=\"https:\/\/dani020.supserv.cozmoslabs.com\/fr\/university\/region-fr-2\/#anchor-flat\" target=\"_blank\" rel=\"noopener\"><strong>D\u00e9partement (Niveau 2)<\/strong><\/a><br>.\r\nou <a href=\"https:\/\/dani020.supserv.cozmoslabs.com\/fr\/university\/region-fr-2\/#anchor-flat\" target=\"_blank\" rel=\"noopener\"><strong>Division (Tier 3)<\/strong><\/a> pour offrir \u00e0 des \u00e9quipes plus importantes les m\u00eames avantages de formation illimit\u00e9e \u00e0 des co\u00fbts par utilisateur encore plus bas.<\/p>\n<h4>R\u00e9sum\u00e9 : Apprendre sans limites<\/h4>\n<p class=\"translation-block\">Avec la <strong>Formation forfaitaire pour \u00e9quipe Automic<\/strong>, les petites \u00e9quipes parviennent \u00e0 une croissance constante des connaissances, \u00e0 une r\u00e9duction des efforts administratifs et \u00e0 des gains d'efficacit\u00e9 mesurables. Le r\u00e9sultat est une main-d'\u0153uvre plus forte et plus agile qui reste align\u00e9e sur les derni\u00e8res <a href=\"https:\/\/www.broadcom.com\" target=\"_blank\" rel=\"noopener\"><strong>Broadcom Automic<\/strong><\/a> innovations et meilleures pratiques.<\/p>\n<p style=\"margin-top: 1em;\"><a href=\"https:\/\/university.tricise.com\" target=\"_blank\" rel=\"noopener\"><strong>Pour en savoir plus et commencer \u00e0 travailler, consultez le site Tricise University \u2192<\/strong><\/a><\/p>\n<\/section>","protected":false},"excerpt":{"rendered":"<p class=\"translation-block\">Renforcez les petites \u00e9quipes avec le <strong>Team Flat Rate package<\/strong>. Profitez d\u2019un acc\u00e8s illimit\u00e9 \u00e0 l\u2019autoformation Automic, aux sessions dirig\u00e9es par des experts et \u00e0 tous les modules de formation pendant 12 mois. Con\u00e7u pour les groupes pilotes et les start-ups, il garantit des comp\u00e9tences coh\u00e9rentes, une int\u00e9gration plus rapide et des co\u00fbts de formation totalement pr\u00e9visibles.<br> <br><\/p>","protected":false},"featured_media":0,"comment_status":"closed","ping_status":"closed","template":"","meta":{"_acf_changed":false,"site-sidebar-layout":"default","site-content-layout":"","ast-site-content-layout":"default","site-content-style":"default","site-sidebar-style":"default","ast-global-header-display":"","ast-banner-title-visibility":"","ast-main-header-display":"","ast-hfb-above-header-display":"","ast-hfb-below-header-display":"","ast-hfb-mobile-header-display":"","site-post-title":"","ast-breadcrumbs-content":"","ast-featured-img":"","footer-sml-layout":"","ast-disable-related-posts":"","theme-transparent-header-meta":"default","adv-header-id-meta":"","stick-header-meta":"default","header-above-stick-meta":"","header-main-stick-meta":"","header-below-stick-meta":"","astra-migrate-meta-layouts":"set","ast-page-background-enabled":"default","ast-page-background-meta":{"desktop":{"background-color":"var(--ast-global-color-4)","background-image":"","background-repeat":"repeat","background-position":"center center","background-size":"auto","background-attachment":"scroll","background-type":"","background-media":"","overlay-type":"","overlay-color":"","overlay-opacity":"","overlay-gradient":""},"tablet":{"background-color":"","background-image":"","background-repeat":"repeat","background-position":"center center","background-size":"auto","background-attachment":"scroll","background-type":"","background-media":"","overlay-type":"","overlay-color":"","overlay-opacity":"","overlay-gradient":""},"mobile":{"background-color":"","background-image":"","background-repeat":"repeat","background-position":"center center","background-size":"auto","background-attachment":"scroll","background-type":"","background-media":"","overlay-type":"","overlay-color":"","overlay-opacity":"","overlay-gradient":""}},"ast-content-background-meta":{"desktop":{"background-color":"var(--ast-global-color-5)","background-image":"","background-repeat":"repeat","background-position":"center center","background-size":"auto","background-attachment":"scroll","background-type":"","background-media":"","overlay-type":"","overlay-color":"","overlay-opacity":"","overlay-gradient":""},"tablet":{"background-color":"var(--ast-global-color-5)","background-image":"","background-repeat":"repeat","background-position":"center center","background-size":"auto","background-attachment":"scroll","background-type":"","background-media":"","overlay-type":"","overlay-color":"","overlay-opacity":"","overlay-gradient":""},"mobile":{"background-color":"var(--ast-global-color-5)","background-image":"","background-repeat":"repeat","background-position":"center center","background-size":"auto","background-attachment":"scroll","background-type":"","background-media":"","overlay-type":"","overlay-color":"","overlay-opacity":"","overlay-gradient":""}}},"product_brand":[],"product_cat":[258],"product_tag":[],"class_list":{"0":"post-10374","1":"product","2":"type-product","3":"status-publish","5":"product_cat-shop-university","6":"desktop-align-left","7":"tablet-align-left","8":"mobile-align-left","10":"first","11":"instock","12":"taxable","13":"shipping-taxable","14":"purchasable","15":"product-type-simple"},"acf":[],"_links":{"self":[{"href":"https:\/\/dani020.supserv.cozmoslabs.com\/fr\/wp-json\/wp\/v2\/product\/10374","targetHints":{"allow":["GET"]}}],"collection":[{"href":"https:\/\/dani020.supserv.cozmoslabs.com\/fr\/wp-json\/wp\/v2\/product"}],"about":[{"href":"https:\/\/dani020.supserv.cozmoslabs.com\/fr\/wp-json\/wp\/v2\/types\/product"}],"replies":[{"embeddable":true,"href":"https:\/\/dani020.supserv.cozmoslabs.com\/fr\/wp-json\/wp\/v2\/comments?post=10374"}],"wp:attachment":[{"href":"https:\/\/dani020.supserv.cozmoslabs.com\/fr\/wp-json\/wp\/v2\/media?parent=10374"}],"wp:term":[{"taxonomy":"product_brand","embeddable":true,"href":"https:\/\/dani020.supserv.cozmoslabs.com\/fr\/wp-json\/wp\/v2\/product_brand?post=10374"},{"taxonomy":"product_cat","embeddable":true,"href":"https:\/\/dani020.supserv.cozmoslabs.com\/fr\/wp-json\/wp\/v2\/product_cat?post=10374"},{"taxonomy":"product_tag","embeddable":true,"href":"https:\/\/dani020.supserv.cozmoslabs.com\/fr\/wp-json\/wp\/v2\/product_tag?post=10374"}],"curies":[{"name":"wp","href":"https:\/\/api.w.org\/{rel}","templated":true}]}}