{"id":10375,"date":"2025-09-22T14:59:06","date_gmt":"2025-09-22T12:59:06","guid":{"rendered":"https:\/\/b417hp-c.myrdbx.io\/?post_type=product&#038;p=10375"},"modified":"2026-03-30T13:29:30","modified_gmt":"2026-03-30T11:29:30","slug":"universite-tricise-automic-departement-formation-forfaitaire","status":"publish","type":"product","link":"https:\/\/dani020.supserv.cozmoslabs.com\/fr\/shop\/tricise-university-automic-training-department-flat-rate\/","title":{"rendered":"Automic Training Tier 2: Department Flat Rate <br>(max. 15 utilisateurs)"},"content":{"rendered":"<section id=\"tier-2\" aria-labelledby=\"tier-2-title\">\n<h3 id=\"tier-2-title\"><strong>Automic Training Tier 2 : Department Flat Rate (max. 15 Users)<\/strong><\/h3>\n<p class=\"translation-block\">Le <strong>Formation forfaitaire d\u00e9partementale Automic<\/strong> s'applique exclusivement aux<strong><a href=\"https:\/\/university.tricise.com\" target=\"_blank\" rel=\"noopener\"> programmes de formation Automic<\/a><\/strong> \u00e0<a href=\"https:\/\/dani020.supserv.cozmoslabs.com\/fr\/university\/region-fr-2\/#anchor-flat\" target=\"_blank\" rel=\"noopener\"><strong> Tricise University<\/strong><\/a>.<br>\r\nIl offre aux services de taille moyenne un <strong>acc\u00e8s illimit\u00e9<\/strong> au portefeuille complet de formations pour une dur\u00e9e fixe de <strong>12 mois<\/strong>. En \u00e9liminant les restrictions budg\u00e9taires et les obstacles administratifs, ce plan permet \u00e0 chaque membre de l'\u00e9quipe de participer aux cours dont il a besoin - quand il en a besoin.<\/p>\n<h4>Responsabiliser des d\u00e9partements entiers<\/h4>\n<p class=\"translation-block\">Le <strong>Department Flat Rate<\/strong> est con\u00e7u pour les \u00e9quipes comptant jusqu'\u00e0 15 utilisateurs qui souhaitent <strong>construire des connaissances coh\u00e9rentes<\/strong> dans l'ensemble de leur d\u00e9partement.<br>\r\nAu lieu d'allouer des fonds de formation \u00e0 quelques sp\u00e9cialistes seulement, les organisations peuvent s'assurer que <em>tous les employ\u00e9s<\/em> re\u00e7oivent la m\u00eame opportunit\u00e9 de d\u00e9velopper leurs comp\u00e9tences.<br>\r\nCe niveau soutient l'apprentissage holistique, en aidant les \u00e9quipes \u00e0 am\u00e9liorer la collaboration, \u00e0 partager l'expertise et \u00e0 appliquer <a href=\"http:\/\/automic.tricise.com\" target=\"_blank\" rel=\"noopener\"><strong>Automic Automation<\/strong><\/a> les meilleures pratiques dans le cadre des op\u00e9rations quotidiennes.<\/p>\n<h4>Pourquoi choisir le forfait d\u00e9partemental ?<\/h4>\n<p class=\"translation-block\">Les organisations de taille moyenne sont souvent confront\u00e9es au d\u00e9fi de trouver un \u00e9quilibre entre des budgets limit\u00e9s et la n\u00e9cessit\u00e9 d'une formation \u00e0 grande \u00e9chelle. Le <strong>Department Flat Rate<\/strong> \u00e9limine ce probl\u00e8me en proposant un abonnement unique et pr\u00e9visible qui couvre tous les membres du d\u00e9partement. Chaque utilisateur b\u00e9n\u00e9ficie d'un acc\u00e8s illimit\u00e9 aux <strong>cours d'autoformation<\/strong>, aux <strong>sessions dirig\u00e9es par un formateur<\/strong> et aux <strong>modules de formation Automic<\/strong> avanc\u00e9s. Le r\u00e9sultat est une \u00e9quipe uniform\u00e9ment qualifi\u00e9e qui peut se soutenir mutuellement, combler les lacunes en mati\u00e8re de connaissances et am\u00e9liorer l'efficacit\u00e9 globale.<\/p>\n<h4>Portefeuille d'apprentissage complet<\/h4>\n<ul>\n<li class=\"translation-block\"><strong>Education en ligne en autodidacte<\/strong> - Modules flexibles avec laboratoires pratiques, quiz interactifs et tests de certification.<\/li>\n<li class=\"translation-block\"><strong>Formation dirig\u00e9e par un formateur<\/strong> - Cours en direct avec des <a href=\"https:\/\/dani020.supserv.cozmoslabs.com\/fr\/\" target=\"_blank\" rel=\"noopener\"><strong>Consultants Tricise<\/strong><\/a> et des experts Automic certifi\u00e9s.<\/li>\n<li class=\"translation-block\"><strong>Modules de niveau expert<\/strong> - Sujets sp\u00e9cialis\u00e9s comprenant l'\u00e9criture de scripts, les fonctionnalit\u00e9s de l'IA et l'optimisation du syst\u00e8me, continuellement mis \u00e0 jour avec chaque <a href=\"https:\/\/www.broadcom.com\" target=\"_blank\" rel=\"noopener\"><strong>Broadcom<\/strong><\/a> version.<\/li>\n<li class=\"translation-block\"><strong>Parcours d'apprentissage mixte<\/strong> - Combinez l'apprentissage num\u00e9rique avec des sessions de questions-r\u00e9ponses en direct pour un impact maximal.<\/li>\n<\/ul>\n<h4>Principaux avantages du taux forfaitaire d\u00e9partemental<\/h4>\n<ul>\n<li class=\"translation-block\"><strong>Prix pr\u00e9visibles:<\/strong> Un tarif forfaitaire pour 15 utilisateurs maximum - pas de co\u00fbts cach\u00e9s ni d'approbations n\u00e9cessaires.<\/li>\n<li class=\"translation-block\"><strong>\u00c9conomies massives:<\/strong> R\u00e9alisez jusqu'\u00e0 65% d'\u00e9conomies par rapport aux r\u00e9servations de cours individuels.<\/li>\n<li class=\"translation-block\"><strong>Equit\u00e9 des connaissances:<\/strong> Veiller \u00e0 ce que chaque membre de l'\u00e9quipe d\u00e9veloppe le m\u00eame niveau d'expertise Automic.<\/li>\n<li class=\"translation-block\"><strong>Acc\u00e8s illimit\u00e9:<\/strong> Vous avez acc\u00e8s \u00e0 tous les cours actuels et futurs pendant toute la dur\u00e9e de l'abonnement.<\/li>\n<li class=\"translation-block\"><strong>Opportunit\u00e9s de certification:<\/strong> Les membres du d\u00e9partement peuvent obtenir des certifications Tricise University, am\u00e9liorant ainsi leur reconnaissance professionnelle.<\/li>\n<\/ul>\n<h4>Flexibilit\u00e9 de la langue et de la livraison<\/h4>\n<p class=\"translation-block\">Le contenu de la formation est disponible \u00e0 la fois en <strong>anglais et en allemand<\/strong> et peut \u00eatre dispens\u00e9 sous forme d'apprentissage en ligne et de <strong>classes virtuelles<\/strong>.<br>\r\nCette flexibilit\u00e9 garantit l'accessibilit\u00e9 aux \u00e9quipes internationales et aux d\u00e9partements ayant des pr\u00e9f\u00e9rences d'apprentissage diverses.<\/p>\n<h4>Qui b\u00e9n\u00e9ficie le plus du niveau 2 ?<\/h4>\n<p class=\"translation-block\">Le <strong>Department Flat Rate<\/strong> est id\u00e9al pour les d\u00e9partements informatiques, les \u00e9quipes op\u00e9rationnelles et les centres d'excellence qui g\u00e8rent<a href=\"http:\/\/automic.tricise.com\" target=\"_blank\" rel=\"noopener\"><strong> Automic Automation<\/strong><\/a>. Il garantit que les administrateurs, les op\u00e9rateurs et les d\u00e9veloppeurs partagent tous le m\u00eame niveau de connaissances, ce qui se traduit par des projets plus efficaces et des op\u00e9rations quotidiennes plus fluides.<\/p>\n<h4>Comment s'abonner<\/h4>\n<p class=\"translation-block\">La souscription au tarif forfaitaire d\u00e9partemental est rapide et transparente. Visitez le site officiel <a href=\"https:\/\/dani020.supserv.cozmoslabs.com\/fr\/boutique\/universite-tricise-automic-departement-formation-forfaitaire\/\" target=\"_blank\" rel=\"noopener\"><strong>Tricise University Store page<\/strong><\/a>, s\u00e9lectionnez le forfait d\u00e9partemental et effectuez le paiement en ligne. Une fois le paiement effectu\u00e9, votre abonnement est automatiquement enregistr\u00e9 dans notre syst\u00e8me. Chaque membre de l'\u00e9quipe peut alors utiliser son <strong>adresse \u00e9lectronique<\/strong> pour s'inscrire \u00e0 la plateforme de formation, obtenant ainsi un acc\u00e8s direct \u00e0 tout le contenu disponible. Ce processus permet d'\u00e9viter toute autre \u00e9tape de paiement, ce qui garantit une exp\u00e9rience d'int\u00e9gration fluide et conviviale.<\/p>\n<h4>Une formation \u00e9volutive pour l'avenir<\/h4>\n<p class=\"translation-block\">Le taux forfaitaire de d\u00e9partement n'est pas uniquement destin\u00e9 \u00e0 r\u00e9pondre aux besoins d'apprentissage actuels. Au fur et \u00e0 mesure que votre organisation se d\u00e9veloppe, vous pouvez passer en toute transparence au<a href=\"https:\/\/dani020.supserv.cozmoslabs.com\/fr\/university\/region-fr-2\/#anchor-flat\" target=\"_blank\" rel=\"noopener\"><strong>tarif forfaitaire de division (niveau 3)<\/strong><\/a>, en offrant le m\u00eame acc\u00e8s illimit\u00e9 \u00e0 des groupes plus importants tout en b\u00e9n\u00e9ficiant d'une tarification par utilisateur encore plus avantageuse. Cette \u00e9volutivit\u00e9 garantit que votre programme de formation \u00e9volue avec votre entreprise.<\/p>\n<h4>R\u00e9sum\u00e9 : Croissance des connaissances \u00e0 l'\u00e9chelle du d\u00e9partement<\/h4>\n<p class=\"translation-block\">Avec la <strong>Formation forfaitaire d\u00e9partementale Automic<\/strong>, les organisations donnent \u00e0 des d\u00e9partements entiers les moyens de b\u00e9n\u00e9ficier d'opportunit\u00e9s d'apprentissage illimit\u00e9es, de co\u00fbts pr\u00e9visibles et d'\u00e9conomies significatives. Ce niveau permet de cr\u00e9er des \u00e9quipes uniform\u00e9ment qualifi\u00e9es qui restent align\u00e9es sur les <a href=\"https:\/\/www.broadcom.com\" target=\"_blank\" rel=\"noopener\"><strong>Broadcom Automic<\/strong><\/a> mises \u00e0 jour et les meilleures pratiques, ce qui favorise l'efficacit\u00e9 et la collaboration dans l'ensemble de l'entreprise.<\/p>\n<p style=\"margin-top: 1em;\"><a href=\"https:\/\/university.tricise.com\" target=\"_blank\" rel=\"noopener\"><strong>Pour en savoir plus et commencer \u00e0 travailler, consultez le site Tricise University \u2192<\/strong><\/a><\/p>\n<\/section>","protected":false},"excerpt":{"rendered":"<p class=\"translation-block\">Am\u00e9liorez l\u2019efficacit\u00e9 des d\u00e9partements avec le <strong>Department Flat Rate<\/strong>. Jusqu\u2019\u00e0 15 utilisateurs b\u00e9n\u00e9ficient d\u2019un acc\u00e8s illimit\u00e9 \u00e0 la formation pendant 12 mois, incluant l\u2019autoformation, les sessions dirig\u00e9es par des formateurs et tous les modules. Id\u00e9al pour harmoniser les connaissances entre les \u00e9quipes et r\u00e9aliser jusqu\u2019\u00e0 65 % d\u2019\u00e9conomies par rapport aux r\u00e9servations individuelles.<\/p>","protected":false},"featured_media":0,"comment_status":"open","ping_status":"closed","template":"","meta":{"_acf_changed":false,"site-sidebar-layout":"default","site-content-layout":"","ast-site-content-layout":"default","site-content-style":"default","site-sidebar-style":"default","ast-global-header-display":"","ast-banner-title-visibility":"","ast-main-header-display":"","ast-hfb-above-header-display":"","ast-hfb-below-header-display":"","ast-hfb-mobile-header-display":"","site-post-title":"","ast-breadcrumbs-content":"","ast-featured-img":"","footer-sml-layout":"","ast-disable-related-posts":"","theme-transparent-header-meta":"default","adv-header-id-meta":"","stick-header-meta":"default","header-above-stick-meta":"","header-main-stick-meta":"","header-below-stick-meta":"","astra-migrate-meta-layouts":"set","ast-page-background-enabled":"default","ast-page-background-meta":{"desktop":{"background-color":"var(--ast-global-color-4)","background-image":"","background-repeat":"repeat","background-position":"center center","background-size":"auto","background-attachment":"scroll","background-type":"","background-media":"","overlay-type":"","overlay-color":"","overlay-opacity":"","overlay-gradient":""},"tablet":{"background-color":"","background-image":"","background-repeat":"repeat","background-position":"center center","background-size":"auto","background-attachment":"scroll","background-type":"","background-media":"","overlay-type":"","overlay-color":"","overlay-opacity":"","overlay-gradient":""},"mobile":{"background-color":"","background-image":"","background-repeat":"repeat","background-position":"center center","background-size":"auto","background-attachment":"scroll","background-type":"","background-media":"","overlay-type":"","overlay-color":"","overlay-opacity":"","overlay-gradient":""}},"ast-content-background-meta":{"desktop":{"background-color":"var(--ast-global-color-5)","background-image":"","background-repeat":"repeat","background-position":"center center","background-size":"auto","background-attachment":"scroll","background-type":"","background-media":"","overlay-type":"","overlay-color":"","overlay-opacity":"","overlay-gradient":""},"tablet":{"background-color":"var(--ast-global-color-5)","background-image":"","background-repeat":"repeat","background-position":"center center","background-size":"auto","background-attachment":"scroll","background-type":"","background-media":"","overlay-type":"","overlay-color":"","overlay-opacity":"","overlay-gradient":""},"mobile":{"background-color":"var(--ast-global-color-5)","background-image":"","background-repeat":"repeat","background-position":"center center","background-size":"auto","background-attachment":"scroll","background-type":"","background-media":"","overlay-type":"","overlay-color":"","overlay-opacity":"","overlay-gradient":""}}},"product_brand":[],"product_cat":[258],"product_tag":[],"class_list":{"0":"post-10375","1":"product","2":"type-product","3":"status-publish","5":"product_cat-shop-university","6":"desktop-align-left","7":"tablet-align-left","8":"mobile-align-left","10":"first","11":"instock","12":"taxable","13":"shipping-taxable","14":"purchasable","15":"product-type-simple"},"acf":[],"_links":{"self":[{"href":"https:\/\/dani020.supserv.cozmoslabs.com\/fr\/wp-json\/wp\/v2\/product\/10375","targetHints":{"allow":["GET"]}}],"collection":[{"href":"https:\/\/dani020.supserv.cozmoslabs.com\/fr\/wp-json\/wp\/v2\/product"}],"about":[{"href":"https:\/\/dani020.supserv.cozmoslabs.com\/fr\/wp-json\/wp\/v2\/types\/product"}],"replies":[{"embeddable":true,"href":"https:\/\/dani020.supserv.cozmoslabs.com\/fr\/wp-json\/wp\/v2\/comments?post=10375"}],"wp:attachment":[{"href":"https:\/\/dani020.supserv.cozmoslabs.com\/fr\/wp-json\/wp\/v2\/media?parent=10375"}],"wp:term":[{"taxonomy":"product_brand","embeddable":true,"href":"https:\/\/dani020.supserv.cozmoslabs.com\/fr\/wp-json\/wp\/v2\/product_brand?post=10375"},{"taxonomy":"product_cat","embeddable":true,"href":"https:\/\/dani020.supserv.cozmoslabs.com\/fr\/wp-json\/wp\/v2\/product_cat?post=10375"},{"taxonomy":"product_tag","embeddable":true,"href":"https:\/\/dani020.supserv.cozmoslabs.com\/fr\/wp-json\/wp\/v2\/product_tag?post=10375"}],"curies":[{"name":"wp","href":"https:\/\/api.w.org\/{rel}","templated":true}]}}