{"id":10381,"date":"2025-09-22T15:08:21","date_gmt":"2025-09-22T13:08:21","guid":{"rendered":"https:\/\/b417hp-c.myrdbx.io\/?post_type=product&#038;p=10381"},"modified":"2026-03-30T13:26:39","modified_gmt":"2026-03-30T11:26:39","slug":"tricise-university-automic-training-division-flat-rate","status":"publish","type":"product","link":"https:\/\/dani020.supserv.cozmoslabs.com\/fr\/shop\/tricise-university-automic-training-division-flat-rate\/","title":{"rendered":"Automic Training Tier 3: Division Flat Rate <br>(max. 25 utilisateurs)"},"content":{"rendered":"<section id=\"tier-3\" aria-labelledby=\"tier-3-title\">\n<h3 id=\"tier-3-title\"><strong>Automic Training Tier 3 : Division Flat Rate (max. 25 utilisateurs)<\/strong><\/h3>\n<p class=\"translation-block\">Le <strong>Formation forfaitaire de division Automic<\/strong> s'applique aux<a href=\"https:\/\/university.tricise.com\" target=\"_blank\" rel=\"noopener\"><strong> programmes de formation Automic<\/strong><\/a> \u00e0<a href=\"https:\/\/dani020.supserv.cozmoslabs.com\/fr\/university\/region-fr-2\/#anchor-flat\" target=\"_blank\" rel=\"noopener\"><strong> Tricise University<\/strong><\/a>. Il est sp\u00e9cialement con\u00e7u pour les grandes unit\u00e9s commerciales ou les divisions comptant jusqu'\u00e0 <strong>25 apprenants actifs<\/strong>. Cet <strong>abonnement de 12 mois<\/strong> offre un acc\u00e8s illimit\u00e9 \u00e0 tous les cours autodidactes et dirig\u00e9s par un formateur, ainsi qu'aux modules sp\u00e9cialis\u00e9s Automic, ce qui permet \u00e0 l'ensemble de votre division de b\u00e9n\u00e9ficier d'une formation coh\u00e9rente et de haute qualit\u00e9.<\/p>\n<h4>Donner aux divisions les moyens d'une formation illimit\u00e9e<\/h4>\n<p class=\"translation-block\">Le <strong>Division Flat Rate<\/strong> permet aux grandes organisations d'aligner les connaissances au sein de plusieurs \u00e9quipes simultan\u00e9ment. Au lieu de budgets de formation fragment\u00e9s ou d'allocations de cours limit\u00e9es, chaque utilisateur de la division b\u00e9n\u00e9ficie des m\u00eames opportunit\u00e9s pour faire progresser son<a href=\"http:\/\/automic.tricise.com\" target=\"_blank\" rel=\"noopener\"><strong> Automic Automation<\/strong><\/a>. Cela favorise la collaboration, assure une ex\u00e9cution plus rapide des projets et cr\u00e9e un ensemble de comp\u00e9tences unifi\u00e9 dans tous les d\u00e9partements.<\/p>\n<h4>Pourquoi choisir le forfait de division ?<\/h4>\n<p class=\"translation-block\">Pour les organisations compos\u00e9es de plusieurs \u00e9quipes interd\u00e9pendantes, le forfait de division permet de pr\u00e9voir les co\u00fbts et de partager les bases de la formation. Avec un acc\u00e8s illimit\u00e9, les utilisateurs peuvent continuellement mettre \u00e0 jour leurs comp\u00e9tences pour s'adapter aux derni\u00e8res<a href=\"https:\/\/www.broadcom.com\" target=\"_blank\" rel=\"noopener\"><strong> Broadcom Automic<\/strong><\/a> versions et innovations. En offrant une couverture compl\u00e8te jusqu'\u00e0 25 apprenants, les entreprises s'assurent qu'aucune lacune de comp\u00e9tences ne subsiste, ce qui fait de ce niveau la pierre angulaire des strat\u00e9gies d'automatisation durables.<\/p>\n<h4>Portefeuille d'apprentissage complet<\/h4>\n<ul>\n<li class=\"translation-block\"><strong>Selfstudy eLearning<\/strong> - Unit\u00e9s de formation flexibles, \u00e0 la demande, avec des laboratoires interactifs, des quiz et des certifications.<\/li>\n<li class=\"translation-block\"><strong>Cours dirig\u00e9s par un formateur<\/strong> - Sessions en direct avec des <a href=\"https:\/\/dani020.supserv.cozmoslabs.com\/fr\/\" target=\"_blank\" rel=\"noopener\"><strong>Experts de Tricise<\/strong><\/a> certifi\u00e9s pour un transfert de connaissances approfondi.<\/li>\n<li class=\"translation-block\"><strong>Modules Automic avanc\u00e9s<\/strong> - Mises \u00e0 jour continues couvrant les scripts, les fonctionnalit\u00e9s d'intelligence artificielle et l'optimisation du flux de travail.<\/li>\n<li class=\"translation-block\"><strong>Options d'apprentissage mixte<\/strong> - Combinez l'auto-apprentissage num\u00e9rique avec des sessions interactives pour r\u00e9pondre aux pr\u00e9f\u00e9rences de l'\u00e9quipe.<\/li>\n<\/ul>\n<h4>Principaux avantages du taux forfaitaire de division<\/h4>\n<ul>\n<li class=\"translation-block\"><strong>Retour sur investissement significatif:<\/strong> R\u00e9aliser jusqu'\u00e0 65% d'\u00e9conomies par rapport aux r\u00e9servations individuelles.<\/li>\n<li class=\"translation-block\"><strong>Connaissances \u00e0 l'\u00e9chelle de la division:<\/strong> Assurer une expertise coh\u00e9rente pour un maximum de 25 utilisateurs.<\/li>\n<li class=\"translation-block\"><strong>Acc\u00e8s illimit\u00e9:<\/strong> Toutes les formations Automic actuelles et futures sont incluses dans l'abonnement.<\/li>\n<li class=\"translation-block\"><strong>Standardisation:<\/strong> Construire une approche unifi\u00e9e de l'automatisation au sein de plusieurs \u00e9quipes.<\/li>\n<li class=\"translation-block\"><strong>Parcours de certification:<\/strong> Le personnel peut obtenir des certificats officiels Tricise University.<\/li>\n<\/ul>\n<h4>Flexibilit\u00e9 de la langue et de la prestation<\/h4>\n<p class=\"translation-block\">Le <strong>Division Flat Rate<\/strong> propose des formations en <strong>anglais et en allemand<\/strong>, disponibles sous forme de <strong>eLearning<\/strong>, de <strong>sessions virtuelles<\/strong> ou d'<strong>ateliers sur site<\/strong>. Les \u00e9quipes internationales ou les divisions pluridisciplinaires peuvent ainsi acc\u00e9der \u00e0 la formation dans le format le plus efficace pour r\u00e9pondre \u00e0 leurs besoins.<\/p>\n<h4>Qui b\u00e9n\u00e9ficie le plus du niveau 3 ?<\/h4>\n<p class=\"translation-block\">Le <strong>Forfait de division<\/strong> est id\u00e9al pour les entreprises o\u00f9 plusieurs d\u00e9partements ou de grandes \u00e9quipes s'appuient sur<a href=\"http:\/\/automic.tricise.com\" target=\"_blank\" rel=\"noopener\"><strong> Automic Automation<\/strong><\/a>. Elle garantit l'\u00e9volutivit\u00e9, ce qui la rend particuli\u00e8rement pr\u00e9cieuse pour les entreprises qui subissent une transformation num\u00e9rique rapide, des fusions ou des d\u00e9ploiements mondiaux, o\u00f9 des connaissances normalis\u00e9es en mati\u00e8re d'automatisation sont essentielles.<\/p>\n<h4>Comment s'abonner<\/h4>\n<p class=\"translation-block\">L'abonnement est simple. Visitez le site officiel<a href=\"https:\/\/dani020.supserv.cozmoslabs.com\/fr\/boutique\/universite-tricise-automic-equipe-de-formation-forfaitaire-3\/\" target=\"_blank\" rel=\"noopener\"><strong> Tricise University Store page<\/strong><\/a>, choisissez le <strong>Tarif forfaitaire de la division<\/strong>, et effectuez le paiement.\r\nUne fois le paiement confirm\u00e9, l'abonnement est automatiquement enregistr\u00e9 dans notre syst\u00e8me. Les membres de l'\u00e9quipe peuvent alors <strong>s'inscrire directement avec leur adresse \u00e9lectronique<\/strong> sur le<a href=\"https:\/\/university.tricise.com\" target=\"_blank\" rel=\"noopener\"><strong>portail University<\/strong><\/a>, en sautant toute autre \u00e9tape de paiement.<br>Cette proc\u00e9dure simplifi\u00e9e garantit un acc\u00e8s imm\u00e9diat et sans tracas pour un maximum de 25 utilisateurs.<\/p>\n<h4>\u00c9volutivit\u00e9 pour les entreprises en croissance<\/h4>\n<p class=\"translation-block\">Pour des d\u00e9ploiements encore plus importants, Tricise peut prendre en charge des solutions de formation d'entreprise personnalis\u00e9es qui vont au-del\u00e0 du niveau 3 - garantissant ainsi une flexibilit\u00e9 pour les d\u00e9ploiements mondiaux et les environnements tr\u00e8s complexes.<\/p>\n<h4>R\u00e9sum\u00e9 : Apprentissage sans limites \u00e0 l'\u00e9chelle de la division<\/h4>\n<p class=\"translation-block\">Avec la <strong>Formation forfaitaire de division Automic<\/strong>, les grandes organisations b\u00e9n\u00e9ficient d'une distribution coh\u00e9rente des connaissances, d'une rentabilit\u00e9 maximale et de meilleures pratiques standardis\u00e9es au sein de plusieurs \u00e9quipes. Ce niveau garantit que des divisions enti\u00e8res restent align\u00e9es sur les derni\u00e8res versions <a href=\"https:\/\/www.broadcom.com\" target=\"_blank\" rel=\"noopener\"><strong>Broadcom Automic Automation<\/strong><\/a> et peuvent tirer parti de l'automatisation en tant qu'avantage strat\u00e9gique.<\/p>\n<p style=\"margin-top: 1em;\"><a href=\"https:\/\/university.tricise.com\" target=\"_blank\" rel=\"noopener\"><strong>Pour en savoir plus et commencer \u00e0 travailler, consultez le site Tricise University \u2192<\/strong><\/a><\/p>\n<\/section>","protected":false},"excerpt":{"rendered":"<p class=\"translation-block\">D\u00e9veloppez les connaissances au sein de plus grandes unit\u00e9s avec le <strong>Division Flat Rate<\/strong>. Ce plan offre un acc\u00e8s illimit\u00e9 aux formations Automic pour jusqu\u2019\u00e0 25 utilisateurs pendant 12 mois, cr\u00e9ant une base de comp\u00e9tences unifi\u00e9e \u00e0 travers plusieurs \u00e9quipes et d\u00e9partements. Favorisez la collaboration, rationalisez les projets et b\u00e9n\u00e9ficiez d\u2019\u00e9conomies significatives \u00e0 long terme.<br><br><\/p>","protected":false},"featured_media":0,"comment_status":"closed","ping_status":"closed","template":"","meta":{"_acf_changed":false,"site-sidebar-layout":"default","site-content-layout":"","ast-site-content-layout":"default","site-content-style":"default","site-sidebar-style":"default","ast-global-header-display":"","ast-banner-title-visibility":"","ast-main-header-display":"","ast-hfb-above-header-display":"","ast-hfb-below-header-display":"","ast-hfb-mobile-header-display":"","site-post-title":"","ast-breadcrumbs-content":"","ast-featured-img":"","footer-sml-layout":"","ast-disable-related-posts":"","theme-transparent-header-meta":"default","adv-header-id-meta":"","stick-header-meta":"default","header-above-stick-meta":"","header-main-stick-meta":"","header-below-stick-meta":"","astra-migrate-meta-layouts":"set","ast-page-background-enabled":"default","ast-page-background-meta":{"desktop":{"background-color":"var(--ast-global-color-4)","background-image":"","background-repeat":"repeat","background-position":"center center","background-size":"auto","background-attachment":"scroll","background-type":"","background-media":"","overlay-type":"","overlay-color":"","overlay-opacity":"","overlay-gradient":""},"tablet":{"background-color":"","background-image":"","background-repeat":"repeat","background-position":"center center","background-size":"auto","background-attachment":"scroll","background-type":"","background-media":"","overlay-type":"","overlay-color":"","overlay-opacity":"","overlay-gradient":""},"mobile":{"background-color":"","background-image":"","background-repeat":"repeat","background-position":"center center","background-size":"auto","background-attachment":"scroll","background-type":"","background-media":"","overlay-type":"","overlay-color":"","overlay-opacity":"","overlay-gradient":""}},"ast-content-background-meta":{"desktop":{"background-color":"var(--ast-global-color-5)","background-image":"","background-repeat":"repeat","background-position":"center center","background-size":"auto","background-attachment":"scroll","background-type":"","background-media":"","overlay-type":"","overlay-color":"","overlay-opacity":"","overlay-gradient":""},"tablet":{"background-color":"var(--ast-global-color-5)","background-image":"","background-repeat":"repeat","background-position":"center center","background-size":"auto","background-attachment":"scroll","background-type":"","background-media":"","overlay-type":"","overlay-color":"","overlay-opacity":"","overlay-gradient":""},"mobile":{"background-color":"var(--ast-global-color-5)","background-image":"","background-repeat":"repeat","background-position":"center center","background-size":"auto","background-attachment":"scroll","background-type":"","background-media":"","overlay-type":"","overlay-color":"","overlay-opacity":"","overlay-gradient":""}}},"product_brand":[],"product_cat":[258],"product_tag":[],"class_list":{"0":"post-10381","1":"product","2":"type-product","3":"status-publish","5":"product_cat-shop-university","6":"desktop-align-left","7":"tablet-align-left","8":"mobile-align-left","10":"first","11":"instock","12":"taxable","13":"shipping-taxable","14":"purchasable","15":"product-type-simple"},"acf":[],"_links":{"self":[{"href":"https:\/\/dani020.supserv.cozmoslabs.com\/fr\/wp-json\/wp\/v2\/product\/10381","targetHints":{"allow":["GET"]}}],"collection":[{"href":"https:\/\/dani020.supserv.cozmoslabs.com\/fr\/wp-json\/wp\/v2\/product"}],"about":[{"href":"https:\/\/dani020.supserv.cozmoslabs.com\/fr\/wp-json\/wp\/v2\/types\/product"}],"replies":[{"embeddable":true,"href":"https:\/\/dani020.supserv.cozmoslabs.com\/fr\/wp-json\/wp\/v2\/comments?post=10381"}],"wp:attachment":[{"href":"https:\/\/dani020.supserv.cozmoslabs.com\/fr\/wp-json\/wp\/v2\/media?parent=10381"}],"wp:term":[{"taxonomy":"product_brand","embeddable":true,"href":"https:\/\/dani020.supserv.cozmoslabs.com\/fr\/wp-json\/wp\/v2\/product_brand?post=10381"},{"taxonomy":"product_cat","embeddable":true,"href":"https:\/\/dani020.supserv.cozmoslabs.com\/fr\/wp-json\/wp\/v2\/product_cat?post=10381"},{"taxonomy":"product_tag","embeddable":true,"href":"https:\/\/dani020.supserv.cozmoslabs.com\/fr\/wp-json\/wp\/v2\/product_tag?post=10381"}],"curies":[{"name":"wp","href":"https:\/\/api.w.org\/{rel}","templated":true}]}}