{"id":10795,"date":"2025-09-29T17:30:58","date_gmt":"2025-09-29T15:30:58","guid":{"rendered":"https:\/\/b417hp-c.myrdbx.io\/?post_type=product&#038;p=10795"},"modified":"2026-04-13T12:08:42","modified_gmt":"2026-04-13T10:08:42","slug":"universite-tricise-automic-formation-forfaitaire-unique","status":"publish","type":"product","link":"https:\/\/dani020.supserv.cozmoslabs.com\/fr\/shop\/tricise-university-automic-training-single-flat-rate\/","title":{"rendered":"Automic Training Tier 0 : Single-User Flat Rate <br>(max. 1 utilisateur)"},"content":{"rendered":"<section id=\"tier-0\" aria-labelledby=\"tier-0-title\">\n<h3 id=\"tier-0-title\"><strong>Automic Training Tier 0 : Single-User Flat Rate (max. 1 User)<\/strong><\/h3>\n<p class=\"translation-block\">Le <strong>Forfait pour un seul utilisateur<\/strong> fait partie du <a href=\"https:\/\/dani020.supserv.cozmoslabs.com\/fr\/university\/region-fr-2\/#anchor-flat\" target=\"_blank\" rel=\"noopener\"><strong>Programme forfaitaire Tricise University<\/strong><\/a> - un mod\u00e8le d'abonnement flexible offrant un acc\u00e8s illimit\u00e9 \u00e0 l'ensemble du <a href=\"https:\/\/university.tricise.com\" target=\"_blank\" rel=\"noopener\"><strong>portefeuille de formation Automic<\/strong><\/a>. Cette <strong>licence de 12 mois<\/strong> accorde \u00e0 un utilisateur un acc\u00e8s illimit\u00e9 \u00e0 tous les cours disponibles, y compris les <strong>modules d'auto-apprentissage<\/strong>, les <strong>sessions dirig\u00e9es par un formateur<\/strong> et les <strong>ateliers d'experts<\/strong>. Con\u00e7u pour les professionnels qui pr\u00e9f\u00e8rent la formation continue sans effort administratif, ce plan regroupe toutes les formations Automic sous un co\u00fbt unique et pr\u00e9visible.<\/p>\n<h4>Acc\u00e8s complet au portefeuille de formation Automic<\/h4>\n<p class=\"translation-block\">Avec le forfait utilisateur unique, vous b\u00e9n\u00e9ficiez d'un acc\u00e8s direct \u00e0 l'ensemble de la gamme de<br> cours de formation.\r\n<a href=\"http:\/\/automic.tricise.com\" target=\"_blank\" rel=\"noopener\"><strong>Automic Automation<\/strong><\/a> - des introductions fondamentales aux modules avanc\u00e9s tels que les scripts, les fonctionnalit\u00e9s pilot\u00e9es par l'IA et les pratiques d'optimisation. L'abonnement comprend \u00e9galement un acc\u00e8s exclusif aux nouveaux modules, aux enregistrements d'\u00e9v\u00e9nements en direct et aux mises \u00e0 jour des cours. Tout le contenu est cr\u00e9\u00e9 en collaboration avec les ressources officielles Broadcom<\/strong><\/a> de <a href=\"https:\/\/www.broadcom.com\" target=\"_blank\" rel=\"noopener\"><strong>Automic<\/strong>, ce qui garantit que votre parcours d'apprentissage s'aligne sur les derni\u00e8res versions du produit et sur les normes de l'entreprise.<\/p>\n<h4>Des formats d'apprentissage adapt\u00e9s \u00e0 chaque profil<\/h4>\n<p>Le plan propose plusieurs formats d'apprentissage pour r\u00e9pondre aux diff\u00e9rents styles d'apprentissage :<\/p>\n<ul>\n<li class=\"translation-block\"><strong>Apprentissage \u00e0 son rythme<\/strong> - \u00c9tudiez \u00e0 tout moment et en tout lieu gr\u00e2ce \u00e0 des parcours d'apprentissage en ligne structur\u00e9s qui comprennent des exercices et des \u00e9valuations interactifs.<\/li>\n<li class=\"translation-block\"><strong>Sessions de formation en direct<\/strong> - Participez aux cours dispens\u00e9s par des <a href=\"https:\/\/dani020.supserv.cozmoslabs.com\/fr\/\" target=\"_blank\" rel=\"noopener\"><strong>Consultants Tricise<\/strong><\/a> et experts Automic certifi\u00e9s pour obtenir des conseils pratiques.<\/li>\n<li class=\"translation-block\"><strong>Apprentissage mixte<\/strong> - Combinez des modules en ligne avec des sessions de questions-r\u00e9ponses en direct pour un m\u00e9lange optimal de flexibilit\u00e9 et de soutien de l'instructeur.<\/li>\n<\/ul>\n<p>Chaque piste d'apprentissage se termine par une certification optionnelle, permettant aux individus de valider leurs comp\u00e9tences au sein de l'\u00e9cosyst\u00e8me Automic.<\/p>\n<h4>Pourquoi choisir le forfait pour utilisateur unique ?<\/h4>\n<p class=\"translation-block\">Ce niveau d'entr\u00e9e est id\u00e9al pour les professionnels de l'informatique, les administrateurs et les d\u00e9veloppeurs qui souhaitent d\u00e9velopper leur expertise Automic de mani\u00e8re ind\u00e9pendante.\r\nAu lieu de r\u00e9server des cours individuellement, les abonn\u00e9s b\u00e9n\u00e9ficient d'une <strong>libert\u00e9 d'apprentissage illimit\u00e9e<\/strong> et d'un acc\u00e8s automatique \u00e0 toutes les nouvelles versions tout au long de l'ann\u00e9e.<br>\r\nC'est la solution id\u00e9ale pour tous ceux qui s'engagent \u00e0 \u00e9voluer professionnellement et \u00e0 se perfectionner en permanence.<\/p>\n<h4>Principaux avantages et valeur ajout\u00e9e<\/h4>\n<ul>\n<li class=\"translation-block\"><strong>Co\u00fbts pr\u00e9visibles :<\/strong> Une cotisation annuelle unique qui \u00e9limine la facturation par cours et l'incertitude budg\u00e9taire.<\/li>\n<li class=\"translation-block\"><strong>\u00c9conomies significatives:<\/strong> \u00c9conomisez jusqu'\u00e0 40 % par rapport aux r\u00e9servations individuelles tout en conservant un acc\u00e8s illimit\u00e9.<\/li>\n<li class=\"translation-block\"><strong>Parcours d'apprentissage personnalis\u00e9:<\/strong> Suivez des programmes structur\u00e9s con\u00e7us pour les utilisateurs, les administrateurs et les d\u00e9veloppeurs \u00e0 diff\u00e9rents niveaux d'exp\u00e9rience.<\/li>\n<li class=\"translation-block\"><strong>Mises \u00e0 jour continues:<\/strong> Restez au courant des derni\u00e8res fonctionnalit\u00e9s du Automic Automation et des derni\u00e8res versions du produit Broadcom.<\/li>\n<li class=\"translation-block\"><strong>Certifications incluses:<\/strong> Obtenez des certificats num\u00e9riques qui d\u00e9montrent votre expertise aux employeurs et aux clients.<\/li>\n<\/ul>\n<h4>Apprentissage des langues et disponibilit\u00e9 r\u00e9gionale<\/h4>\n<p class=\"translation-block\">Tous les contenus de formation sont disponibles en <strong>anglais et en allemand<\/strong>, ce qui les rend accessibles \u00e0 un public international.<br>\r\nTricise University offre une assistance localis\u00e9e, des calendriers sp\u00e9cifiques \u00e0 chaque r\u00e9gion et des options de certification pour r\u00e9pondre aux besoins des \u00e9quipes internationales.\r\nLes apprenants peuvent choisir leur langue pr\u00e9f\u00e9r\u00e9e et changer de langue \u00e0 tout moment sans frais suppl\u00e9mentaires.<\/p>\n<h4>Qui b\u00e9n\u00e9ficie le plus du niveau 0 ?<\/h4>\n<p class=\"translation-block\">Le tarif forfaitaire pour utilisateur unique est particuli\u00e8rement adapt\u00e9 aux freelances, aux consultants et aux contributeurs individuels qui travaillent r\u00e9guli\u00e8rement avec<br>...\r\n<a href=\"http:\/\/automic.tricise.com\" target=\"_blank\" rel=\"noopener\"><strong>Automic Automation<\/strong><\/a> ou qui g\u00e8rent des flux de travail automatis\u00e9s dans des environnements d'entreprise. Il s'agit \u00e9galement d'un excellent choix pour les employ\u00e9s qui souhaitent formaliser leurs comp\u00e9tences par le biais de certifications officielles Tricise ou se pr\u00e9parer \u00e0 la mise en \u0153uvre de projets \u00e0 venir.<\/p>\n<h4>Comment s'abonner et commencer \u00e0 apprendre<\/h4>\n<p class=\"translation-block\">La souscription au <strong>Single-User Flat Rate<\/strong> est rapide et simple. Visitez la page officielle <a href=\"https:\/\/dani020.supserv.cozmoslabs.com\/fr\/boutique\/universite-tricise-automic-formation-forfaitaire-unique\/\" target=\"_blank\" rel=\"noopener\"><strong>Tricise University Store<\/strong><\/a>, choisissez le plan et effectuez le paiement. Une fois le <strong>paiement confirm\u00e9<\/strong>, l'abonnement est automatiquement enregistr\u00e9 dans notre syst\u00e8me. Il vous suffit ensuite d'utiliser votre <strong>adresse \u00e9lectronique<\/strong> pour cr\u00e9er un compte sur le<a href=\"https:\/\/university.tricise.com\" target=\"_blank\" rel=\"noopener\"><strong>portail University<\/strong><\/a>. Cette proc\u00e9dure permet d'\u00e9viter toute autre \u00e9tape de paiement et vous donne un acc\u00e8s imm\u00e9diat \u00e0 tous les cours, vid\u00e9os et laboratoires interactifs inclus dans votre plan.<\/p>\n<h4>Int\u00e9gration dans l'\u00e9cosyst\u00e8me d'apprentissage Tricise<\/h4>\n<p class=\"translation-block\">Le niveau 0 sert de base \u00e0 l'ensemble du mod\u00e8le d'apprentissage Tricise. Les utilisateurs peuvent ensuite passer \u00e0<a href=\"https:\/\/dani020.supserv.cozmoslabs.com\/fr\/university\/region-fr-2\/#anchor-flat\" target=\"_blank\" rel=\"noopener\"><strong>des paliers forfaitaires d'\u00e9quipe, de d\u00e9partement ou de division<\/strong><\/a> au fur et \u00e0 mesure que leurs besoins en formation augmentent. Cette conception modulaire permet un d\u00e9veloppement \u00e9volutif des connaissances au sein des organisations tout en pr\u00e9servant la simplicit\u00e9 d'un abonnement unique.<\/p>\n<h4>La confiance des professionnels de l'automatisation dans le monde entier<\/h4>\n<p class=\"translation-block\">Des milliers d'utilisateurs et d'administrateurs de Automic \u00e0 travers l'Europe et au-del\u00e0 font confiance \u00e0<a href=\"https:\/\/dani020.supserv.cozmoslabs.com\/fr\/\" target=\"_blank\" rel=\"noopener\"><strong>Tricise<\/strong><\/a> en tant que partenaire de formation officiel de Automic. Le tarif forfaitaire pour un seul utilisateur refl\u00e8te notre engagement en faveur d'une formation accessible et de haute qualit\u00e9 et d'une exp\u00e9rience d'apprentissage coh\u00e9rente align\u00e9e sur<a href=\"https:\/\/www.broadcom.com\" target=\"_blank\" rel=\"noopener\"><strong>les normes Broadcom Automic<\/strong><\/a>.<\/p>\n<p style=\"margin-top: 1em;\"><a href=\"https:\/\/university.tricise.com\" target=\"_blank\" rel=\"noopener\"><strong>Commencez \u00e0 apprendre d\u00e8s aujourd'hui avec Tricise University \u2192<\/strong><\/a><\/p>\n<\/section>","protected":false},"excerpt":{"rendered":"<p class=\"translation-block\"><br>D\u00e9veloppez l\u2019expertise individuelle avec la <strong>Single-User Flat Rate<\/strong>. Ce plan offre \u00e0 un utilisateur un acc\u00e8s illimit\u00e9 aux formations Automic pendant 12 mois, soutenant un apprentissage flexible et \u00e0 son propre rythme. Acqu\u00e9rez des connaissances approfondies, restez \u00e0 jour avec les meilleures pratiques et r\u00e9duisez les co\u00fbts de formation gr\u00e2ce \u00e0 un abonnement simple \u00e0 prix fixe. <br><\/p>","protected":false},"featured_media":0,"comment_status":"closed","ping_status":"closed","template":"","meta":{"_acf_changed":false,"site-sidebar-layout":"default","site-content-layout":"","ast-site-content-layout":"default","site-content-style":"default","site-sidebar-style":"default","ast-global-header-display":"","ast-banner-title-visibility":"","ast-main-header-display":"","ast-hfb-above-header-display":"","ast-hfb-below-header-display":"","ast-hfb-mobile-header-display":"","site-post-title":"","ast-breadcrumbs-content":"","ast-featured-img":"","footer-sml-layout":"","ast-disable-related-posts":"","theme-transparent-header-meta":"default","adv-header-id-meta":"","stick-header-meta":"default","header-above-stick-meta":"","header-main-stick-meta":"","header-below-stick-meta":"","astra-migrate-meta-layouts":"set","ast-page-background-enabled":"default","ast-page-background-meta":{"desktop":{"background-color":"var(--ast-global-color-4)","background-image":"","background-repeat":"repeat","background-position":"center center","background-size":"auto","background-attachment":"scroll","background-type":"","background-media":"","overlay-type":"","overlay-color":"","overlay-opacity":"","overlay-gradient":""},"tablet":{"background-color":"","background-image":"","background-repeat":"repeat","background-position":"center center","background-size":"auto","background-attachment":"scroll","background-type":"","background-media":"","overlay-type":"","overlay-color":"","overlay-opacity":"","overlay-gradient":""},"mobile":{"background-color":"","background-image":"","background-repeat":"repeat","background-position":"center center","background-size":"auto","background-attachment":"scroll","background-type":"","background-media":"","overlay-type":"","overlay-color":"","overlay-opacity":"","overlay-gradient":""}},"ast-content-background-meta":{"desktop":{"background-color":"var(--ast-global-color-5)","background-image":"","background-repeat":"repeat","background-position":"center center","background-size":"auto","background-attachment":"scroll","background-type":"","background-media":"","overlay-type":"","overlay-color":"","overlay-opacity":"","overlay-gradient":""},"tablet":{"background-color":"var(--ast-global-color-5)","background-image":"","background-repeat":"repeat","background-position":"center center","background-size":"auto","background-attachment":"scroll","background-type":"","background-media":"","overlay-type":"","overlay-color":"","overlay-opacity":"","overlay-gradient":""},"mobile":{"background-color":"var(--ast-global-color-5)","background-image":"","background-repeat":"repeat","background-position":"center center","background-size":"auto","background-attachment":"scroll","background-type":"","background-media":"","overlay-type":"","overlay-color":"","overlay-opacity":"","overlay-gradient":""}}},"product_brand":[],"product_cat":[258],"product_tag":[],"class_list":{"0":"post-10795","1":"product","2":"type-product","3":"status-publish","5":"product_cat-shop-university","6":"desktop-align-left","7":"tablet-align-left","8":"mobile-align-left","10":"first","11":"instock","12":"taxable","13":"shipping-taxable","14":"purchasable","15":"product-type-simple"},"acf":[],"_links":{"self":[{"href":"https:\/\/dani020.supserv.cozmoslabs.com\/fr\/wp-json\/wp\/v2\/product\/10795","targetHints":{"allow":["GET"]}}],"collection":[{"href":"https:\/\/dani020.supserv.cozmoslabs.com\/fr\/wp-json\/wp\/v2\/product"}],"about":[{"href":"https:\/\/dani020.supserv.cozmoslabs.com\/fr\/wp-json\/wp\/v2\/types\/product"}],"replies":[{"embeddable":true,"href":"https:\/\/dani020.supserv.cozmoslabs.com\/fr\/wp-json\/wp\/v2\/comments?post=10795"}],"wp:attachment":[{"href":"https:\/\/dani020.supserv.cozmoslabs.com\/fr\/wp-json\/wp\/v2\/media?parent=10795"}],"wp:term":[{"taxonomy":"product_brand","embeddable":true,"href":"https:\/\/dani020.supserv.cozmoslabs.com\/fr\/wp-json\/wp\/v2\/product_brand?post=10795"},{"taxonomy":"product_cat","embeddable":true,"href":"https:\/\/dani020.supserv.cozmoslabs.com\/fr\/wp-json\/wp\/v2\/product_cat?post=10795"},{"taxonomy":"product_tag","embeddable":true,"href":"https:\/\/dani020.supserv.cozmoslabs.com\/fr\/wp-json\/wp\/v2\/product_tag?post=10795"}],"curies":[{"name":"wp","href":"https:\/\/api.w.org\/{rel}","templated":true}]}}