{"id":6165,"date":"2025-06-30T11:26:11","date_gmt":"2025-06-30T09:26:11","guid":{"rendered":"https:\/\/b417hp-c.myrdbx.io\/?post_type=product&#038;p=6165"},"modified":"2025-10-13T17:20:00","modified_gmt":"2025-10-13T15:20:00","slug":"automation-utility","status":"publish","type":"product","link":"https:\/\/dani020.supserv.cozmoslabs.com\/fr\/shop\/automation-utility\/","title":{"rendered":"Utilitaire d'automatisation"},"content":{"rendered":"<div class=\"elementor-element elementor-element-b690223 elementor-widget elementor-widget-heading\" data-id=\"b690223\" data-element_type=\"widget\" data-widget_type=\"heading.default\">\n<div class=\"elementor-widget-container\">\n<h2 class=\"elementor-heading-title elementor-size-default\">Vue d'ensemble<\/h2>\n<\/div>\n<\/div>\n<div class=\"elementor-element elementor-element-d4c06e5 elementor-widget elementor-widget-text-editor\" data-id=\"d4c06e5\" data-element_type=\"widget\" data-widget_type=\"text-editor.default\">\n<div class=\"elementor-widget-container\">\n<p><strong>Pack d'action pour l'utilitaire d'automatisation<\/strong>\u00a0est une solution compl\u00e8te con\u00e7ue pour rationaliser la gestion et la maintenance de votre base de donn\u00e9es Automic Automation Engine. En int\u00e9grant des utilitaires cl\u00e9s, il simplifie les t\u00e2ches telles que la r\u00e9duction de la taille de la base de donn\u00e9es, la r\u00e9organisation du r\u00e9f\u00e9rentiel et l'optimisation des performances du syst\u00e8me. Ce pack d'action am\u00e9liore la convivialit\u00e9 en combinant les utilitaires Automic dans un cadre facile \u00e0 utiliser, permettant l'ex\u00e9cution via le frontend ou le mode batch tout en supportant une int\u00e9gration transparente dans vos flux de travail.<\/p>\n<p>Vous trouverez un livre blanc d\u00e9taill\u00e9 <strong><a href=\"https:\/\/dani020.supserv.cozmoslabs.com\/fr\/docu\/livre-blanc\/automation\/automic\/automation-utility\/\">ici<\/a><\/strong>.<\/p>\n<\/div>\n<\/div>","protected":false},"excerpt":{"rendered":"<p>Ensemble d'outils standardis\u00e9s pour la maintenance et la gestion de la base de donn\u00e9es Automic gr\u00e2ce \u00e0 notre syst\u00e8me de gestion des donn\u00e9es.\u00a0<strong>Pack d'action pour l'utilitaire d'automatisation<\/strong>. Simplifier les op\u00e9rations de base de donn\u00e9es en utilisant des processus pr\u00e9configur\u00e9s pour l'archivage, la r\u00e9organisation, la copie des clients et l'\u00e9tablissement de rapports de r\u00e9vision d\u00e9taill\u00e9s. Essentiel pour les administrateurs syst\u00e8me qui g\u00e8rent, maintiennent et optimisent les environnements Automic de mani\u00e8re efficace et fiable.<\/p>","protected":false},"featured_media":0,"comment_status":"closed","ping_status":"closed","template":"","meta":{"_acf_changed":false,"site-sidebar-layout":"default","site-content-layout":"","ast-site-content-layout":"default","site-content-style":"default","site-sidebar-style":"default","ast-global-header-display":"","ast-banner-title-visibility":"","ast-main-header-display":"","ast-hfb-above-header-display":"","ast-hfb-below-header-display":"","ast-hfb-mobile-header-display":"","site-post-title":"","ast-breadcrumbs-content":"","ast-featured-img":"","footer-sml-layout":"","ast-disable-related-posts":"","theme-transparent-header-meta":"default","adv-header-id-meta":"","stick-header-meta":"default","header-above-stick-meta":"","header-main-stick-meta":"","header-below-stick-meta":"","astra-migrate-meta-layouts":"set","ast-page-background-enabled":"default","ast-page-background-meta":{"desktop":{"background-color":"var(--ast-global-color-4)","background-image":"","background-repeat":"repeat","background-position":"center center","background-size":"auto","background-attachment":"scroll","background-type":"","background-media":"","overlay-type":"","overlay-color":"","overlay-opacity":"","overlay-gradient":""},"tablet":{"background-color":"","background-image":"","background-repeat":"repeat","background-position":"center center","background-size":"auto","background-attachment":"scroll","background-type":"","background-media":"","overlay-type":"","overlay-color":"","overlay-opacity":"","overlay-gradient":""},"mobile":{"background-color":"","background-image":"","background-repeat":"repeat","background-position":"center center","background-size":"auto","background-attachment":"scroll","background-type":"","background-media":"","overlay-type":"","overlay-color":"","overlay-opacity":"","overlay-gradient":""}},"ast-content-background-meta":{"desktop":{"background-color":"var(--ast-global-color-5)","background-image":"","background-repeat":"repeat","background-position":"center center","background-size":"auto","background-attachment":"scroll","background-type":"","background-media":"","overlay-type":"","overlay-color":"","overlay-opacity":"","overlay-gradient":""},"tablet":{"background-color":"var(--ast-global-color-5)","background-image":"","background-repeat":"repeat","background-position":"center center","background-size":"auto","background-attachment":"scroll","background-type":"","background-media":"","overlay-type":"","overlay-color":"","overlay-opacity":"","overlay-gradient":""},"mobile":{"background-color":"var(--ast-global-color-5)","background-image":"","background-repeat":"repeat","background-position":"center center","background-size":"auto","background-attachment":"scroll","background-type":"","background-media":"","overlay-type":"","overlay-color":"","overlay-opacity":"","overlay-gradient":""}}},"product_brand":[],"product_cat":[84],"product_tag":[],"class_list":{"0":"post-6165","1":"product","2":"type-product","3":"status-publish","5":"product_cat-action-pack","6":"desktop-align-left","7":"tablet-align-left","8":"mobile-align-left","10":"first","11":"instock","12":"downloadable","13":"taxable","14":"shipping-taxable","15":"purchasable","16":"product-type-simple"},"acf":[],"_links":{"self":[{"href":"https:\/\/dani020.supserv.cozmoslabs.com\/fr\/wp-json\/wp\/v2\/product\/6165","targetHints":{"allow":["GET"]}}],"collection":[{"href":"https:\/\/dani020.supserv.cozmoslabs.com\/fr\/wp-json\/wp\/v2\/product"}],"about":[{"href":"https:\/\/dani020.supserv.cozmoslabs.com\/fr\/wp-json\/wp\/v2\/types\/product"}],"replies":[{"embeddable":true,"href":"https:\/\/dani020.supserv.cozmoslabs.com\/fr\/wp-json\/wp\/v2\/comments?post=6165"}],"wp:attachment":[{"href":"https:\/\/dani020.supserv.cozmoslabs.com\/fr\/wp-json\/wp\/v2\/media?parent=6165"}],"wp:term":[{"taxonomy":"product_brand","embeddable":true,"href":"https:\/\/dani020.supserv.cozmoslabs.com\/fr\/wp-json\/wp\/v2\/product_brand?post=6165"},{"taxonomy":"product_cat","embeddable":true,"href":"https:\/\/dani020.supserv.cozmoslabs.com\/fr\/wp-json\/wp\/v2\/product_cat?post=6165"},{"taxonomy":"product_tag","embeddable":true,"href":"https:\/\/dani020.supserv.cozmoslabs.com\/fr\/wp-json\/wp\/v2\/product_tag?post=6165"}],"curies":[{"name":"wp","href":"https:\/\/api.w.org\/{rel}","templated":true}]}}