{"id":6237,"date":"2025-07-02T15:02:09","date_gmt":"2025-07-02T13:02:09","guid":{"rendered":"https:\/\/b417hp-c.myrdbx.io\/?post_type=product&#038;p=6237"},"modified":"2026-03-31T09:28:32","modified_gmt":"2026-03-31T07:28:32","slug":"controle-de-letat-du-systeme-automic","status":"publish","type":"product","link":"https:\/\/dani020.supserv.cozmoslabs.com\/fr\/shop\/automic-system-health-check\/","title":{"rendered":"Automic Syst\u00e8me-Health Check"},"content":{"rendered":"<section>\n<h3>Automic System-Health Check - Pour une efficacit\u00e9 maximale<\/h3>\n<p>Le <strong>Automic Syst\u00e8me Health Check<\/strong> est un <strong>un ensemble complet de services de conseil<\/strong> con\u00e7u pour analyser et optimiser votre <strong><a href=\"http:\/\/automic.tricise.com\">Automic Automation<\/a> l'environnement<\/strong>. Notre objectif est d'identifier les faiblesses, de d\u00e9couvrir les goulets d'\u00e9tranglement en mati\u00e8re de performances et de fournir des recommandations exploitables qui am\u00e9liorent la stabilit\u00e9 et s'alignent sur la politique de l'entreprise. <strong><a href=\"https:\/\/www.broadcom.com\/products\/software\/automation\/automic-automation\" target=\"_blank\" rel=\"noopener\">Broadcom meilleures pratiques<\/a>.<\/strong><\/p>\n<h3>Pourquoi votre environnement Automic a besoin d'un Health Check<\/h3>\n<p>De nombreuses organisations utilisent Automic pendant des ann\u00e9es sans proc\u00e9der \u00e0 des r\u00e9visions r\u00e9guli\u00e8res de la configuration. Cela conduit souvent \u00e0 <strong>les probl\u00e8mes de performance, les risques et les occasions manqu\u00e9es d'optimisation<\/strong>. Avec notre Health Check, vous vous assurez que votre syst\u00e8me est :<\/p>\n<ul>\n<li><strong>Stabilit\u00e9 et s\u00e9curit\u00e9<\/strong> pour les op\u00e9rations critiques<\/li>\n<li>Optimis\u00e9 pour <strong>performance maximale<\/strong><\/li>\n<li>Pleinement align\u00e9 sur <strong>Broadcom meilleures pratiques<\/strong><\/li>\n<\/ul>\n<h3>Ce que nous analysons<\/h3>\n<p>Nos experts proc\u00e8dent \u00e0 un examen d\u00e9taill\u00e9 des composants les plus critiques de votre installation Automic Automation :<\/p>\n<h4>Configuration de ucsrv.ini<\/h4>\n<p>Le <strong>Fichier ucsrv.ini<\/strong> est l'\u00e9pine dorsale du moteur d'automatisation. Nous analysons les param\u00e8tres, les d\u00e9finitions de port et les options d'\u00e9volutivit\u00e9 pour <strong>r\u00e9v\u00e9ler le potentiel d'optimisation cach\u00e9<\/strong>.<\/p>\n<h4>Objets du syst\u00e8me VARA<\/h4>\n<p>Nous mettons l'accent sur <strong>les objets critiques de la VARA<\/strong>car ils influencent directement les flux de travail et l'ensemble de l'activit\u00e9 de l'entreprise. <strong>performance du syst\u00e8me<\/strong>.<\/p>\n<h4>Param\u00e8tres li\u00e9s aux performances<\/h4>\n<p>Des facteurs de performance suppl\u00e9mentaires tels que <strong>connectivit\u00e9 de la base de donn\u00e9es<\/strong>, <strong>communication avec les agents<\/strong>et <strong>param\u00e8tres de cryptage <\/strong>sont inclus dans notre analyse.<\/p>\n<h3>Recommandations et plan d'action clairs<\/h3>\n<p>\u00c0 la fin de la Health Check, vous recevez un <strong>rapport d\u00e9taill\u00e9<\/strong> avec des ajustements techniques et des recommandations strat\u00e9giques. Ces informations vous aideront \u00e0<\/p>\n<ul>\n<li>Faites votre syst\u00e8me <strong>plus efficace et \u00e9volutif<\/strong><\/li>\n<li>Se pr\u00e9parer \u00e0 <strong>les exigences futures des entreprises<\/strong><\/li>\n<li>Rester en phase avec <strong>Normes Broadcom<\/strong><\/li>\n<\/ul>\n<\/section>","protected":false},"excerpt":{"rendered":"<p>Optimisez votre moteur Automic Automation \u00e0 l'aide de notre programme complet\u00a0<strong>Automic Syst\u00e8me-Health Check<\/strong>. Ce service analyse en profondeur les performances, la configuration et l'utilisation de votre syst\u00e8me et fournit des recommandations personnalis\u00e9es pour am\u00e9liorer la stabilit\u00e9, l'efficacit\u00e9 et la gestion globale des ressources. Id\u00e9al pour maximiser le potentiel d'automatisation tout en minimisant les probl\u00e8mes op\u00e9rationnels.<\/p>","protected":false},"featured_media":0,"comment_status":"closed","ping_status":"closed","template":"","meta":{"_acf_changed":false,"site-sidebar-layout":"default","site-content-layout":"","ast-site-content-layout":"default","site-content-style":"default","site-sidebar-style":"default","ast-global-header-display":"","ast-banner-title-visibility":"","ast-main-header-display":"","ast-hfb-above-header-display":"","ast-hfb-below-header-display":"","ast-hfb-mobile-header-display":"","site-post-title":"","ast-breadcrumbs-content":"","ast-featured-img":"","footer-sml-layout":"","ast-disable-related-posts":"","theme-transparent-header-meta":"default","adv-header-id-meta":"","stick-header-meta":"default","header-above-stick-meta":"","header-main-stick-meta":"","header-below-stick-meta":"","astra-migrate-meta-layouts":"set","ast-page-background-enabled":"default","ast-page-background-meta":{"desktop":{"background-color":"var(--ast-global-color-4)","background-image":"","background-repeat":"repeat","background-position":"center center","background-size":"auto","background-attachment":"scroll","background-type":"","background-media":"","overlay-type":"","overlay-color":"","overlay-opacity":"","overlay-gradient":""},"tablet":{"background-color":"","background-image":"","background-repeat":"repeat","background-position":"center center","background-size":"auto","background-attachment":"scroll","background-type":"","background-media":"","overlay-type":"","overlay-color":"","overlay-opacity":"","overlay-gradient":""},"mobile":{"background-color":"","background-image":"","background-repeat":"repeat","background-position":"center center","background-size":"auto","background-attachment":"scroll","background-type":"","background-media":"","overlay-type":"","overlay-color":"","overlay-opacity":"","overlay-gradient":""}},"ast-content-background-meta":{"desktop":{"background-color":"var(--ast-global-color-5)","background-image":"","background-repeat":"repeat","background-position":"center center","background-size":"auto","background-attachment":"scroll","background-type":"","background-media":"","overlay-type":"","overlay-color":"","overlay-opacity":"","overlay-gradient":""},"tablet":{"background-color":"var(--ast-global-color-5)","background-image":"","background-repeat":"repeat","background-position":"center center","background-size":"auto","background-attachment":"scroll","background-type":"","background-media":"","overlay-type":"","overlay-color":"","overlay-opacity":"","overlay-gradient":""},"mobile":{"background-color":"var(--ast-global-color-5)","background-image":"","background-repeat":"repeat","background-position":"center center","background-size":"auto","background-attachment":"scroll","background-type":"","background-media":"","overlay-type":"","overlay-color":"","overlay-opacity":"","overlay-gradient":""}}},"product_brand":[],"product_cat":[159],"product_tag":[],"class_list":{"0":"post-6237","1":"product","2":"type-product","3":"status-publish","5":"product_cat-consulting","6":"desktop-align-left","7":"tablet-align-left","8":"mobile-align-left","10":"first","11":"instock","12":"virtual","13":"taxable","14":"purchasable","15":"product-type-simple"},"acf":[],"_links":{"self":[{"href":"https:\/\/dani020.supserv.cozmoslabs.com\/fr\/wp-json\/wp\/v2\/product\/6237","targetHints":{"allow":["GET"]}}],"collection":[{"href":"https:\/\/dani020.supserv.cozmoslabs.com\/fr\/wp-json\/wp\/v2\/product"}],"about":[{"href":"https:\/\/dani020.supserv.cozmoslabs.com\/fr\/wp-json\/wp\/v2\/types\/product"}],"replies":[{"embeddable":true,"href":"https:\/\/dani020.supserv.cozmoslabs.com\/fr\/wp-json\/wp\/v2\/comments?post=6237"}],"wp:attachment":[{"href":"https:\/\/dani020.supserv.cozmoslabs.com\/fr\/wp-json\/wp\/v2\/media?parent=6237"}],"wp:term":[{"taxonomy":"product_brand","embeddable":true,"href":"https:\/\/dani020.supserv.cozmoslabs.com\/fr\/wp-json\/wp\/v2\/product_brand?post=6237"},{"taxonomy":"product_cat","embeddable":true,"href":"https:\/\/dani020.supserv.cozmoslabs.com\/fr\/wp-json\/wp\/v2\/product_cat?post=6237"},{"taxonomy":"product_tag","embeddable":true,"href":"https:\/\/dani020.supserv.cozmoslabs.com\/fr\/wp-json\/wp\/v2\/product_tag?post=6237"}],"curies":[{"name":"wp","href":"https:\/\/api.w.org\/{rel}","templated":true}]}}