{"id":990,"date":"2025-05-15T09:48:23","date_gmt":"2025-05-15T08:48:23","guid":{"rendered":"https:\/\/b417hp-c.myrdbx.io\/?post_type=product&#038;p=990"},"modified":"2025-10-13T17:21:28","modified_gmt":"2025-10-13T15:21:28","slug":"automation-office-365","status":"publish","type":"product","link":"https:\/\/dani020.supserv.cozmoslabs.com\/fr\/shop\/automation-office-365\/","title":{"rendered":"Automatisation Office 365"},"content":{"rendered":"<div class=\"elementor-element elementor-element-b690223 elementor-widget elementor-widget-heading\" data-id=\"b690223\" data-element_type=\"widget\" data-widget_type=\"heading.default\">\n<div class=\"elementor-widget-container\">\n<h2 class=\"elementor-heading-title elementor-size-default\">Vue d'ensemble<\/h2>\n<\/div>\n<\/div>\n<div class=\"elementor-element elementor-element-d4c06e5 elementor-widget elementor-widget-text-editor\" data-id=\"d4c06e5\" data-element_type=\"widget\" data-widget_type=\"text-editor.default\">\n<div class=\"elementor-widget-container\">\n<p>Am\u00e9liorez vos flux de documents avec le\u00a0<strong>Automatisation Office 365 Action Pack<\/strong>. Cet outil int\u00e8gre les op\u00e9rations SharePoint \u00e0 Automic Automation, ce qui permet d'automatiser les chargements de fichiers, les t\u00e9l\u00e9chargements et les t\u00e2ches de gestion avec une authentification s\u00e9curis\u00e9e. Rationalisez facilement les processus Office 365, am\u00e9liorez l'efficacit\u00e9 des t\u00e2ches et garantissez une gestion transparente des documents au sein de votre organisation.<\/p>\n<p>Vous trouverez un livre blanc d\u00e9taill\u00e9 <strong><a href=\"https:\/\/dani020.supserv.cozmoslabs.com\/fr\/docu\/livre-blanc\/automation\/automic\/automation-office-365\/\">ici<\/a><\/strong>.<\/p>\n<\/div>\n<\/div>","protected":false},"excerpt":{"rendered":"<p>Am\u00e9liorez vos flux de documents avec notre\u00a0<strong>Automatisation Office 365 Action<br \/>\nEmballage<\/strong>. Cet outil int\u00e8gre les op\u00e9rations SharePoint avec Automic, permettant des t\u00e9l\u00e9chargements de fichiers automatis\u00e9s, des t\u00e9l\u00e9chargements et des t\u00e2ches de gestion avec une authentification s\u00e9curis\u00e9e. Rationalisez facilement les processus Office 365, am\u00e9liorez l'efficacit\u00e9 des t\u00e2ches et garantissez une gestion transparente des documents au sein de votre organisation.<\/p>","protected":false},"featured_media":0,"comment_status":"closed","ping_status":"closed","template":"","meta":{"_acf_changed":false,"site-sidebar-layout":"default","site-content-layout":"","ast-site-content-layout":"default","site-content-style":"default","site-sidebar-style":"default","ast-global-header-display":"","ast-banner-title-visibility":"","ast-main-header-display":"","ast-hfb-above-header-display":"","ast-hfb-below-header-display":"","ast-hfb-mobile-header-display":"","site-post-title":"","ast-breadcrumbs-content":"","ast-featured-img":"","footer-sml-layout":"","ast-disable-related-posts":"","theme-transparent-header-meta":"default","adv-header-id-meta":"","stick-header-meta":"default","header-above-stick-meta":"","header-main-stick-meta":"","header-below-stick-meta":"","astra-migrate-meta-layouts":"set","ast-page-background-enabled":"default","ast-page-background-meta":{"desktop":{"background-color":"var(--ast-global-color-4)","background-image":"","background-repeat":"repeat","background-position":"center center","background-size":"auto","background-attachment":"scroll","background-type":"","background-media":"","overlay-type":"","overlay-color":"","overlay-opacity":"","overlay-gradient":""},"tablet":{"background-color":"","background-image":"","background-repeat":"repeat","background-position":"center center","background-size":"auto","background-attachment":"scroll","background-type":"","background-media":"","overlay-type":"","overlay-color":"","overlay-opacity":"","overlay-gradient":""},"mobile":{"background-color":"","background-image":"","background-repeat":"repeat","background-position":"center center","background-size":"auto","background-attachment":"scroll","background-type":"","background-media":"","overlay-type":"","overlay-color":"","overlay-opacity":"","overlay-gradient":""}},"ast-content-background-meta":{"desktop":{"background-color":"var(--ast-global-color-5)","background-image":"","background-repeat":"repeat","background-position":"center center","background-size":"auto","background-attachment":"scroll","background-type":"","background-media":"","overlay-type":"","overlay-color":"","overlay-opacity":"","overlay-gradient":""},"tablet":{"background-color":"var(--ast-global-color-5)","background-image":"","background-repeat":"repeat","background-position":"center center","background-size":"auto","background-attachment":"scroll","background-type":"","background-media":"","overlay-type":"","overlay-color":"","overlay-opacity":"","overlay-gradient":""},"mobile":{"background-color":"var(--ast-global-color-5)","background-image":"","background-repeat":"repeat","background-position":"center center","background-size":"auto","background-attachment":"scroll","background-type":"","background-media":"","overlay-type":"","overlay-color":"","overlay-opacity":"","overlay-gradient":""}}},"product_brand":[],"product_cat":[84],"product_tag":[],"class_list":{"0":"post-990","1":"product","2":"type-product","3":"status-publish","5":"product_cat-action-pack","6":"desktop-align-left","7":"tablet-align-left","8":"mobile-align-left","10":"first","11":"instock","12":"downloadable","13":"virtual","14":"taxable","15":"purchasable","16":"product-type-simple"},"acf":[],"_links":{"self":[{"href":"https:\/\/dani020.supserv.cozmoslabs.com\/fr\/wp-json\/wp\/v2\/product\/990","targetHints":{"allow":["GET"]}}],"collection":[{"href":"https:\/\/dani020.supserv.cozmoslabs.com\/fr\/wp-json\/wp\/v2\/product"}],"about":[{"href":"https:\/\/dani020.supserv.cozmoslabs.com\/fr\/wp-json\/wp\/v2\/types\/product"}],"replies":[{"embeddable":true,"href":"https:\/\/dani020.supserv.cozmoslabs.com\/fr\/wp-json\/wp\/v2\/comments?post=990"}],"wp:attachment":[{"href":"https:\/\/dani020.supserv.cozmoslabs.com\/fr\/wp-json\/wp\/v2\/media?parent=990"}],"wp:term":[{"taxonomy":"product_brand","embeddable":true,"href":"https:\/\/dani020.supserv.cozmoslabs.com\/fr\/wp-json\/wp\/v2\/product_brand?post=990"},{"taxonomy":"product_cat","embeddable":true,"href":"https:\/\/dani020.supserv.cozmoslabs.com\/fr\/wp-json\/wp\/v2\/product_cat?post=990"},{"taxonomy":"product_tag","embeddable":true,"href":"https:\/\/dani020.supserv.cozmoslabs.com\/fr\/wp-json\/wp\/v2\/product_tag?post=990"}],"curies":[{"name":"wp","href":"https:\/\/api.w.org\/{rel}","templated":true}]}}