{"id":3,"date":"2025-04-10T11:49:56","date_gmt":"2025-04-10T11:49:56","guid":{"rendered":"https:\/\/b417hp-c.myrdbx.io\/?page_id=3"},"modified":"2026-03-26T18:40:53","modified_gmt":"2026-03-26T17:40:53","slug":"informativa-sulla-privacy","status":"publish","type":"page","link":"https:\/\/dani020.supserv.cozmoslabs.com\/it\/privacy-policy\/","title":{"rendered":"Informativa sulla privacy"},"content":{"rendered":"<div data-elementor-type=\"wp-page\" data-elementor-id=\"3\" class=\"elementor elementor-3\">\n\t\t\t\t<div class=\"elementor-element elementor-element-57ca7f3a e-flex e-con-boxed e-con e-parent\" data-id=\"57ca7f3a\" data-element_type=\"container\" data-e-type=\"container\">\n\t\t\t\t\t<div class=\"e-con-inner\">\n\t\t\t\t<div class=\"elementor-element elementor-element-2e318cba elementor-widget elementor-widget-text-editor\" data-id=\"2e318cba\" data-element_type=\"widget\" data-e-type=\"widget\" data-widget_type=\"text-editor.default\">\n\t\t\t\t<div class=\"elementor-widget-container\">\n\t\t\t\t\t\t\t\t\t<p>Lo scopo di queste Informazioni sul trattamento dei dati \u00e8 quello di informare i visitatori di tricise.com, cos\u00ec come i dipendenti che utilizzano i servizi offerti da Tricise, i candidati agli annunci di lavoro, gli incarichi di esperti e gli eventi di marketing (soggetti interessati) in merito alla prassi utilizzata per il controllo dei dati personali, alle relative misure organizzative e tecniche adottate, nonch\u00e9 ai relativi diritti dei visitatori e alle possibilit\u00e0 disponibili per far valere tali diritti.<\/p>\n\n<p>In considerazione del fatto che le finalit\u00e0 delle specifiche attivit\u00e0 di trattamento dei dati che sono definite nella presente informativa, e le modalit\u00e0 di trattamento dei dati determinate congiuntamente dai Titolari del trattamento, (Tricise S.L) ai sensi del REGOLAMENTO 2016\/679 del PARLAMENTO EUROPEO E DEL CONSIGLIO (UE).<\/p>\n\n<h4>1. Le nostre societ\u00e0 gestiscono i dati personali rispettando i seguenti principi:<\/h4>\n<p>La gestione degli interessati \u00e8 lecita esclusivamente se si verifica almeno una delle seguenti condizioni<\/p>\n<ul>\n  <li>l'interessato ha dato il proprio consenso alla gestione dei suoi dati per una o pi\u00f9 finalit\u00e0 specifiche;<\/li>\n  <li>il controllo dei dati \u00e8 necessario per l'esecuzione di un contratto in cui l'interessato \u00e8 una delle parti o \u00e8 necessario per l'esecuzione di determinate operazioni su richiesta dell'interessato prima della firma del contratto;<\/li>\n  <li>la gestione dei dati \u00e8 necessaria per l'adempimento di un obbligo legale che si riferisce al titolare del trattamento;<\/li>\n  <li>la gestione dei dati \u00e8 necessaria per la protezione degli interessi vitali dell'interessato o di un'altra persona fisica;<\/li>\n  <li>il trattamento dei dati \u00e8 necessario per far valere i legittimi interessi del titolare del trattamento o di una terza persona, tranne nel caso in cui tali interessi o i diritti e le libert\u00e0 essenziali dell'interessato godano di una priorit\u00e0 rispetto a tali interessi, che rendono necessaria la protezione dei dati personali;<\/li>\n<\/ul>\n<p>Il trattamento dei dati deve soddisfare lo scopo del trattamento dei dati in ciascuna delle sue fasi. La registrazione, l'archiviazione e l'ulteriore controllo dei dati personali devono essere equi e legittimi.<\/p>\n<p>L'acquisizione di dati personali pu\u00f2 essere effettuata solo per uno scopo chiaramente definito. Possono essere acquisiti solo quei dati personali che sono indispensabili, essenziali per raggiungere lo scopo del trattamento. Questi dati personali non possono essere trattati dai Titolari del trattamento per altre finalit\u00e0 incompatibili.<\/p>\n<p>I dati personali possono essere controllati con un'adeguata sicurezza fino alla misura e al periodo necessari per il raggiungimento dello scopo, in modo tale da escludere che persone non autorizzate possano accedervi.<\/p>\n<p>L'esattezza, la completezza e l'attualit\u00e0 dei dati personali devono essere garantite nel corso del trattamento dei dati, oltre a consentire l'identificazione dell'interessato solo per il periodo necessario allo scopo dei dati.<\/p>\n\n<h4>2. Dati dei responsabili del trattamento<\/h4>\n<p>Tricise S.L<\/p>\n<ul>\n  <li>Denominazione sociale: TRICISE, S.L.<\/li>\n  <li>CIF: ESB40656654<\/li>\n  <li>Sede legale: Musicista Alb\u00e9niz, 8 - 46010 - Valencia, SPAGNA<\/li>\n  <li>Telefono: +34686486338<\/li>\n  <li>E-mail: <a href=\"mailto:info@tricise.com\">info@tricise.com<\/a><\/li>\n<\/ul>\n\n<h4>3. La base giuridica del trattamento dei dati<\/h4>\n<p>Sulla base della Sezione 6 a) del REGOLAMENTO 2016\/679 DEL PARLAMENTO EUROPEO E DEL CONSIGLIO (UE), l'interessato presta il proprio consenso al trattamento dei propri dati personali per una o pi\u00f9 finalit\u00e0 specifiche di seguito definite. Il trattamento dei dati pu\u00f2 essere attuato sulla base delle Sezioni 6 b), c), d) e f) del REGOLAMENTO 2016\/679 DEL PARLAMENTO EUROPEO E DEL CONSIGLIO (UE) (\u201cGDPR\u201d) COME.<\/p>\n\n<h4>4. Gli interessati al trattamento dei dati<\/h4>\n<p>Persone contattate per l'instaurazione di un futuro rapporto di lavoro o di un altro rapporto contrattuale con i Titolari del trattamento - partecipazione a un processo di selezione o a un evento di marketing.<\/p>\n\n<h4>5. Lo scopo del trattamento dei dati<\/h4>\n<p><strong>Facilitare l'ingaggio di esperti e l'attuazione del processo di selezione:<\/strong><\/p>\n<ul>\n  <li>Facilitare l'ingaggio di esperti (dipendenti o subappaltatori futuri o a contratto, partner a contratto)<\/li>\n  <li>per riprendere e mantenere i contatti con le parti coinvolte<\/li>\n  <li>per lo svolgimento della procedura di selezione,<\/li>\n  <li>allo scopo di stabilire e sostenere un rapporto giuridico contrattuale<\/li>\n  <li>per l'istruzione e l'offerta di moduli di formazione personalizzati<\/li>\n<\/ul>\n<p>nel modo seguente<\/p>\n<ul>\n  <li>l'interessato si candida per gli incarichi, i progetti che vengono annunciati sul sito web delle societ\u00e0 o su altre interfacce pubblicitarie o sulla base di una raccomandazione interna oppure<\/li>\n  <li>rendendo disponibili i suoi dati personali a una terza persona attraverso il proprio sito web o altri siti web, o attraverso reti di comunit\u00e0 (ad esempio Linkedin).<\/li>\n<\/ul>\n<p>In caso di candidatura, per quanto riguarda i dati forniti dall'interessato, la finalit\u00e0 del trattamento dei dati \u00e8 quella di consentire ai Titolari di notificare all'interessato, ai punti di accesso previsti, le opportunit\u00e0 di lavoro o di progetto che potrebbero essere interessanti per l'interessato e che corrispondono alla sua formazione e alla sua carriera professionale, e la sua base giuridica \u00e8 il consenso dell'interessato, pertanto come prerequisito per la candidatura a una posizione, a un annuncio di lavoro o a un'opportunit\u00e0 di progetto, l'interessato richiedente deve dare il proprio consenso preventivo e volontario al trattamento dei suoi dati personali.<\/p>\n<p><strong>Organizzazione di eventi di marketing:<\/strong><br>Organizzare eventi professionali e di altro tipo per partner, potenziali partner e persone interessate, inviare comunicazioni in relazione a tali eventi e mantenere i contatti con loro.<\/p>\n\n<h4>6. Ambito dei dati personali controllati<\/h4>\n<p><strong>Facilitare l'assunzione di incarichi di esperti ed eseguire il seguente processo di selezione:<\/strong><\/p>\n<p>Dati richiesti dai responsabili del trattamento dei dati sull'interessato al fine di selezionare la persona pi\u00f9 idonea a ricoprire la posizione\/compito in questione:<\/p>\n<p>Nome (nome e cognome), indirizzo, numero di telefono, indirizzo e-mail, nome dell'attuale luogo di lavoro, periodo di esperienza professionale, elenco delle competenze professionali, nel caso in cui venga caricato il curriculum vitae consegnato, i dati riportati nel CV, e nel caso di registrazione tramite community network (es. Linkedin ID), classificazione del settore lavorativo.<\/p>\n<p>I Titolari del trattamento, nell'interesse del futuro impiego dell'interessato, inoltrano i dati personali (il suo curriculum vitae) come parte della sua candidatura, sulla base del consenso volontario incluso nella candidatura, ai partner, ai promotori che hanno un rapporto giuridico contrattuale con i Titolari del trattamento, in qualit\u00e0 di futuri clienti, dopo aver esaminato la possibilit\u00e0 di impiegare l'interessato per le posizioni\/compiti forniti dal cliente e a condizione che, secondo il loro giudizio, l'interessato, sulla base delle aspettative del cliente, possa essere idoneo ad assumere la posizione\/svolgere i compiti.<\/p>\n<p><strong>Organizzazione di eventi di marketing:<\/strong><br>Dati forniti dall'interessato:<\/p>\n<p>Nome (nome e cognome), nome del datore di lavoro, posizione, indirizzo, numero di telefono, indirizzo e-mail, in caso di registrazione attraverso una rete comunitaria i relativi identificativi (ad es. Linkedin ID).<\/p>\n\n<h4>6a. Elaborazione dei dati di localizzazione<\/h4>\n<p>Per fornire contenuti specifici per la regione, adattamenti linguistici e offerte di corsi pertinenti, Tricise S.L. elabora dati di localizzazione approssimativi basati sull'indirizzo IP del visitatore del sito web. Questa elaborazione \u00e8 limitata alla localizzazione a livello di Paese o di regione e non comporta il rilevamento preciso della posizione (ad es. GPS).<\/p>\n<p>Quanto segue si applica al trattamento dei dati basati sull'ubicazione:<\/p>\n<ul>\n  <li><strong>Tipo di dati:<\/strong> Posizione geografica approssimativa derivata dall'indirizzo IP (livello paese\/regione)<\/li>\n  <li><strong>Scopo:<\/strong> Adattare il linguaggio, i contenuti e l'offerta di corsi del sito web alla regione del visitatore.<\/li>\n  <li><strong>Base giuridica:<\/strong> Art. 6 (1) lit. f GDPR - legittimo interesse del Titolare del trattamento a fornire contenuti rilevanti a livello regionale<\/li>\n  <li><strong>Ritenzione:<\/strong> I dati di localizzazione basati sull'IP non vengono memorizzati al di l\u00e0 della sessione attiva, a meno che non vengano acquisiti come parte di un cookie analitico (vedere la sezione 13).<\/li>\n  <li><strong>Terzi:<\/strong> I dati relativi all'ubicazione possono essere elaborati da servizi di terze parti come Cloudflare (infrastruttura) e Google Analytics (analisi) come indicato nella Sezione 13.<\/li>\n<\/ul>\n<p>I visitatori possono rinunciare alla personalizzazione dei contenuti in base alla posizione utilizzando una VPN o regolando le impostazioni del proprio browser o dei cookie, come descritto nella sezione 13.<\/p>\n\n<h4>7. Inoltro dei dati<\/h4>\n<p>I Responsabili del trattamento inoltrano i dati personali trattati ai clienti\/partner contrattuali classificati come responsabili del trattamento, che hanno con loro un rapporto giuridico di trattamento dei dati o classificati come corresponsabili del trattamento insieme a loro, e ai membri del gruppo aziendale del responsabile del trattamento (Tricise S.L.).<\/p>\n\n<h4>8. Durata del trattamento dei dati<\/h4>\n<p>In mancanza di altri obblighi legislativi, i Responsabili del trattamento conservano ed elaborano i dati personali per tre (3) anni. Tale periodo pu\u00f2 essere prorogato esclusivamente con il consenso dell'interessato. La conservazione dei dati ha lo scopo di consentire ai Responsabili del trattamento di informare l'interessato anche in futuro, nell'interesse dell'interessato, su opportunit\u00e0 di lavoro, incarichi di esperti, progetti ed eventi di marketing che corrispondono alle sue esperienze, alla sua formazione.<\/p>\n<p>L'interessato \u00e8 responsabile della correttezza dei dati forniti. L'interessato pu\u00f2 richiedere ai Titolari del trattamento la rettifica dei propri dati personali in qualsiasi momento, nel caso in cui questi siano stati modificati. I Titolari del trattamento correggeranno i dati non veritieri su richiesta del beneficiario e cancelleranno i dati errati. La richiesta di rettifica deve essere indicata in uno qualsiasi dei punti di accesso ai Titolari del trattamento sopra indicati.<\/p>\n\n<h4>9. Diritti degli interessati<\/h4>\n<p>L'interessato pu\u00f2 chiedere di essere informato sul trattamento dei suoi dati personali, pu\u00f2 chiedere la rettifica, il blocco o la cancellazione dei suoi dati personali presso i punti di accesso ai Titolari del trattamento indicati di seguito.<\/p>\n<p>Su richiesta dell'interessato, i Titolari del trattamento forniranno informazioni sui dati da loro trattati, sulle loro fonti, sulle finalit\u00e0 del trattamento, sulla sua base giuridica, sulla sua durata e sulle circostanze di eventuali incidenti di protezione dei dati, qualora si verifichino, nonch\u00e9 sul loro impatto e sulle misure introdotte per prevenire l'incidente, inoltre - in caso di trasmissione dei dati personali dell'interessato - sulla base giuridica della trasmissione e sul suo destinatario.<\/p>\n<p>I Titolari del trattamento - se hanno un responsabile della protezione dei dati, tramite il responsabile della protezione dei dati - allo scopo di verificare le misure connesse agli incidenti di protezione dei dati e per informare l'interessato, registrano un registro, che deve contenere l'ambito dei dati personali dell'interessato, la gamma e il numero di coloro che sono coinvolti nell'incidente di protezione dei dati, il momento dell'incidente di protezione dei dati, le circostanze, l'impatto e le misure introdotte per prevenirlo, e gli altri dati definiti nella legislazione che ha stipulato il trattamento dei dati. I responsabili del trattamento dei dati sono tenuti a segnalare qualsiasi incidente di protezione dei dati che coinvolga i dati personali da loro controllati all'autorit\u00e0 competente per la protezione dei dati entro 72 ore dal momento in cui ne sono venuti a conoscenza.<\/p>\n<p>I responsabili del trattamento reagiscono alle richieste di fornire informazioni sui dati senza ritardi ingiustificati dopo averle ricevute, ma in ogni caso entro 25 giorni.<\/p>\n<p>Se l'interessato ha dubbi sul controllo dei suoi dati, deve innanzitutto contattare i responsabili del trattamento dei dati (<a href=\"mailto:info@tricise.com\">info@tricise.com<\/a>) al fine di risolvere al pi\u00f9 presto il suo problema. Se ci\u00f2 non dovesse avere successo, pu\u00f2 chiedere all'Autorit\u00e0 spagnola per la protezione dei dati (AEPD, Agencia Espa\u00f1ola de Protecci\u00f3n de Datos, C\/ Jorge Juan, 6 28001-Madrid, contatto) di indagare sul caso e pu\u00f2 anche rivolgersi al tribunale, a causa di un trattamento illecito dei dati. Le disposizioni legali dettagliate relative a questo aspetto e agli obblighi del titolare del trattamento sono contenute nel REGOLAMENTO (UE) 2016\/679 DEL PARLAMENTO EUROPEO E DEL CONSIGLIO (UE), e nella Legge CXII dell'anno 2011 sull'autodeterminazione informativa e la libert\u00e0 di informazione, come legislazione complementare.<\/p>\n\n<h4>10. Minorenni<\/h4>\n<p>I Titolari del trattamento dei dati non consigliano l'utilizzo dei servizi a persone minorenni, di et\u00e0 inferiore ai diciotto (18) anni, e non acquisiscono consapevolmente informazioni su persone di questo tipo.<\/p>\n\n<h4>11. Sicurezza dei dati<\/h4>\n<p>I responsabili del trattamento dei dati applicano misure tecniche e di protezione dei dati adeguate per proteggere i dati personali dell'interessato da perdite accidentali di dati e da accessi, utilizzi, modifiche e\/o pubblicazioni non autorizzati, e al fine di adempiere alla legislazione vigente in materia di protezione dei dati.<\/p>\n\n<h4>12. Cancellazione dei dati personali<\/h4>\n<p>L'interessato pu\u00f2 richiedere in qualsiasi momento la cancellazione dei propri dati personali controllati dai Titolari del trattamento. La richiesta di cancellazione deve essere inviata via e-mail all'indirizzo di posta elettronica <a href=\"mailto:info@tricise.com\">info@tricise.com<\/a>. I Titolari del trattamento cancelleranno i dati di cui si chiede la cancellazione entro 5 giorni lavorativi dal ricevimento della richiesta di cancellazione. (In caso di cancellazione, i dati visualizzati non possono essere ripristinati).<\/p>\n\n<h4>13. I biscotti<\/h4>\n<p><strong>Cosa sono i biscotti?<\/strong><br>\nLa presente Informativa sui cookie spiega cosa sono i cookie e come li utilizziamo, i tipi di cookie che utilizziamo, ovvero le informazioni che raccogliamo utilizzando i cookie e come vengono utilizzate, e come gestire le impostazioni dei cookie. I cookie sono piccoli file di testo utilizzati per memorizzare piccole informazioni. Vengono memorizzati sul vostro dispositivo quando il sito web viene caricato sul vostro browser. Questi cookie ci aiutano a far funzionare correttamente il sito web, a renderlo pi\u00f9 sicuro, a fornire una migliore esperienza all'utente, a capire come funziona il sito web e ad analizzare ci\u00f2 che funziona e dove deve essere migliorato.<\/p>\n\n<p><strong>Come utilizziamo i cookie?<\/strong><br>\nCome la maggior parte dei servizi online, il nostro sito web utilizza cookie di prima parte e di terze parti per diversi scopi. I cookie di prima parte sono per lo pi\u00f9 necessari per il corretto funzionamento del sito web e non raccolgono alcun dato personale. I cookie di terze parti utilizzati sul nostro sito web servono principalmente a capire come funziona il sito web, come interagite con il nostro sito web, a mantenere sicuri i nostri servizi, a fornire pubblicit\u00e0 rilevanti per voi e, in definitiva, a fornirvi un'esperienza utente migliore e migliorata e a velocizzare le vostre future interazioni con il nostro sito web.<\/p>\n\n<p><strong>Tipi di cookie<\/strong><br>Utilizziamo<\/p>\n<div class=\"cky-audit-table-element\"><\/div>\n\n<p><strong>Gestione delle preferenze sui cookie<\/strong><br>\n<a class=\"cky-banner-element\">Impostazioni dei cookie<\/a><br>\nPotete modificare le vostre preferenze sui cookie in qualsiasi momento cliccando sul pulsante qui sopra. In questo modo \u00e8 possibile rivisitare il banner di consenso ai cookie e modificare le proprie preferenze o revocare subito il proprio consenso.<\/p>\n<p>Inoltre, i diversi browser offrono metodi diversi per bloccare ed eliminare i cookie utilizzati dai siti web. \u00c8 possibile modificare le impostazioni del browser per bloccare\/eliminare i cookie. Di seguito sono elencati i link ai documenti di supporto su come gestire ed eliminare i cookie dai principali browser web.<\/p>\n<ul>\n  <li>Cromo: <a href=\"https:\/\/support.google.com\/accounts\/answer\/32050\" target=\"_blank\" rel=\"noopener\">https:\/\/support.google.com\/accounts\/answer\/32050<\/a><\/li>\n  <li>Safari: <a href=\"https:\/\/support.apple.com\/en-in\/guide\/safari\/sfri11471\/mac\" target=\"_blank\" rel=\"noopener\">https:\/\/support.apple.com\/en-in\/guide\/safari\/sfri11471\/mac<\/a><\/li>\n  <li>Firefox: <a href=\"https:\/\/support.mozilla.org\/en-US\/kb\/clear-cookies-and-site-data-firefox?redirectslug=delete-cookies-remove-info-websites-stored&#038;redirectlocale=en-US\" target=\"_blank\" rel=\"noopener\">https:\/\/support.mozilla.org\/en-US\/kb\/clear-cookies-and-site-data-firefox<\/a><\/li>\n  <li>Internet Explorer: <a href=\"https:\/\/support.microsoft.com\/en-us\/topic\/how-to-delete-cookie-files-in-internet-explorer-bca9446f-d873-78de-77ba-d42645fa52fc\" target=\"_blank\" rel=\"noopener\">https:\/\/support.microsoft.com\/en-us\/topic\/how-to-delete-cookie-files-in-internet-explorer<\/a><\/li>\n<\/ul>\n<p>Se si utilizza un altro browser web, consultare i documenti di supporto ufficiali del browser.<\/p>\n<em>Informativa sui cookie generata da <a href=\"https:\/\/www.cookieyes.com\/?utm_source=CP&#038;utm_medium=footer&#038;utm_campaign=UW\" target=\"_blank\" rel=\"noopener\">CookieYes - Generatore di politiche sui cookie<\/a>.<\/em>\n\n<h4>14. Opzioni di modifica del presente documento informativo sul trattamento dei dati<\/h4>\n<p>I Titolari del trattamento dei dati si riservano il diritto di modificare il presente documento informativo sul trattamento dei dati notificandolo preventivamente agli utenti del sito web. L'utente del sito web che utilizza il servizio dopo la data di entrata in vigore della modifica accetta le regole di trattamento dei dati modificate.<\/p>\n\n<h4>15. Dati di contatto<\/h4>\n<p>Se gli interessati o gli utenti hanno domande o dubbi in merito al presente documento di informazione sulla protezione dei dati, devono contattare i responsabili del trattamento dei dati all'indirizzo <a href=\"mailto:info@tricise.com\">info@tricise.com<\/a> indirizzo e-mail.<\/p>\t\t\t\t\t\t\t\t<\/div>\n\t\t\t\t<\/div>\n\t\t\t\t\t<\/div>\n\t\t\t\t<\/div>\n\t\t\t\t<\/div>","protected":false},"excerpt":{"rendered":"<p>The purpose of this Data Processing Information is to inform the visitors of tricise.com, as well as the employees that [&hellip;]<\/p>\n","protected":false},"author":1,"featured_media":0,"parent":0,"menu_order":0,"comment_status":"closed","ping_status":"open","template":"","meta":{"_acf_changed":false,"site-sidebar-layout":"default","site-content-layout":"","ast-site-content-layout":"default","site-content-style":"default","site-sidebar-style":"default","ast-global-header-display":"","ast-banner-title-visibility":"","ast-main-header-display":"","ast-hfb-above-header-display":"","ast-hfb-below-header-display":"","ast-hfb-mobile-header-display":"","site-post-title":"","ast-breadcrumbs-content":"","ast-featured-img":"","footer-sml-layout":"","ast-disable-related-posts":"","theme-transparent-header-meta":"","adv-header-id-meta":"","stick-header-meta":"","header-above-stick-meta":"","header-main-stick-meta":"","header-below-stick-meta":"","astra-migrate-meta-layouts":"default","ast-page-background-enabled":"default","ast-page-background-meta":{"desktop":{"background-color":"var(--ast-global-color-4)","background-image":"","background-repeat":"repeat","background-position":"center center","background-size":"auto","background-attachment":"scroll","background-type":"","background-media":"","overlay-type":"","overlay-color":"","overlay-opacity":"","overlay-gradient":""},"tablet":{"background-color":"","background-image":"","background-repeat":"repeat","background-position":"center center","background-size":"auto","background-attachment":"scroll","background-type":"","background-media":"","overlay-type":"","overlay-color":"","overlay-opacity":"","overlay-gradient":""},"mobile":{"background-color":"","background-image":"","background-repeat":"repeat","background-position":"center center","background-size":"auto","background-attachment":"scroll","background-type":"","background-media":"","overlay-type":"","overlay-color":"","overlay-opacity":"","overlay-gradient":""}},"ast-content-background-meta":{"desktop":{"background-color":"var(--ast-global-color-5)","background-image":"","background-repeat":"repeat","background-position":"center center","background-size":"auto","background-attachment":"scroll","background-type":"","background-media":"","overlay-type":"","overlay-color":"","overlay-opacity":"","overlay-gradient":""},"tablet":{"background-color":"var(--ast-global-color-5)","background-image":"","background-repeat":"repeat","background-position":"center center","background-size":"auto","background-attachment":"scroll","background-type":"","background-media":"","overlay-type":"","overlay-color":"","overlay-opacity":"","overlay-gradient":""},"mobile":{"background-color":"var(--ast-global-color-5)","background-image":"","background-repeat":"repeat","background-position":"center center","background-size":"auto","background-attachment":"scroll","background-type":"","background-media":"","overlay-type":"","overlay-color":"","overlay-opacity":"","overlay-gradient":""}},"footnotes":""},"class_list":["post-3","page","type-page","status-publish","hentry"],"acf":[],"_links":{"self":[{"href":"https:\/\/dani020.supserv.cozmoslabs.com\/it\/wp-json\/wp\/v2\/pages\/3","targetHints":{"allow":["GET"]}}],"collection":[{"href":"https:\/\/dani020.supserv.cozmoslabs.com\/it\/wp-json\/wp\/v2\/pages"}],"about":[{"href":"https:\/\/dani020.supserv.cozmoslabs.com\/it\/wp-json\/wp\/v2\/types\/page"}],"author":[{"embeddable":true,"href":"https:\/\/dani020.supserv.cozmoslabs.com\/it\/wp-json\/wp\/v2\/users\/1"}],"replies":[{"embeddable":true,"href":"https:\/\/dani020.supserv.cozmoslabs.com\/it\/wp-json\/wp\/v2\/comments?post=3"}],"version-history":[{"count":13,"href":"https:\/\/dani020.supserv.cozmoslabs.com\/it\/wp-json\/wp\/v2\/pages\/3\/revisions"}],"predecessor-version":[{"id":13855,"href":"https:\/\/dani020.supserv.cozmoslabs.com\/it\/wp-json\/wp\/v2\/pages\/3\/revisions\/13855"}],"wp:attachment":[{"href":"https:\/\/dani020.supserv.cozmoslabs.com\/it\/wp-json\/wp\/v2\/media?parent=3"}],"curies":[{"name":"wp","href":"https:\/\/api.w.org\/{rel}","templated":true}]}}