{"id":10374,"date":"2025-09-22T14:53:08","date_gmt":"2025-09-22T12:53:08","guid":{"rendered":"https:\/\/b417hp-c.myrdbx.io\/?post_type=product&#038;p=10374"},"modified":"2026-03-30T13:28:08","modified_gmt":"2026-03-30T11:28:08","slug":"tricise-university-automic-squadra-di-formazione-flatrate","status":"publish","type":"product","link":"https:\/\/dani020.supserv.cozmoslabs.com\/it\/shop\/tricise-university-automic-training-team-flatrate\/","title":{"rendered":"Automic Formazione di livello 1: tariffa forfettaria di squadra <br>(max. 5 utenti)"},"content":{"rendered":"<section id=\"tier-1\" aria-labelledby=\"tier-1-title\">\n<h3 id=\"tier-1-title\"><strong>Automic Formazione Livello 1: Tariffa forfettaria per squadre (max. 5 utenti)<\/strong><\/h3>\n<p class=\"translation-block\">Il <strong>Team Flat Rate<\/strong> si applica esclusivamente ai programmi di formazione <strong>Automic<\/strong> offerti da<a href=\"https:\/\/university.tricise.com\" target=\"_blank\" rel=\"noopener\"><strong> Tricise University<\/strong><\/a>. Fornisce a piccoli gruppi un <strong>accesso illimitato<\/strong> al portafoglio di apprendimento completo per una durata fissa di <strong>12 mesi<\/strong>. Progettato per supportare l'apprendimento collaborativo e la previsione di budget, questo abbonamento consente ai team di accedere a tutti i<a href=\"http:\/\/automic.tricise.com\" target=\"_blank\" rel=\"noopener\"><strong> corsi Automic Automation<\/strong><\/a>, compresi quelli in autoapprendimento, le sessioni dal vivo e i moduli specializzati, senza approvazioni individuali o limiti di prenotazione.<\/p>\n<h4>Potenziate il vostro team con un apprendimento illimitato<\/h4>\n<p class=\"translation-block\">Il <strong>Team Flat Rate Automic Training<\/strong> consente a un massimo di cinque utenti di studiare contemporaneamente, supportando piccoli reparti, gruppi di progetto e start-up che desiderano standardizzare le proprie competenze in materia di automazione. Ogni membro ha accesso a programmi strutturati, esercizi guidati e sessioni di esperti, per garantire una comprensione condivisa e una capacit\u00e0 coerente in tutto il team. Il piano promuove la collaborazione, aiutando i team a imparare pi\u00f9 velocemente, ad allineare i processi e ad applicare le best practice Automic in scenari reali.<\/p>\n<h4>Perch\u00e9 scegliere il Team Flat Rate?<\/h4>\n<p class=\"translation-block\">Questo livello \u00e8 il punto di ingresso ideale per le organizzazioni che desiderano <strong>istituzionalizzare le conoscenze Automic<\/strong> all'interno dei loro team. Invece di pagare i corsi separatamente, si ha la piena libert\u00e0 di apprendere, sempre e ovunque, con tutti i moduli attuali e futuri inclusi. Il modello <a href=\"https:\/\/dani020.supserv.cozmoslabs.com\/it\/university\/regione-en\/#anchor-flat\" target=\"_blank\" rel=\"noopener\"><strong>Flatrate pricing model<\/strong><\/a> elimina i colli di bottiglia dell'approvazione e consente una formazione proattiva e continua. Anche dopo pochi corsi per persona, l'investimento si ripaga da solo grazie all'aumento della produttivit\u00e0 e alla riduzione dei costi amministrativi.<\/p>\n<h4>Opzioni di apprendimento complete<\/h4>\n<ul>\n<li class=\"translation-block\">&lt;Corsi di autoapprendimento<\/strong> - Unit\u00e0 di eLearning su richiesta con quiz, laboratori ed esempi pratici per un apprendimento flessibile.<\/li>\n<li class=\"translation-block\"><strong>Classi guidate da trainer<\/strong> - Sessioni interattive con istruttori certificati <a href=\"https:\/\/dani020.supserv.cozmoslabs.com\/it\/\" target=\"_blank\" rel=\"noopener\"><strong>Tricise<\/strong><\/a> per esercitazioni guidate e discussioni approfondite.<\/li>\n<li class=\"translation-block\"><strong>Moduli per esperti<\/strong> - Argomenti specializzati tra cui scripting, funzionalit\u00e0 AI e ottimizzazione del flusso di lavoro, continuamente aggiornati per riflettere le nuove <a href=\"https:\/\/www.broadcom.com\" target=\"_blank\" rel=\"noopener\"><strong>Broadcom<\/strong><\/a> release.<\/li>\n<\/ul>\n<h4>Vantaggi principali della tariffa forfettaria di squadra<\/h4>\n<ul>\n<li class=\"translation-block\"><strong>Costi prevedibili:<\/strong> Prezzo fisso annuale per un massimo di cinque utenti, senza costi nascosti o ritardi di approvazione.<\/li>\n<li class=\"translation-block\"><strong>Crescita delle conoscenze condivise:<\/strong> la parit\u00e0 di accesso garantisce l'assenza di lacune di competenze all'interno del team.<\/li>\n<li class=\"translation-block\"><strong>RESIDUO significativo:<\/strong> Risparmiate fino a 65 % rispetto alle prenotazioni di corsi individuali, migliorando al contempo le prestazioni del team.<\/li>\n<li class=\"translation-block\"><strong>Accesso illimitato:<\/strong> Tutti i moduli Automic, i contenuti di autoapprendimento e le sessioni dal vivo sono inclusi per l'intero periodo di 12 mesi.<\/li>\n<li class=\"translation-block\"><strong>Opportunit\u00e0 di certificazione:<\/strong> I membri del team possono ottenere certificati Tricise University riconosciuti in tutti i settori.<\/li>\n<\/ul>\n<h4>Progettato per team dinamici<\/h4>\n<p class=\"translation-block\">Il <strong>Team Flat Rate<\/strong> \u00e8 stato creato per i team in rapida evoluzione che lavorano su<a href=\"http:\/\/automic.tricise.com\" target=\"_blank\" rel=\"noopener\"><strong> progetti Automic Automation<\/strong><\/a>, sia in sede che in <a href=\"https:\/\/www.broadcom.com\" target=\"_blank\" rel=\"noopener\"><strong> ambiente Broadcom SaaS<\/strong><\/a>. Garantisce un apprendimento continuo e si adatta ai cambiamenti nella composizione dei team, consentendo una facile riassegnazione delle licenze quando i dipendenti cambiano ruolo o progetto.<\/p>\n<h4>Lingua e consegna flessibili<\/h4>\n<p class=\"translation-block\">I corsi sono disponibili sia in <strong>inglese che in tedesco<\/strong> e possono essere completati come <strong>eLearning online o<\/strong> <strong>aula virtuale<\/strong>. Questa flessibilit\u00e0 consente alla vostra organizzazione di combinare i vantaggi dello studio autonomo con l'interazione e la collaborazione in tempo reale.<\/p>\n<h4>Come abbonarsi<\/h4>\n<p class=\"translation-block\">L'iscrizione \u00e8 rapida e semplice. Visitate la pagina ufficiale<a href=\"https:\/\/dani020.supserv.cozmoslabs.com\/it\/negozio\/tricise-university-automic-squadra-di-formazione-flatrate\/\" target=\"_blank\" rel=\"noopener\"><strong> Tricise University Store page<\/strong><\/a>, selezionate il pacchetto <strong>Team Flat Rate<\/strong> e completate il pagamento. Dopo la conferma del <strong>pagamento<\/strong>, l'abbonamento viene automaticamente registrato nel nostro sistema. Ogni membro del team pu\u00f2 quindi utilizzare il proprio <strong>indirizzo e-mail<\/strong> per creare un account sul<a href=\"https:\/\/university.tricise.com\" target=\"_blank\" rel=\"noopener\"><strong> portale University<\/strong><\/a>, saltando ogni ulteriore fase di pagamento. Questo garantisce l'accesso immediato e senza interruzioni a tutti i contenuti formativi per il vostro team.<\/p>\n<h4>Apprendimento scalabile per organizzazioni in crescita<\/h4>\n<p class=\"translation-block\">La tariffa forfettaria per team \u00e8 la base per scalare la vostra strategia di formazione. Man mano che la vostra organizzazione cresce, potete facilmente passare al<a href=\"https:\/\/dani020.supserv.cozmoslabs.com\/it\/university\/regione-en\/#anchor-flat\" target=\"_blank\" rel=\"noopener\"><strong> Dipartimento (Tier 2)<\/strong><\/a><br>\r\no <a href=\"https:\/\/dani020.supserv.cozmoslabs.com\/it\/university\/regione-en\/#anchor-flat\" target=\"_blank\" rel=\"noopener\"><strong>Divisione (Livello 3)<\/strong><\/a> per fornire ai team pi\u00f9 numerosi gli stessi vantaggi di apprendimento illimitati a costi per utente ancora pi\u00f9 bassi.<\/p>\n<h4>Sommario: Apprendimento senza limiti<\/h4>\n<p class=\"translation-block\">Con il <strong>Team Flat Rate Automic Training<\/strong>, i piccoli team ottengono una crescita costante delle conoscenze, una riduzione dell'impegno amministrativo e guadagni di efficienza misurabili. Il risultato \u00e8 una forza lavoro pi\u00f9 forte e agile, sempre allineata con le pi\u00f9 recenti <a href=\"https:\/\/www.broadcom.com\" target=\"_blank\" rel=\"noopener\"><strong>Broadcom Automic<\/strong><\/a> innovazioni e best practice.<\/p>\n<p style=\"margin-top: 1em;\"><a href=\"https:\/\/university.tricise.com\" target=\"_blank\" rel=\"noopener\"><strong>Per saperne di pi\u00f9 e iniziare a lavorare su Tricise University \u2192<\/strong><\/a><\/p>\n<\/section>","protected":false},"excerpt":{"rendered":"<p class=\"translation-block\">Potenziate i piccoli team con il pacchetto <strong>Team Flat Rate<\/strong>. Godetevi l'accesso illimitato all'autoapprendimento Automic, alle sessioni guidate da esperti e a tutti i moduli di formazione per 12 mesi. Progettato per gruppi di piloti e start-up, garantisce competenze costanti, un onboarding pi\u00f9 rapido e costi di formazione completamente prevedibili.<\/p>","protected":false},"featured_media":0,"comment_status":"closed","ping_status":"closed","template":"","meta":{"_acf_changed":false,"site-sidebar-layout":"default","site-content-layout":"","ast-site-content-layout":"default","site-content-style":"default","site-sidebar-style":"default","ast-global-header-display":"","ast-banner-title-visibility":"","ast-main-header-display":"","ast-hfb-above-header-display":"","ast-hfb-below-header-display":"","ast-hfb-mobile-header-display":"","site-post-title":"","ast-breadcrumbs-content":"","ast-featured-img":"","footer-sml-layout":"","ast-disable-related-posts":"","theme-transparent-header-meta":"default","adv-header-id-meta":"","stick-header-meta":"default","header-above-stick-meta":"","header-main-stick-meta":"","header-below-stick-meta":"","astra-migrate-meta-layouts":"set","ast-page-background-enabled":"default","ast-page-background-meta":{"desktop":{"background-color":"var(--ast-global-color-4)","background-image":"","background-repeat":"repeat","background-position":"center center","background-size":"auto","background-attachment":"scroll","background-type":"","background-media":"","overlay-type":"","overlay-color":"","overlay-opacity":"","overlay-gradient":""},"tablet":{"background-color":"","background-image":"","background-repeat":"repeat","background-position":"center center","background-size":"auto","background-attachment":"scroll","background-type":"","background-media":"","overlay-type":"","overlay-color":"","overlay-opacity":"","overlay-gradient":""},"mobile":{"background-color":"","background-image":"","background-repeat":"repeat","background-position":"center center","background-size":"auto","background-attachment":"scroll","background-type":"","background-media":"","overlay-type":"","overlay-color":"","overlay-opacity":"","overlay-gradient":""}},"ast-content-background-meta":{"desktop":{"background-color":"var(--ast-global-color-5)","background-image":"","background-repeat":"repeat","background-position":"center center","background-size":"auto","background-attachment":"scroll","background-type":"","background-media":"","overlay-type":"","overlay-color":"","overlay-opacity":"","overlay-gradient":""},"tablet":{"background-color":"var(--ast-global-color-5)","background-image":"","background-repeat":"repeat","background-position":"center center","background-size":"auto","background-attachment":"scroll","background-type":"","background-media":"","overlay-type":"","overlay-color":"","overlay-opacity":"","overlay-gradient":""},"mobile":{"background-color":"var(--ast-global-color-5)","background-image":"","background-repeat":"repeat","background-position":"center center","background-size":"auto","background-attachment":"scroll","background-type":"","background-media":"","overlay-type":"","overlay-color":"","overlay-opacity":"","overlay-gradient":""}}},"product_brand":[],"product_cat":[258],"product_tag":[],"class_list":{"0":"post-10374","1":"product","2":"type-product","3":"status-publish","5":"product_cat-shop-university","6":"desktop-align-left","7":"tablet-align-left","8":"mobile-align-left","10":"first","11":"instock","12":"taxable","13":"shipping-taxable","14":"purchasable","15":"product-type-simple"},"acf":[],"_links":{"self":[{"href":"https:\/\/dani020.supserv.cozmoslabs.com\/it\/wp-json\/wp\/v2\/product\/10374","targetHints":{"allow":["GET"]}}],"collection":[{"href":"https:\/\/dani020.supserv.cozmoslabs.com\/it\/wp-json\/wp\/v2\/product"}],"about":[{"href":"https:\/\/dani020.supserv.cozmoslabs.com\/it\/wp-json\/wp\/v2\/types\/product"}],"replies":[{"embeddable":true,"href":"https:\/\/dani020.supserv.cozmoslabs.com\/it\/wp-json\/wp\/v2\/comments?post=10374"}],"wp:attachment":[{"href":"https:\/\/dani020.supserv.cozmoslabs.com\/it\/wp-json\/wp\/v2\/media?parent=10374"}],"wp:term":[{"taxonomy":"product_brand","embeddable":true,"href":"https:\/\/dani020.supserv.cozmoslabs.com\/it\/wp-json\/wp\/v2\/product_brand?post=10374"},{"taxonomy":"product_cat","embeddable":true,"href":"https:\/\/dani020.supserv.cozmoslabs.com\/it\/wp-json\/wp\/v2\/product_cat?post=10374"},{"taxonomy":"product_tag","embeddable":true,"href":"https:\/\/dani020.supserv.cozmoslabs.com\/it\/wp-json\/wp\/v2\/product_tag?post=10374"}],"curies":[{"name":"wp","href":"https:\/\/api.w.org\/{rel}","templated":true}]}}