{"id":10381,"date":"2025-09-22T15:08:21","date_gmt":"2025-09-22T13:08:21","guid":{"rendered":"https:\/\/b417hp-c.myrdbx.io\/?post_type=product&#038;p=10381"},"modified":"2026-03-30T13:26:39","modified_gmt":"2026-03-30T11:26:39","slug":"tricise-university-automic-divisione-formazione-forfettaria","status":"publish","type":"product","link":"https:\/\/dani020.supserv.cozmoslabs.com\/it\/shop\/tricise-university-automic-training-division-flat-rate\/","title":{"rendered":"Automic Formazione di livello 3: tariffa forfettaria della divisione <br>(max. 25 utenti)"},"content":{"rendered":"<section id=\"tier-3\" aria-labelledby=\"tier-3-title\">\n<h3 id=\"tier-3-title\"><strong>Automic Formazione Livello 3: Tariffa forfettaria della divisione (max. 25 utenti)<\/strong><\/h3>\n<p class=\"translation-block\">La <strong>Formazione forfettaria di divisione Automic<\/strong> si applica ai programmi di formazione<a href=\"https:\/\/university.tricise.com\" target=\"_blank\" rel=\"noopener\"><strong> Automic<\/strong><\/a> presso<a href=\"https:\/\/dani020.supserv.cozmoslabs.com\/it\/university\/regione-en\/#anchor-flat\" target=\"_blank\" rel=\"noopener\"><strong> Tricise University<\/strong><\/a>. \u00c8 progettato specificamente per le unit\u00e0 aziendali o le divisioni pi\u00f9 grandi con un massimo di <strong>25 discenti attivi<\/strong>. Questo abbonamento di <strong>12 mesi<\/strong> fornisce un accesso illimitato a tutti i corsi di autoapprendimento, ai corsi guidati da un formatore e ai moduli specializzati Automic, assicurando che l'intera divisione benefici di una formazione costante e di alta qualit\u00e0.<\/p>\n<h4>Responsabilizzare le divisioni con una formazione illimitata<\/h4>\n<p class=\"translation-block\">La <strong>Division Flat Rate<\/strong> consente alle grandi organizzazioni di allineare le conoscenze tra pi\u00f9 team contemporaneamente. Invece di budget di formazione frammentati o di allocazioni limitate di corsi, ogni utente della divisione ha le stesse opportunit\u00e0 di migliorare le proprie competenze<a href=\"http:\/\/automic.tricise.com\" target=\"_blank\" rel=\"noopener\"><strong> Automic Automation<\/strong><\/a>. In questo modo si promuove la collaborazione, si garantisce un'esecuzione pi\u00f9 rapida dei progetti e si crea un insieme di competenze unificate tra i vari reparti.<\/p>\n<h4>Perch\u00e9 scegliere la tariffa forfettaria della Divisione?<\/h4>\n<p class=\"translation-block\">Per le organizzazioni con diversi team interconnessi, la tariffa forfettaria di divisione offre <strong>costi prevedibili<\/strong> e una base di formazione condivisa. Grazie all'accesso illimitato, gli utenti possono aggiornare continuamente le proprie competenze per adeguarsi alle ultime<a href=\"https:\/\/www.broadcom.com\" target=\"_blank\" rel=\"noopener\"><strong> release e innovazioni Broadcom Automic<\/strong><\/a>. Offrendo una copertura completa per un massimo di 25 discenti, le aziende si assicurano che non rimangano lacune nelle competenze, rendendo questo livello una pietra miliare per le strategie di automazione sostenibili.<\/p>\n<h4>Portafoglio di apprendimento completo<\/h4>\n<ul>\n<li class=\"translation-block\"><strong>Elearning in autoapprendimento<\/strong> - Unit\u00e0 formative flessibili e on-demand con laboratori interattivi, quiz e certificazioni.<\/li>\n<li class=\"translation-block\"><strong>Corsi tenuti da trainer<\/strong> - Sessioni dal vivo con esperti certificati <a href=\"https:\/\/dani020.supserv.cozmoslabs.com\/it\/\" target=\"_blank\" rel=\"noopener\"><strong>Tricise experts<\/strong><\/a> per un trasferimento approfondito delle conoscenze.<\/li>\n<li class=\"translation-block\"><strong>Moduli avanzati Automic<\/strong> - Aggiornamenti continui su scripting, funzionalit\u00e0 AI e ottimizzazione del flusso di lavoro.<\/li>\n<li class=\"translation-block\"><strong>Opzioni di apprendimento misto<\/strong> - Combinate l'autoapprendimento digitale con sessioni interattive per soddisfare le preferenze del team.<\/li>\n<\/ul>\n<h4>Vantaggi principali della tariffa forfettaria della Divisione<\/h4>\n<ul>\n<li class=\"translation-block\">&lt;ROI significativo:<\/strong> Risparmi fino a 65% rispetto alle prenotazioni individuali.<\/li>\n<li class=\"translation-block\"><strong>Conoscenza a livello di divisione:<\/strong> Garantire una competenza coerente tra un massimo di 25 utenti.<\/li>\n<li class=\"translation-block\"><strong>Accesso illimitato:<\/strong> Tutti i corsi Automic attuali e futuri inclusi durante l'abbonamento.<\/li>\n<li class=\"translation-block\"><strong>Standardizzazione:<\/strong> Costruire un approccio unificato all'automazione tra pi\u00f9 team.<\/li>\n<li class=\"translation-block\"><strong>Percorsi di certificazione:<\/strong> Responsabilizzare il personale con i certificati ufficiali Tricise University.<\/li>\n<\/ul>\n<h4>Flessibilit\u00e0 nella lingua e nella consegna<\/h4>\n<p class=\"translation-block\">Il <strong>Division Flat Rate<\/strong> offre formazione sia in <strong>inglese che in tedesco<\/strong>, disponibile come <strong>eLearning<\/strong>, <strong>sessioni virtuali<\/strong> o <strong>workshop in loco<\/strong>. In questo modo i team globali o le divisioni con pi\u00f9 dipartimenti possono accedere alla formazione nel formato pi\u00f9 efficace per le loro esigenze.<\/p>\n<h4>Chi beneficia maggiormente del Tier 3?<\/h4>\n<p class=\"translation-block\">Il <strong>Division Flat Rate<\/strong> \u00e8 ideale per le aziende in cui pi\u00f9 dipartimenti o grandi team si affidano a<a href=\"http:\/\/automic.tricise.com\" target=\"_blank\" rel=\"noopener\"><strong> Automic Automation<\/strong><\/a>. Garantisce la scalabilit\u00e0, rendendola particolarmente preziosa per le aziende in fase di rapida trasformazione digitale, fusioni o implementazioni globali in cui la conoscenza standardizzata dell'automazione \u00e8 fondamentale.<\/p>\n<h4>Come abbonarsi<\/h4>\n<p class=\"translation-block\">L'iscrizione \u00e8 semplice. Visitare la pagina ufficiale<a href=\"https:\/\/dani020.supserv.cozmoslabs.com\/it\/negozio\/tricise-university-automic-squadra-di-formazione-forfettaria-3\/\" target=\"_blank\" rel=\"noopener\"><strong> Tricise University Store page<\/strong><\/a>, scegliere la <strong>Divisione Flat Rate<\/strong> e completare il pagamento.\r\nUna volta confermato il pagamento, l'abbonamento viene automaticamente registrato nel nostro sistema. I membri del team possono quindi <strong>registrarsi direttamente con i loro indirizzi e-mail<\/strong> sul<a href=\"https:\/\/university.tricise.com\" target=\"_blank\" rel=\"noopener\"><strong> portale University<\/strong><\/a>, saltando ogni ulteriore fase di pagamento. Questo processo semplificato garantisce un accesso immediato e senza problemi per un massimo di 25 utenti.<\/p>\n<h4>Scalabilit\u00e0 per aziende in crescita<\/h4>\n<p class=\"translation-block\">La <strong>Division Flat Rate<\/strong> fornisce una base scalabile per le organizzazioni che desiderano espandere le proprie iniziative di formazione. Per implementazioni ancora pi\u00f9 ampie, Tricise pu\u00f2 supportare soluzioni di formazione aziendale personalizzate che vanno oltre il Tier 3, garantendo flessibilit\u00e0 per implementazioni globali e ambienti altamente complessi.<\/p>\n<h4>Sommario: Apprendimento senza limiti a livello di divisione<\/h4>\n<p class=\"translation-block\">Con il <strong>Division Flat Rate Automic Training<\/strong>, le grandi organizzazioni ottengono una distribuzione coerente delle conoscenze, la massima efficienza in termini di costi e best practice standardizzate tra pi\u00f9 team. Questo livello garantisce che intere divisioni rimangano allineate con le ultime <a href=\"https:\/\/www.broadcom.com\" target=\"_blank\" rel=\"noopener\"><strong>Broadcom Automic Automation<\/strong><\/a> release e possano sfruttare l'automazione come vantaggio strategico.<\/p>\n<p style=\"margin-top: 1em;\"><a href=\"https:\/\/university.tricise.com\" target=\"_blank\" rel=\"noopener\"><strong>Per saperne di pi\u00f9 e iniziare a lavorare su Tricise University \u2192<\/strong><\/a><\/p>\n<\/section>","protected":false},"excerpt":{"rendered":"<p class=\"translation-block\">Scalate le conoscenze in unit\u00e0 pi\u00f9 grandi con il piano <strong>Division Flat Rate<\/strong>. Questo piano sblocca un numero illimitato di corsi di formazione Automic per un massimo di 25 utenti nell'arco di 12 mesi, creando una base di competenze unificata per pi\u00f9 team e reparti. Favorisce la collaborazione, snellisce i progetti e consente di ottenere significativi risparmi a lungo termine.<\/p>","protected":false},"featured_media":0,"comment_status":"closed","ping_status":"closed","template":"","meta":{"_acf_changed":false,"site-sidebar-layout":"default","site-content-layout":"","ast-site-content-layout":"default","site-content-style":"default","site-sidebar-style":"default","ast-global-header-display":"","ast-banner-title-visibility":"","ast-main-header-display":"","ast-hfb-above-header-display":"","ast-hfb-below-header-display":"","ast-hfb-mobile-header-display":"","site-post-title":"","ast-breadcrumbs-content":"","ast-featured-img":"","footer-sml-layout":"","ast-disable-related-posts":"","theme-transparent-header-meta":"default","adv-header-id-meta":"","stick-header-meta":"default","header-above-stick-meta":"","header-main-stick-meta":"","header-below-stick-meta":"","astra-migrate-meta-layouts":"set","ast-page-background-enabled":"default","ast-page-background-meta":{"desktop":{"background-color":"var(--ast-global-color-4)","background-image":"","background-repeat":"repeat","background-position":"center center","background-size":"auto","background-attachment":"scroll","background-type":"","background-media":"","overlay-type":"","overlay-color":"","overlay-opacity":"","overlay-gradient":""},"tablet":{"background-color":"","background-image":"","background-repeat":"repeat","background-position":"center center","background-size":"auto","background-attachment":"scroll","background-type":"","background-media":"","overlay-type":"","overlay-color":"","overlay-opacity":"","overlay-gradient":""},"mobile":{"background-color":"","background-image":"","background-repeat":"repeat","background-position":"center center","background-size":"auto","background-attachment":"scroll","background-type":"","background-media":"","overlay-type":"","overlay-color":"","overlay-opacity":"","overlay-gradient":""}},"ast-content-background-meta":{"desktop":{"background-color":"var(--ast-global-color-5)","background-image":"","background-repeat":"repeat","background-position":"center center","background-size":"auto","background-attachment":"scroll","background-type":"","background-media":"","overlay-type":"","overlay-color":"","overlay-opacity":"","overlay-gradient":""},"tablet":{"background-color":"var(--ast-global-color-5)","background-image":"","background-repeat":"repeat","background-position":"center center","background-size":"auto","background-attachment":"scroll","background-type":"","background-media":"","overlay-type":"","overlay-color":"","overlay-opacity":"","overlay-gradient":""},"mobile":{"background-color":"var(--ast-global-color-5)","background-image":"","background-repeat":"repeat","background-position":"center center","background-size":"auto","background-attachment":"scroll","background-type":"","background-media":"","overlay-type":"","overlay-color":"","overlay-opacity":"","overlay-gradient":""}}},"product_brand":[],"product_cat":[258],"product_tag":[],"class_list":{"0":"post-10381","1":"product","2":"type-product","3":"status-publish","5":"product_cat-shop-university","6":"desktop-align-left","7":"tablet-align-left","8":"mobile-align-left","10":"first","11":"instock","12":"taxable","13":"shipping-taxable","14":"purchasable","15":"product-type-simple"},"acf":[],"_links":{"self":[{"href":"https:\/\/dani020.supserv.cozmoslabs.com\/it\/wp-json\/wp\/v2\/product\/10381","targetHints":{"allow":["GET"]}}],"collection":[{"href":"https:\/\/dani020.supserv.cozmoslabs.com\/it\/wp-json\/wp\/v2\/product"}],"about":[{"href":"https:\/\/dani020.supserv.cozmoslabs.com\/it\/wp-json\/wp\/v2\/types\/product"}],"replies":[{"embeddable":true,"href":"https:\/\/dani020.supserv.cozmoslabs.com\/it\/wp-json\/wp\/v2\/comments?post=10381"}],"wp:attachment":[{"href":"https:\/\/dani020.supserv.cozmoslabs.com\/it\/wp-json\/wp\/v2\/media?parent=10381"}],"wp:term":[{"taxonomy":"product_brand","embeddable":true,"href":"https:\/\/dani020.supserv.cozmoslabs.com\/it\/wp-json\/wp\/v2\/product_brand?post=10381"},{"taxonomy":"product_cat","embeddable":true,"href":"https:\/\/dani020.supserv.cozmoslabs.com\/it\/wp-json\/wp\/v2\/product_cat?post=10381"},{"taxonomy":"product_tag","embeddable":true,"href":"https:\/\/dani020.supserv.cozmoslabs.com\/it\/wp-json\/wp\/v2\/product_tag?post=10381"}],"curies":[{"name":"wp","href":"https:\/\/api.w.org\/{rel}","templated":true}]}}