{"id":6169,"date":"2025-06-30T11:33:35","date_gmt":"2025-06-30T09:33:35","guid":{"rendered":"https:\/\/b417hp-c.myrdbx.io\/?post_type=product&#038;p=6169"},"modified":"2025-11-28T15:57:44","modified_gmt":"2025-11-28T14:57:44","slug":"previsioni-sullautomazione","status":"publish","type":"product","link":"https:\/\/dani020.supserv.cozmoslabs.com\/it\/shop\/automation-forecast\/","title":{"rendered":"Previsioni sull'automazione"},"content":{"rendered":"<div class=\"elementor-element elementor-element-b690223 elementor-widget elementor-widget-heading\" data-id=\"b690223\" data-element_type=\"widget\" data-widget_type=\"heading.default\">\n<div class=\"elementor-widget-container\">\n<h2 class=\"elementor-heading-title elementor-size-default\">Panoramica<\/h2>\n<\/div>\n<\/div>\n<div class=\"elementor-element elementor-element-d4c06e5 elementor-widget elementor-widget-text-editor\" data-id=\"d4c06e5\" data-element_type=\"widget\" data-widget_type=\"text-editor.default\">\n<div class=\"elementor-widget-container\">\n<p>Migliorare la pianificazione del carico di lavoro nell'Automic con l'opzione\u00a0<strong>Pacchetto d'azione per le previsioni di automazione<\/strong>, fornendo\u00a0<strong>elenchi previsionali completi<\/strong>\u00a0per una pianificazione efficiente della programmazione e della manutenzione. Questo potente strumento consente di anticipare e prepararsi a scenari chiave, come ad esempio capire quali lavori verranno eseguiti durante la finestra di manutenzione del prossimo fine settimana, identificare le esecuzioni programmate per un'applicazione specifica durante periodi critici come l'elaborazione di fine anno o semplicemente individuare quando un particolare lavoro \u00e8 impostato per essere eseguito. Ogni report generato dall'Automation Forecast Action Pack \u00e8 altamente personalizzabile per soddisfare le vostre esigenze specifiche, offrendo la possibilit\u00e0 di concentrarsi su particolari selezioni di oggetti, di includere informazioni dettagliate o solo panoramiche di primo livello e di configurare i campi visualizzati. Con questo Action Pack \u00e8 possibile gestire in modo proattivo il carico di lavoro, ridurre al minimo le interruzioni e prendere decisioni ben informate sull'ambiente Automic.<\/p>\n<\/div>\n<\/div>","protected":false},"excerpt":{"rendered":"<p>Migliorate la vostra programmazione dei lavori con il nostro\u00a0<strong>Pacchetto d'azione per le previsioni di automazione<\/strong>. Questo strumento espande le capacit\u00e0 di previsione dell'Automic, consentendo una visione dettagliata delle pianificazioni giornaliere, mensili e annuali. Risponde facilmente a domande critiche sulla tempistica dei lavori, sui processi di applicazione e sui preparativi per la fine dell'anno, per ottimizzare il flusso di lavoro.<\/p>","protected":false},"featured_media":0,"comment_status":"closed","ping_status":"closed","template":"","meta":{"_acf_changed":false,"site-sidebar-layout":"default","site-content-layout":"","ast-site-content-layout":"default","site-content-style":"default","site-sidebar-style":"default","ast-global-header-display":"","ast-banner-title-visibility":"","ast-main-header-display":"","ast-hfb-above-header-display":"","ast-hfb-below-header-display":"","ast-hfb-mobile-header-display":"","site-post-title":"","ast-breadcrumbs-content":"","ast-featured-img":"","footer-sml-layout":"","ast-disable-related-posts":"","theme-transparent-header-meta":"default","adv-header-id-meta":"","stick-header-meta":"default","header-above-stick-meta":"","header-main-stick-meta":"","header-below-stick-meta":"","astra-migrate-meta-layouts":"set","ast-page-background-enabled":"default","ast-page-background-meta":{"desktop":{"background-color":"var(--ast-global-color-4)","background-image":"","background-repeat":"repeat","background-position":"center center","background-size":"auto","background-attachment":"scroll","background-type":"","background-media":"","overlay-type":"","overlay-color":"","overlay-opacity":"","overlay-gradient":""},"tablet":{"background-color":"","background-image":"","background-repeat":"repeat","background-position":"center center","background-size":"auto","background-attachment":"scroll","background-type":"","background-media":"","overlay-type":"","overlay-color":"","overlay-opacity":"","overlay-gradient":""},"mobile":{"background-color":"","background-image":"","background-repeat":"repeat","background-position":"center center","background-size":"auto","background-attachment":"scroll","background-type":"","background-media":"","overlay-type":"","overlay-color":"","overlay-opacity":"","overlay-gradient":""}},"ast-content-background-meta":{"desktop":{"background-color":"var(--ast-global-color-5)","background-image":"","background-repeat":"repeat","background-position":"center center","background-size":"auto","background-attachment":"scroll","background-type":"","background-media":"","overlay-type":"","overlay-color":"","overlay-opacity":"","overlay-gradient":""},"tablet":{"background-color":"var(--ast-global-color-5)","background-image":"","background-repeat":"repeat","background-position":"center center","background-size":"auto","background-attachment":"scroll","background-type":"","background-media":"","overlay-type":"","overlay-color":"","overlay-opacity":"","overlay-gradient":""},"mobile":{"background-color":"var(--ast-global-color-5)","background-image":"","background-repeat":"repeat","background-position":"center center","background-size":"auto","background-attachment":"scroll","background-type":"","background-media":"","overlay-type":"","overlay-color":"","overlay-opacity":"","overlay-gradient":""}}},"product_brand":[],"product_cat":[84],"product_tag":[],"class_list":{"0":"post-6169","1":"product","2":"type-product","3":"status-publish","5":"product_cat-action-pack","6":"desktop-align-left","7":"tablet-align-left","8":"mobile-align-left","10":"first","11":"instock","12":"downloadable","13":"taxable","14":"shipping-taxable","15":"purchasable","16":"product-type-simple"},"acf":[],"_links":{"self":[{"href":"https:\/\/dani020.supserv.cozmoslabs.com\/it\/wp-json\/wp\/v2\/product\/6169","targetHints":{"allow":["GET"]}}],"collection":[{"href":"https:\/\/dani020.supserv.cozmoslabs.com\/it\/wp-json\/wp\/v2\/product"}],"about":[{"href":"https:\/\/dani020.supserv.cozmoslabs.com\/it\/wp-json\/wp\/v2\/types\/product"}],"replies":[{"embeddable":true,"href":"https:\/\/dani020.supserv.cozmoslabs.com\/it\/wp-json\/wp\/v2\/comments?post=6169"}],"wp:attachment":[{"href":"https:\/\/dani020.supserv.cozmoslabs.com\/it\/wp-json\/wp\/v2\/media?parent=6169"}],"wp:term":[{"taxonomy":"product_brand","embeddable":true,"href":"https:\/\/dani020.supserv.cozmoslabs.com\/it\/wp-json\/wp\/v2\/product_brand?post=6169"},{"taxonomy":"product_cat","embeddable":true,"href":"https:\/\/dani020.supserv.cozmoslabs.com\/it\/wp-json\/wp\/v2\/product_cat?post=6169"},{"taxonomy":"product_tag","embeddable":true,"href":"https:\/\/dani020.supserv.cozmoslabs.com\/it\/wp-json\/wp\/v2\/product_tag?post=6169"}],"curies":[{"name":"wp","href":"https:\/\/api.w.org\/{rel}","templated":true}]}}